{"id":38665,"date":"2025-02-06T09:10:41","date_gmt":"2025-02-06T08:10:41","guid":{"rendered":"https:\/\/exparto.pl\/produkt\/tuleja-do-zeba-palca-l880-50x110-mm\/"},"modified":"2026-03-26T21:00:16","modified_gmt":"2026-03-26T20:00:16","slug":"tuleja-do-zeba-palca-l880-50x110-mm","status":"publish","type":"product","link":"https:\/\/exparto.pl\/sk\/produkt\/tuleja-do-zeba-palca-l880-50x110-mm\/","title":{"rendered":"Tuleja (fi-50mm) do z\u0119ba palca \u0142adowacza L-880mm, \u015brednica zew.50mm,\u00a0d\u0142.110mm"},"content":{"rendered":"<p style=\"text-align: justify\">Tuleja z\u0119ba 50&#215;110.<\/p>\n<p style=\"text-align: justify\"><b>Zastosowanie:<\/b><\/p>\n<\/p>\n<ul>\n<li style=\"text-align: justify\">Z\u0105b \u0142adowacza L-880mm\u00a0<\/li>\n<\/ul>\n<div style=\"text-align: justify\"><b>Numer katalogowy:<\/b><\/div>\n<div style=\"text-align: justify\">\n<ul>\n<li>K083<\/li>\n<\/ul>\n<\/div>\n","protected":false},"excerpt":{"rendered":"<p style=\"text-align: justify\">Tuleja z\u0119ba 50&#215;110.<\/p>\n","protected":false},"featured_media":38777,"comment_status":"open","ping_status":"closed","template":"","meta":{"_acf_changed":false,"inline_featured_image":false},"product_brand":[],"product_cat":[46,59,101],"product_tag":[],"class_list":{"0":"post-38665","1":"product","2":"type-product","3":"status-publish","4":"has-post-thumbnail","6":"product_cat-czesci-do-ladowaczy-czolowych","7":"product_cat-palce-sprezyste","8":"product_cat-tuleje-do-zebow","10":"first","11":"instock","12":"taxable","13":"shipping-taxable","14":"purchasable","15":"product-type-simple"},"acf":[],"yoast_head":"<!-- This site is optimized with the Yoast SEO plugin v27.2 - https:\/\/yoast.com\/product\/yoast-seo-wordpress\/ -->\n<title>Tuleja (fi-50mm) do z\u0119ba palca \u0142adowacza L-880mm, \u015brednica zew.50mm,\u00a0d\u0142.110mm - Exparto.pl<\/title>\n<meta name=\"robots\" content=\"index, follow, max-snippet:-1, max-image-preview:large, max-video-preview:-1\" \/>\n<link rel=\"canonical\" href=\"https:\/\/exparto.pl\/sk\/produkt\/tuleja-do-zeba-palca-l880-50x110-mm\/\" \/>\n<meta property=\"og:locale\" content=\"sk_SK\" \/>\n<meta property=\"og:type\" content=\"article\" \/>\n<meta property=\"og:title\" content=\"Tuleja (fi-50mm) do z\u0119ba palca \u0142adowacza L-880mm, \u015brednica zew.50mm,\u00a0d\u0142.110mm - Exparto.pl\" \/>\n<meta property=\"og:description\" content=\"Tuleja z\u0119ba 50x110.\" \/>\n<meta property=\"og:url\" content=\"https:\/\/exparto.pl\/sk\/produkt\/tuleja-do-zeba-palca-l880-50x110-mm\/\" \/>\n<meta property=\"og:site_name\" content=\"Exparto.pl\" \/>\n<meta property=\"article:publisher\" content=\"https:\/\/www.facebook.com\/exparto.agro\/\" \/>\n<meta property=\"article:modified_time\" content=\"2026-03-26T20:00:16+00:00\" \/>\n<meta property=\"og:image\" content=\"https:\/\/exparto.pl\/wp-content\/uploads\/2025\/02\/0128_18c.jpg\" \/>\n\t<meta property=\"og:image:width\" content=\"1200\" \/>\n\t<meta property=\"og:image:height\" content=\"1200\" \/>\n\t<meta property=\"og:image:type\" content=\"image\/jpeg\" \/>\n<meta name=\"twitter:card\" content=\"summary_large_image\" \/>\n<meta name=\"twitter:label1\" content=\"Predpokladan\u00fd \u010das \u010d\u00edtania\" \/>\n\t<meta name=\"twitter:data1\" content=\"1 min\u00fata\" \/>\n<script type=\"application\/ld+json\" class=\"yoast-schema-graph\">{\"@context\":\"https:\/\/schema.org\",\"@graph\":[{\"@type\":\"WebPage\",\"@id\":\"https:\/\/exparto.pl\/sk\/produkt\/tuleja-do-zeba-palca-l880-50x110-mm\/\",\"url\":\"https:\/\/exparto.pl\/sk\/produkt\/tuleja-do-zeba-palca-l880-50x110-mm\/\",\"name\":\"Tuleja (fi-50mm) do z\u0119ba palca \u0142adowacza L-880mm, \u015brednica zew.50mm,\u00a0d\u0142.110mm - Exparto.pl\",\"isPartOf\":{\"@id\":\"https:\/\/exparto.pl\/sk\/#website\"},\"primaryImageOfPage\":{\"@id\":\"https:\/\/exparto.pl\/sk\/produkt\/tuleja-do-zeba-palca-l880-50x110-mm\/#primaryimage\"},\"image\":{\"@id\":\"https:\/\/exparto.pl\/sk\/produkt\/tuleja-do-zeba-palca-l880-50x110-mm\/#primaryimage\"},\"thumbnailUrl\":\"https:\/\/exparto.pl\/wp-content\/uploads\/2025\/02\/3b1ef360eb53ee2a519fe152c387e025.jpg\",\"datePublished\":\"2025-02-06T08:10:41+00:00\",\"dateModified\":\"2026-03-26T20:00:16+00:00\",\"breadcrumb\":{\"@id\":\"https:\/\/exparto.pl\/sk\/produkt\/tuleja-do-zeba-palca-l880-50x110-mm\/#breadcrumb\"},\"inLanguage\":\"sk-SK\",\"potentialAction\":[{\"@type\":\"ReadAction\",\"target\":[\"https:\/\/exparto.pl\/sk\/produkt\/tuleja-do-zeba-palca-l880-50x110-mm\/\"]}]},{\"@type\":\"ImageObject\",\"inLanguage\":\"sk-SK\",\"@id\":\"https:\/\/exparto.pl\/sk\/produkt\/tuleja-do-zeba-palca-l880-50x110-mm\/#primaryimage\",\"url\":\"https:\/\/exparto.pl\/wp-content\/uploads\/2025\/02\/3b1ef360eb53ee2a519fe152c387e025.jpg\",\"contentUrl\":\"https:\/\/exparto.pl\/wp-content\/uploads\/2025\/02\/3b1ef360eb53ee2a519fe152c387e025.jpg\",\"width\":1200,\"height\":1200},{\"@type\":\"BreadcrumbList\",\"@id\":\"https:\/\/exparto.pl\/sk\/produkt\/tuleja-do-zeba-palca-l880-50x110-mm\/#breadcrumb\",\"itemListElement\":[{\"@type\":\"ListItem\",\"position\":1,\"name\":\"Domovsk\u00e1 str\u00e1nka\",\"item\":\"https:\/\/exparto.pl\/sk\/domovska-stranka\/\"},{\"@type\":\"ListItem\",\"position\":2,\"name\":\"Sklep\",\"item\":\"https:\/\/exparto.pl\/sklep\/\"},{\"@type\":\"ListItem\",\"position\":3,\"name\":\"N\u00e1hradn\u00e9 diely pre \u010deln\u00e9 naklada\u010de\",\"item\":\"https:\/\/exparto.pl\/sk\/kategoria-produktov\/nahradne-diely-pre-celne-nakladace\/\"},{\"@type\":\"ListItem\",\"position\":4,\"name\":\"Jarn\u00e9 prsty\",\"item\":\"https:\/\/exparto.pl\/sk\/kategoria-produktov\/nahradne-diely-pre-celne-nakladace\/jarne-prsty\/\"},{\"@type\":\"ListItem\",\"position\":5,\"name\":\"Puzdr\u00e1 zubov\",\"item\":\"https:\/\/exparto.pl\/sk\/kategoria-produktov\/nahradne-diely-pre-celne-nakladace\/jarne-prsty\/puzdra-zubov\/\"},{\"@type\":\"ListItem\",\"position\":6,\"name\":\"Tuleja (fi-50mm) do z\u0119ba palca \u0142adowacza L-880mm, \u015brednica zew.50mm,\u00a0d\u0142.110mm\"}]},{\"@type\":\"WebSite\",\"@id\":\"https:\/\/exparto.pl\/sk\/#website\",\"url\":\"https:\/\/exparto.pl\/sk\/\",\"name\":\"EXPARTO\",\"description\":\"More than agro parts\",\"publisher\":{\"@id\":\"https:\/\/exparto.pl\/sk\/#organization\"},\"potentialAction\":[{\"@type\":\"SearchAction\",\"target\":{\"@type\":\"EntryPoint\",\"urlTemplate\":\"https:\/\/exparto.pl\/sk\/?s={search_term_string}\"},\"query-input\":{\"@type\":\"PropertyValueSpecification\",\"valueRequired\":true,\"valueName\":\"search_term_string\"}}],\"inLanguage\":\"sk-SK\"},{\"@type\":\"Organization\",\"@id\":\"https:\/\/exparto.pl\/sk\/#organization\",\"name\":\"EXPARTO\",\"url\":\"https:\/\/exparto.pl\/sk\/\",\"logo\":{\"@type\":\"ImageObject\",\"inLanguage\":\"sk-SK\",\"@id\":\"https:\/\/exparto.pl\/sk\/#\/schema\/logo\/image\/\",\"url\":\"https:\/\/exparto.pl\/wp-content\/uploads\/2023\/02\/logo-wektor.png\",\"contentUrl\":\"https:\/\/exparto.pl\/wp-content\/uploads\/2023\/02\/logo-wektor.png\",\"width\":1338,\"height\":143,\"caption\":\"EXPARTO\"},\"image\":{\"@id\":\"https:\/\/exparto.pl\/sk\/#\/schema\/logo\/image\/\"},\"sameAs\":[\"https:\/\/www.facebook.com\/exparto.agro\/\"]}]}<\/script>\n<!-- \/ Yoast SEO plugin. -->","yoast_head_json":{"title":"Tuleja (fi-50mm) do z\u0119ba palca \u0142adowacza L-880mm, \u015brednica zew.50mm,\u00a0d\u0142.110mm - Exparto.pl","robots":{"index":"index","follow":"follow","max-snippet":"max-snippet:-1","max-image-preview":"max-image-preview:large","max-video-preview":"max-video-preview:-1"},"canonical":"https:\/\/exparto.pl\/sk\/produkt\/tuleja-do-zeba-palca-l880-50x110-mm\/","og_locale":"sk_SK","og_type":"article","og_title":"Tuleja (fi-50mm) do z\u0119ba palca \u0142adowacza L-880mm, \u015brednica zew.50mm,\u00a0d\u0142.110mm - Exparto.pl","og_description":"Tuleja z\u0119ba 50x110.","og_url":"https:\/\/exparto.pl\/sk\/produkt\/tuleja-do-zeba-palca-l880-50x110-mm\/","og_site_name":"Exparto.pl","article_publisher":"https:\/\/www.facebook.com\/exparto.agro\/","article_modified_time":"2026-03-26T20:00:16+00:00","og_image":[{"width":1200,"height":1200,"url":"https:\/\/exparto.pl\/wp-content\/uploads\/2025\/02\/0128_18c.jpg","type":"image\/jpeg"}],"twitter_card":"summary_large_image","twitter_misc":{"Predpokladan\u00fd \u010das \u010d\u00edtania":"1 min\u00fata"},"schema":{"@context":"https:\/\/schema.org","@graph":[{"@type":"WebPage","@id":"https:\/\/exparto.pl\/sk\/produkt\/tuleja-do-zeba-palca-l880-50x110-mm\/","url":"https:\/\/exparto.pl\/sk\/produkt\/tuleja-do-zeba-palca-l880-50x110-mm\/","name":"Tuleja (fi-50mm) do z\u0119ba palca \u0142adowacza L-880mm, \u015brednica zew.50mm,\u00a0d\u0142.110mm - Exparto.pl","isPartOf":{"@id":"https:\/\/exparto.pl\/sk\/#website"},"primaryImageOfPage":{"@id":"https:\/\/exparto.pl\/sk\/produkt\/tuleja-do-zeba-palca-l880-50x110-mm\/#primaryimage"},"image":{"@id":"https:\/\/exparto.pl\/sk\/produkt\/tuleja-do-zeba-palca-l880-50x110-mm\/#primaryimage"},"thumbnailUrl":"https:\/\/exparto.pl\/wp-content\/uploads\/2025\/02\/3b1ef360eb53ee2a519fe152c387e025.jpg","datePublished":"2025-02-06T08:10:41+00:00","dateModified":"2026-03-26T20:00:16+00:00","breadcrumb":{"@id":"https:\/\/exparto.pl\/sk\/produkt\/tuleja-do-zeba-palca-l880-50x110-mm\/#breadcrumb"},"inLanguage":"sk-SK","potentialAction":[{"@type":"ReadAction","target":["https:\/\/exparto.pl\/sk\/produkt\/tuleja-do-zeba-palca-l880-50x110-mm\/"]}]},{"@type":"ImageObject","inLanguage":"sk-SK","@id":"https:\/\/exparto.pl\/sk\/produkt\/tuleja-do-zeba-palca-l880-50x110-mm\/#primaryimage","url":"https:\/\/exparto.pl\/wp-content\/uploads\/2025\/02\/3b1ef360eb53ee2a519fe152c387e025.jpg","contentUrl":"https:\/\/exparto.pl\/wp-content\/uploads\/2025\/02\/3b1ef360eb53ee2a519fe152c387e025.jpg","width":1200,"height":1200},{"@type":"BreadcrumbList","@id":"https:\/\/exparto.pl\/sk\/produkt\/tuleja-do-zeba-palca-l880-50x110-mm\/#breadcrumb","itemListElement":[{"@type":"ListItem","position":1,"name":"Domovsk\u00e1 str\u00e1nka","item":"https:\/\/exparto.pl\/sk\/domovska-stranka\/"},{"@type":"ListItem","position":2,"name":"Sklep","item":"https:\/\/exparto.pl\/sklep\/"},{"@type":"ListItem","position":3,"name":"N\u00e1hradn\u00e9 diely pre \u010deln\u00e9 naklada\u010de","item":"https:\/\/exparto.pl\/sk\/kategoria-produktov\/nahradne-diely-pre-celne-nakladace\/"},{"@type":"ListItem","position":4,"name":"Jarn\u00e9 prsty","item":"https:\/\/exparto.pl\/sk\/kategoria-produktov\/nahradne-diely-pre-celne-nakladace\/jarne-prsty\/"},{"@type":"ListItem","position":5,"name":"Puzdr\u00e1 zubov","item":"https:\/\/exparto.pl\/sk\/kategoria-produktov\/nahradne-diely-pre-celne-nakladace\/jarne-prsty\/puzdra-zubov\/"},{"@type":"ListItem","position":6,"name":"Tuleja (fi-50mm) do z\u0119ba palca \u0142adowacza L-880mm, \u015brednica zew.50mm,\u00a0d\u0142.110mm"}]},{"@type":"WebSite","@id":"https:\/\/exparto.pl\/sk\/#website","url":"https:\/\/exparto.pl\/sk\/","name":"EXPARTO","description":"More than agro parts","publisher":{"@id":"https:\/\/exparto.pl\/sk\/#organization"},"potentialAction":[{"@type":"SearchAction","target":{"@type":"EntryPoint","urlTemplate":"https:\/\/exparto.pl\/sk\/?s={search_term_string}"},"query-input":{"@type":"PropertyValueSpecification","valueRequired":true,"valueName":"search_term_string"}}],"inLanguage":"sk-SK"},{"@type":"Organization","@id":"https:\/\/exparto.pl\/sk\/#organization","name":"EXPARTO","url":"https:\/\/exparto.pl\/sk\/","logo":{"@type":"ImageObject","inLanguage":"sk-SK","@id":"https:\/\/exparto.pl\/sk\/#\/schema\/logo\/image\/","url":"https:\/\/exparto.pl\/wp-content\/uploads\/2023\/02\/logo-wektor.png","contentUrl":"https:\/\/exparto.pl\/wp-content\/uploads\/2023\/02\/logo-wektor.png","width":1338,"height":143,"caption":"EXPARTO"},"image":{"@id":"https:\/\/exparto.pl\/sk\/#\/schema\/logo\/image\/"},"sameAs":["https:\/\/www.facebook.com\/exparto.agro\/"]}]}},"_links":{"self":[{"href":"https:\/\/exparto.pl\/sk\/wp-json\/wp\/v2\/product\/38665","targetHints":{"allow":["GET"]}}],"collection":[{"href":"https:\/\/exparto.pl\/sk\/wp-json\/wp\/v2\/product"}],"about":[{"href":"https:\/\/exparto.pl\/sk\/wp-json\/wp\/v2\/types\/product"}],"replies":[{"embeddable":true,"href":"https:\/\/exparto.pl\/sk\/wp-json\/wp\/v2\/comments?post=38665"}],"wp:featuredmedia":[{"embeddable":true,"href":"https:\/\/exparto.pl\/sk\/wp-json\/wp\/v2\/media\/38777"}],"wp:attachment":[{"href":"https:\/\/exparto.pl\/sk\/wp-json\/wp\/v2\/media?parent=38665"}],"wp:term":[{"taxonomy":"product_brand","embeddable":true,"href":"https:\/\/exparto.pl\/sk\/wp-json\/wp\/v2\/product_brand?post=38665"},{"taxonomy":"product_cat","embeddable":true,"href":"https:\/\/exparto.pl\/sk\/wp-json\/wp\/v2\/product_cat?post=38665"},{"taxonomy":"product_tag","embeddable":true,"href":"https:\/\/exparto.pl\/sk\/wp-json\/wp\/v2\/product_tag?post=38665"}],"curies":[{"name":"wp","href":"https:\/\/api.w.org\/{rel}","templated":true}]}}