{"id":40477,"date":"2025-02-18T08:17:40","date_gmt":"2025-02-18T07:17:40","guid":{"rendered":"https:\/\/exparto.pl\/produkt\/silownik-hydrauliczny-dwustronnego-dzialania-50-28-250-fi25-2\/"},"modified":"2026-04-09T09:30:34","modified_gmt":"2026-04-09T07:30:34","slug":"silownik-hydrauliczny-dwustronnego-dzialania-50-28-250-fi25-2","status":"publish","type":"product","link":"https:\/\/exparto.pl\/sk\/produkt\/silownik-hydrauliczny-dwustronnego-dzialania-50-28-250-fi25-2\/","title":{"rendered":"Si\u0142ownik hydrauliczny dwustronnego dzia\u0142ania 50\/28\/250 FI25"},"content":{"rendered":"<section class=\"section\">\n<div class=\"item item-12\">\n<section class=\"text-item\">\n<p style=\"text-align: justify\"><b>Si\u0142owniki hydrauliczne<\/b> to urz\u0105dzenia, kt\u00f3re sprawdzaj\u0105 si\u0119 tam, gdzie wymagana jest du\u017ca si\u0142a nacisku. Ich zadaniem jest <b>zamiana energii ci\u015bnienia cieczy roboczej<\/b> na <b>energi\u0119 mechaniczn\u0105. <\/b>Dzi\u0119ki temu mo\u017cliwy jest posuwisty ruch zespo\u0142u t\u0142ok-t\u0142oczysko. Dodajmy, \u017ce si\u0142owniki tego typu s\u0105 idealnie dopasowane do potrzeb uk\u0142ad\u00f3w zastosowanych m.in. w maszynach rolniczych.<\/p>\n<p style=\"text-align: justify\">Si\u0142owniki hydrauliczne, okre\u015blane te\u017c mianem cylindr\u00f3w hydraulicznych, mo\u017cemy podzieli\u0107 na: <b>jednostronne <\/b>lub <b>dwustronne<\/b>. W przypadku tych pierwszych wyst\u0119puje <b>jedno przy\u0142\u0105cze<\/b> na ciecz robocz\u0105 (i suw roboczy odbywa si\u0119 w jednym kierunku), a w przypadku drugich \u2013<b> dwa przy\u0142\u0105cza <\/b>(i suw roboczy odbywa si\u0119 w dw\u00f3ch kierunkach). Ponadto te drugie dzia\u0142aj\u0105 szybciej, <b>wyr\u00f3\u017cniaj\u0105 dowoln\u0105 d\u0142ugo\u015bci\u0105 skoku<\/b>, a tak\u017ce <b>wi\u0119ksz\u0105 efektywno\u015bci\u0105<\/b>. Poszczeg\u00f3lne cylindry hydrauliczne mog\u0105 r\u00f3\u017cni\u0107 si\u0119 mi\u0119dzy sob\u0105 si\u0142\u0105, zakresem \u015brednic, jak r\u00f3wnie\u017c <b>mocowaniem<\/b>.<\/p>\n<p style=\"text-align: justify\"><b>Zastosowanie:\u00a0<\/b><\/p>\n<ul>\n<li style=\"text-align: justify\">maszyny rolnicze, p\u0142ugi, agregaty, uniwersalny<\/li>\n<\/ul>\n<\/section><\/div>\n<\/section>\n","protected":false},"excerpt":{"rendered":"<p style=\"text-align: justify\">Si\u0142owniki hydrauliczne to urz\u0105dzenia, kt\u00f3re sprawdzaj\u0105 si\u0119 tam, gdzie wymagana jest du\u017ca si\u0142a nacisku. Ich zadaniem jest zamiana energii ci\u015bnienia cieczy roboczej na energi\u0119 mechaniczn\u0105.<\/p>\n","protected":false},"featured_media":40462,"comment_status":"open","ping_status":"closed","template":"","meta":{"_acf_changed":false,"inline_featured_image":false},"product_brand":[],"product_cat":[42,88,106],"product_tag":[],"class_list":{"0":"post-40477","1":"product","2":"type-product","3":"status-publish","4":"has-post-thumbnail","6":"product_cat-hydraulika-silowa","7":"product_cat-silowniki-hydrauliczne","8":"product_cat-dwustronneg-dzialania","10":"first","11":"instock","12":"taxable","13":"shipping-taxable","14":"purchasable","15":"product-type-simple"},"acf":[],"yoast_head":"<!-- This site is optimized with the Yoast SEO plugin v27.3 - https:\/\/yoast.com\/product\/yoast-seo-wordpress\/ -->\n<title>Si\u0142ownik hydrauliczny dwustronnego dzia\u0142ania 50\/28\/250 FI25 - Exparto.pl<\/title>\n<meta name=\"robots\" content=\"index, follow, max-snippet:-1, max-image-preview:large, max-video-preview:-1\" \/>\n<link rel=\"canonical\" href=\"https:\/\/exparto.pl\/sk\/produkt\/silownik-hydrauliczny-dwustronnego-dzialania-50-28-250-fi25-2\/\" \/>\n<meta property=\"og:locale\" content=\"sk_SK\" \/>\n<meta property=\"og:type\" content=\"article\" \/>\n<meta property=\"og:title\" content=\"Si\u0142ownik hydrauliczny dwustronnego dzia\u0142ania 50\/28\/250 FI25 - Exparto.pl\" \/>\n<meta property=\"og:description\" content=\"Si\u0142owniki hydrauliczne to urz\u0105dzenia, kt\u00f3re sprawdzaj\u0105 si\u0119 tam, gdzie wymagana jest du\u017ca si\u0142a nacisku. Ich zadaniem jest zamiana energii ci\u015bnienia cieczy roboczej na energi\u0119 mechaniczn\u0105.\" \/>\n<meta property=\"og:url\" content=\"https:\/\/exparto.pl\/sk\/produkt\/silownik-hydrauliczny-dwustronnego-dzialania-50-28-250-fi25-2\/\" \/>\n<meta property=\"og:site_name\" content=\"Exparto.pl\" \/>\n<meta property=\"article:publisher\" content=\"https:\/\/www.facebook.com\/exparto.agro\/\" \/>\n<meta property=\"article:modified_time\" content=\"2026-04-09T07:30:34+00:00\" \/>\n<meta property=\"og:image\" content=\"https:\/\/exparto.pl\/wp-content\/uploads\/2025\/02\/5f1ab11a249b5f8a5cd7126de786fb96.jpg\" \/>\n\t<meta property=\"og:image:width\" content=\"1200\" \/>\n\t<meta property=\"og:image:height\" content=\"1200\" \/>\n\t<meta property=\"og:image:type\" content=\"image\/jpeg\" \/>\n<meta name=\"twitter:card\" content=\"summary_large_image\" \/>\n<meta name=\"twitter:label1\" content=\"Predpokladan\u00fd \u010das \u010d\u00edtania\" \/>\n\t<meta name=\"twitter:data1\" content=\"1 min\u00fata\" \/>\n<script type=\"application\/ld+json\" class=\"yoast-schema-graph\">{\"@context\":\"https:\\\/\\\/schema.org\",\"@graph\":[{\"@type\":\"WebPage\",\"@id\":\"https:\\\/\\\/exparto.pl\\\/sk\\\/produkt\\\/silownik-hydrauliczny-dwustronnego-dzialania-50-28-250-fi25-2\\\/\",\"url\":\"https:\\\/\\\/exparto.pl\\\/sk\\\/produkt\\\/silownik-hydrauliczny-dwustronnego-dzialania-50-28-250-fi25-2\\\/\",\"name\":\"Si\u0142ownik hydrauliczny dwustronnego dzia\u0142ania 50\\\/28\\\/250 FI25 - Exparto.pl\",\"isPartOf\":{\"@id\":\"https:\\\/\\\/exparto.pl\\\/sk\\\/#website\"},\"primaryImageOfPage\":{\"@id\":\"https:\\\/\\\/exparto.pl\\\/sk\\\/produkt\\\/silownik-hydrauliczny-dwustronnego-dzialania-50-28-250-fi25-2\\\/#primaryimage\"},\"image\":{\"@id\":\"https:\\\/\\\/exparto.pl\\\/sk\\\/produkt\\\/silownik-hydrauliczny-dwustronnego-dzialania-50-28-250-fi25-2\\\/#primaryimage\"},\"thumbnailUrl\":\"https:\\\/\\\/exparto.pl\\\/wp-content\\\/uploads\\\/2025\\\/02\\\/5f1ab11a249b5f8a5cd7126de786fb96.jpg\",\"datePublished\":\"2025-02-18T07:17:40+00:00\",\"dateModified\":\"2026-04-09T07:30:34+00:00\",\"breadcrumb\":{\"@id\":\"https:\\\/\\\/exparto.pl\\\/sk\\\/produkt\\\/silownik-hydrauliczny-dwustronnego-dzialania-50-28-250-fi25-2\\\/#breadcrumb\"},\"inLanguage\":\"sk-SK\",\"potentialAction\":[{\"@type\":\"ReadAction\",\"target\":[\"https:\\\/\\\/exparto.pl\\\/sk\\\/produkt\\\/silownik-hydrauliczny-dwustronnego-dzialania-50-28-250-fi25-2\\\/\"]}]},{\"@type\":\"ImageObject\",\"inLanguage\":\"sk-SK\",\"@id\":\"https:\\\/\\\/exparto.pl\\\/sk\\\/produkt\\\/silownik-hydrauliczny-dwustronnego-dzialania-50-28-250-fi25-2\\\/#primaryimage\",\"url\":\"https:\\\/\\\/exparto.pl\\\/wp-content\\\/uploads\\\/2025\\\/02\\\/5f1ab11a249b5f8a5cd7126de786fb96.jpg\",\"contentUrl\":\"https:\\\/\\\/exparto.pl\\\/wp-content\\\/uploads\\\/2025\\\/02\\\/5f1ab11a249b5f8a5cd7126de786fb96.jpg\",\"width\":1200,\"height\":1200},{\"@type\":\"BreadcrumbList\",\"@id\":\"https:\\\/\\\/exparto.pl\\\/sk\\\/produkt\\\/silownik-hydrauliczny-dwustronnego-dzialania-50-28-250-fi25-2\\\/#breadcrumb\",\"itemListElement\":[{\"@type\":\"ListItem\",\"position\":1,\"name\":\"Domovsk\u00e1 str\u00e1nka\",\"item\":\"https:\\\/\\\/exparto.pl\\\/sk\\\/domovska-stranka\\\/\"},{\"@type\":\"ListItem\",\"position\":2,\"name\":\"Sklep\",\"item\":\"https:\\\/\\\/exparto.pl\\\/sklep\\\/\"},{\"@type\":\"ListItem\",\"position\":3,\"name\":\"Hydraulika\",\"item\":\"https:\\\/\\\/exparto.pl\\\/sk\\\/kategoria-produktov\\\/hydraulika\\\/\"},{\"@type\":\"ListItem\",\"position\":4,\"name\":\"Hydraulick\u00e9 valce\",\"item\":\"https:\\\/\\\/exparto.pl\\\/sk\\\/kategoria-produktov\\\/hydraulika\\\/hydraulicke-valce\\\/\"},{\"@type\":\"ListItem\",\"position\":5,\"name\":\"Dvojstrann\u00e1 akcia\",\"item\":\"https:\\\/\\\/exparto.pl\\\/sk\\\/kategoria-produktov\\\/hydraulika\\\/hydraulicke-valce\\\/dvojstranna-akcia\\\/\"},{\"@type\":\"ListItem\",\"position\":6,\"name\":\"Si\u0142ownik hydrauliczny dwustronnego dzia\u0142ania 50\\\/28\\\/250 FI25\"}]},{\"@type\":\"WebSite\",\"@id\":\"https:\\\/\\\/exparto.pl\\\/sk\\\/#website\",\"url\":\"https:\\\/\\\/exparto.pl\\\/sk\\\/\",\"name\":\"EXPARTO\",\"description\":\"More than agro parts\",\"publisher\":{\"@id\":\"https:\\\/\\\/exparto.pl\\\/sk\\\/#organization\"},\"potentialAction\":[{\"@type\":\"SearchAction\",\"target\":{\"@type\":\"EntryPoint\",\"urlTemplate\":\"https:\\\/\\\/exparto.pl\\\/sk\\\/?s={search_term_string}\"},\"query-input\":{\"@type\":\"PropertyValueSpecification\",\"valueRequired\":true,\"valueName\":\"search_term_string\"}}],\"inLanguage\":\"sk-SK\"},{\"@type\":\"Organization\",\"@id\":\"https:\\\/\\\/exparto.pl\\\/sk\\\/#organization\",\"name\":\"EXPARTO\",\"url\":\"https:\\\/\\\/exparto.pl\\\/sk\\\/\",\"logo\":{\"@type\":\"ImageObject\",\"inLanguage\":\"sk-SK\",\"@id\":\"https:\\\/\\\/exparto.pl\\\/sk\\\/#\\\/schema\\\/logo\\\/image\\\/\",\"url\":\"https:\\\/\\\/exparto.pl\\\/wp-content\\\/uploads\\\/2023\\\/02\\\/logo-wektor.png\",\"contentUrl\":\"https:\\\/\\\/exparto.pl\\\/wp-content\\\/uploads\\\/2023\\\/02\\\/logo-wektor.png\",\"width\":1338,\"height\":143,\"caption\":\"EXPARTO\"},\"image\":{\"@id\":\"https:\\\/\\\/exparto.pl\\\/sk\\\/#\\\/schema\\\/logo\\\/image\\\/\"},\"sameAs\":[\"https:\\\/\\\/www.facebook.com\\\/exparto.agro\\\/\"]}]}<\/script>\n<!-- \/ Yoast SEO plugin. -->","yoast_head_json":{"title":"Si\u0142ownik hydrauliczny dwustronnego dzia\u0142ania 50\/28\/250 FI25 - Exparto.pl","robots":{"index":"index","follow":"follow","max-snippet":"max-snippet:-1","max-image-preview":"max-image-preview:large","max-video-preview":"max-video-preview:-1"},"canonical":"https:\/\/exparto.pl\/sk\/produkt\/silownik-hydrauliczny-dwustronnego-dzialania-50-28-250-fi25-2\/","og_locale":"sk_SK","og_type":"article","og_title":"Si\u0142ownik hydrauliczny dwustronnego dzia\u0142ania 50\/28\/250 FI25 - Exparto.pl","og_description":"Si\u0142owniki hydrauliczne to urz\u0105dzenia, kt\u00f3re sprawdzaj\u0105 si\u0119 tam, gdzie wymagana jest du\u017ca si\u0142a nacisku. Ich zadaniem jest zamiana energii ci\u015bnienia cieczy roboczej na energi\u0119 mechaniczn\u0105.","og_url":"https:\/\/exparto.pl\/sk\/produkt\/silownik-hydrauliczny-dwustronnego-dzialania-50-28-250-fi25-2\/","og_site_name":"Exparto.pl","article_publisher":"https:\/\/www.facebook.com\/exparto.agro\/","article_modified_time":"2026-04-09T07:30:34+00:00","og_image":[{"width":1200,"height":1200,"url":"https:\/\/exparto.pl\/wp-content\/uploads\/2025\/02\/5f1ab11a249b5f8a5cd7126de786fb96.jpg","type":"image\/jpeg"}],"twitter_card":"summary_large_image","twitter_misc":{"Predpokladan\u00fd \u010das \u010d\u00edtania":"1 min\u00fata"},"schema":{"@context":"https:\/\/schema.org","@graph":[{"@type":"WebPage","@id":"https:\/\/exparto.pl\/sk\/produkt\/silownik-hydrauliczny-dwustronnego-dzialania-50-28-250-fi25-2\/","url":"https:\/\/exparto.pl\/sk\/produkt\/silownik-hydrauliczny-dwustronnego-dzialania-50-28-250-fi25-2\/","name":"Si\u0142ownik hydrauliczny dwustronnego dzia\u0142ania 50\/28\/250 FI25 - Exparto.pl","isPartOf":{"@id":"https:\/\/exparto.pl\/sk\/#website"},"primaryImageOfPage":{"@id":"https:\/\/exparto.pl\/sk\/produkt\/silownik-hydrauliczny-dwustronnego-dzialania-50-28-250-fi25-2\/#primaryimage"},"image":{"@id":"https:\/\/exparto.pl\/sk\/produkt\/silownik-hydrauliczny-dwustronnego-dzialania-50-28-250-fi25-2\/#primaryimage"},"thumbnailUrl":"https:\/\/exparto.pl\/wp-content\/uploads\/2025\/02\/5f1ab11a249b5f8a5cd7126de786fb96.jpg","datePublished":"2025-02-18T07:17:40+00:00","dateModified":"2026-04-09T07:30:34+00:00","breadcrumb":{"@id":"https:\/\/exparto.pl\/sk\/produkt\/silownik-hydrauliczny-dwustronnego-dzialania-50-28-250-fi25-2\/#breadcrumb"},"inLanguage":"sk-SK","potentialAction":[{"@type":"ReadAction","target":["https:\/\/exparto.pl\/sk\/produkt\/silownik-hydrauliczny-dwustronnego-dzialania-50-28-250-fi25-2\/"]}]},{"@type":"ImageObject","inLanguage":"sk-SK","@id":"https:\/\/exparto.pl\/sk\/produkt\/silownik-hydrauliczny-dwustronnego-dzialania-50-28-250-fi25-2\/#primaryimage","url":"https:\/\/exparto.pl\/wp-content\/uploads\/2025\/02\/5f1ab11a249b5f8a5cd7126de786fb96.jpg","contentUrl":"https:\/\/exparto.pl\/wp-content\/uploads\/2025\/02\/5f1ab11a249b5f8a5cd7126de786fb96.jpg","width":1200,"height":1200},{"@type":"BreadcrumbList","@id":"https:\/\/exparto.pl\/sk\/produkt\/silownik-hydrauliczny-dwustronnego-dzialania-50-28-250-fi25-2\/#breadcrumb","itemListElement":[{"@type":"ListItem","position":1,"name":"Domovsk\u00e1 str\u00e1nka","item":"https:\/\/exparto.pl\/sk\/domovska-stranka\/"},{"@type":"ListItem","position":2,"name":"Sklep","item":"https:\/\/exparto.pl\/sklep\/"},{"@type":"ListItem","position":3,"name":"Hydraulika","item":"https:\/\/exparto.pl\/sk\/kategoria-produktov\/hydraulika\/"},{"@type":"ListItem","position":4,"name":"Hydraulick\u00e9 valce","item":"https:\/\/exparto.pl\/sk\/kategoria-produktov\/hydraulika\/hydraulicke-valce\/"},{"@type":"ListItem","position":5,"name":"Dvojstrann\u00e1 akcia","item":"https:\/\/exparto.pl\/sk\/kategoria-produktov\/hydraulika\/hydraulicke-valce\/dvojstranna-akcia\/"},{"@type":"ListItem","position":6,"name":"Si\u0142ownik hydrauliczny dwustronnego dzia\u0142ania 50\/28\/250 FI25"}]},{"@type":"WebSite","@id":"https:\/\/exparto.pl\/sk\/#website","url":"https:\/\/exparto.pl\/sk\/","name":"EXPARTO","description":"More than agro parts","publisher":{"@id":"https:\/\/exparto.pl\/sk\/#organization"},"potentialAction":[{"@type":"SearchAction","target":{"@type":"EntryPoint","urlTemplate":"https:\/\/exparto.pl\/sk\/?s={search_term_string}"},"query-input":{"@type":"PropertyValueSpecification","valueRequired":true,"valueName":"search_term_string"}}],"inLanguage":"sk-SK"},{"@type":"Organization","@id":"https:\/\/exparto.pl\/sk\/#organization","name":"EXPARTO","url":"https:\/\/exparto.pl\/sk\/","logo":{"@type":"ImageObject","inLanguage":"sk-SK","@id":"https:\/\/exparto.pl\/sk\/#\/schema\/logo\/image\/","url":"https:\/\/exparto.pl\/wp-content\/uploads\/2023\/02\/logo-wektor.png","contentUrl":"https:\/\/exparto.pl\/wp-content\/uploads\/2023\/02\/logo-wektor.png","width":1338,"height":143,"caption":"EXPARTO"},"image":{"@id":"https:\/\/exparto.pl\/sk\/#\/schema\/logo\/image\/"},"sameAs":["https:\/\/www.facebook.com\/exparto.agro\/"]}]}},"_links":{"self":[{"href":"https:\/\/exparto.pl\/sk\/wp-json\/wp\/v2\/product\/40477","targetHints":{"allow":["GET"]}}],"collection":[{"href":"https:\/\/exparto.pl\/sk\/wp-json\/wp\/v2\/product"}],"about":[{"href":"https:\/\/exparto.pl\/sk\/wp-json\/wp\/v2\/types\/product"}],"replies":[{"embeddable":true,"href":"https:\/\/exparto.pl\/sk\/wp-json\/wp\/v2\/comments?post=40477"}],"wp:featuredmedia":[{"embeddable":true,"href":"https:\/\/exparto.pl\/sk\/wp-json\/wp\/v2\/media\/40462"}],"wp:attachment":[{"href":"https:\/\/exparto.pl\/sk\/wp-json\/wp\/v2\/media?parent=40477"}],"wp:term":[{"taxonomy":"product_brand","embeddable":true,"href":"https:\/\/exparto.pl\/sk\/wp-json\/wp\/v2\/product_brand?post=40477"},{"taxonomy":"product_cat","embeddable":true,"href":"https:\/\/exparto.pl\/sk\/wp-json\/wp\/v2\/product_cat?post=40477"},{"taxonomy":"product_tag","embeddable":true,"href":"https:\/\/exparto.pl\/sk\/wp-json\/wp\/v2\/product_tag?post=40477"}],"curies":[{"name":"wp","href":"https:\/\/api.w.org\/{rel}","templated":true}]}}