{"id":48785,"date":"2025-05-28T20:04:43","date_gmt":"2025-05-28T18:04:43","guid":{"rendered":"https:\/\/exparto.pl\/produkt\/palec-podbieracza-do-prasy-john-deere-cc25176-cc21386\/"},"modified":"2026-03-24T15:30:36","modified_gmt":"2026-03-24T14:30:36","slug":"palec-podbieracza-do-prasy-john-deere-cc25176-cc21386","status":"publish","type":"product","link":"https:\/\/exparto.pl\/sk\/produkt\/palec-podbieracza-do-prasy-john-deere-cc25176-cc21386\/","title":{"rendered":"Palec podbieracza do prasy JOHN DEERE CC25176 CC21386"},"content":{"rendered":"<p style=\"text-align: justify\">Palec podbieracza.<\/p>\n<p style=\"text-align: justify\"><b>Zastosowanie:\u00a0<\/b><\/p>\n<ul>\n<li style=\"text-align: justify\">prasy John Deere<\/li>\n<li style=\"text-align: justify\">Serie: 600, 640, 645, 630A, 630B, 630C, 640A, 640B, 640C, 645A, 645B, 645C, 649, 659, 435, 446, 456, 466, 540, 545, 550, 568, 572, 575, 578, 580, 582, 590, 592. 623, 644, 678, 744, 842, 852, 854, 862, 864, T550, T560, T660, T670, W650, W660<\/li>\n<\/ul>\n<p style=\"text-align: justify\"><b>Numer katalogowy:<\/b><\/p>\n<ul>\n<li style=\"text-align: justify\">CC25176, 804-CC25176, JD-7, CC21386<\/li>\n<\/ul>\n","protected":false},"excerpt":{"rendered":"<p style=\"text-align: justify\">Palec podbieracza JOHN DEERE.<\/p>\n","protected":false},"featured_media":48775,"comment_status":"open","ping_status":"closed","template":"","meta":{"_acf_changed":false,"inline_featured_image":false},"product_brand":[],"product_cat":[785,998],"product_tag":[],"class_list":{"0":"post-48785","1":"product","2":"type-product","3":"status-publish","4":"has-post-thumbnail","6":"product_cat-czesci-do-prasy-rolujacej","7":"product_cat-john-deere","9":"first","10":"outofstock","11":"taxable","12":"shipping-taxable","13":"purchasable","14":"product-type-simple"},"acf":[],"yoast_head":"<!-- This site is optimized with the Yoast SEO plugin v27.3 - https:\/\/yoast.com\/product\/yoast-seo-wordpress\/ -->\n<title>Palec podbieracza do prasy JOHN DEERE CC25176 CC21386 - Exparto.pl<\/title>\n<meta name=\"robots\" content=\"index, follow, max-snippet:-1, max-image-preview:large, max-video-preview:-1\" \/>\n<link rel=\"canonical\" href=\"https:\/\/exparto.pl\/sk\/produkt\/palec-podbieracza-do-prasy-john-deere-cc25176-cc21386\/\" \/>\n<meta property=\"og:locale\" content=\"sk_SK\" \/>\n<meta property=\"og:type\" content=\"article\" \/>\n<meta property=\"og:title\" content=\"Palec podbieracza do prasy JOHN DEERE CC25176 CC21386 - Exparto.pl\" \/>\n<meta property=\"og:description\" content=\"Palec podbieracza JOHN DEERE.\" \/>\n<meta property=\"og:url\" content=\"https:\/\/exparto.pl\/sk\/produkt\/palec-podbieracza-do-prasy-john-deere-cc25176-cc21386\/\" \/>\n<meta property=\"og:site_name\" content=\"Exparto.pl\" \/>\n<meta property=\"article:publisher\" content=\"https:\/\/www.facebook.com\/exparto.agro\/\" \/>\n<meta property=\"article:modified_time\" content=\"2026-03-24T14:30:36+00:00\" \/>\n<meta property=\"og:image\" content=\"https:\/\/exparto.pl\/wp-content\/uploads\/2025\/05\/3ab84b9a7aa0d00a067a19820d23442e.jpg\" \/>\n\t<meta property=\"og:image:width\" content=\"1200\" \/>\n\t<meta property=\"og:image:height\" content=\"1200\" \/>\n\t<meta property=\"og:image:type\" content=\"image\/jpeg\" \/>\n<meta name=\"twitter:card\" content=\"summary_large_image\" \/>\n<meta name=\"twitter:label1\" content=\"Predpokladan\u00fd \u010das \u010d\u00edtania\" \/>\n\t<meta name=\"twitter:data1\" content=\"1 min\u00fata\" \/>\n<script type=\"application\/ld+json\" class=\"yoast-schema-graph\">{\"@context\":\"https:\\\/\\\/schema.org\",\"@graph\":[{\"@type\":\"WebPage\",\"@id\":\"https:\\\/\\\/exparto.pl\\\/sk\\\/produkt\\\/palec-podbieracza-do-prasy-john-deere-cc25176-cc21386\\\/\",\"url\":\"https:\\\/\\\/exparto.pl\\\/sk\\\/produkt\\\/palec-podbieracza-do-prasy-john-deere-cc25176-cc21386\\\/\",\"name\":\"Palec podbieracza do prasy JOHN DEERE CC25176 CC21386 - Exparto.pl\",\"isPartOf\":{\"@id\":\"https:\\\/\\\/exparto.pl\\\/sk\\\/#website\"},\"primaryImageOfPage\":{\"@id\":\"https:\\\/\\\/exparto.pl\\\/sk\\\/produkt\\\/palec-podbieracza-do-prasy-john-deere-cc25176-cc21386\\\/#primaryimage\"},\"image\":{\"@id\":\"https:\\\/\\\/exparto.pl\\\/sk\\\/produkt\\\/palec-podbieracza-do-prasy-john-deere-cc25176-cc21386\\\/#primaryimage\"},\"thumbnailUrl\":\"https:\\\/\\\/exparto.pl\\\/wp-content\\\/uploads\\\/2025\\\/05\\\/3ab84b9a7aa0d00a067a19820d23442e.jpg\",\"datePublished\":\"2025-05-28T18:04:43+00:00\",\"dateModified\":\"2026-03-24T14:30:36+00:00\",\"breadcrumb\":{\"@id\":\"https:\\\/\\\/exparto.pl\\\/sk\\\/produkt\\\/palec-podbieracza-do-prasy-john-deere-cc25176-cc21386\\\/#breadcrumb\"},\"inLanguage\":\"sk-SK\",\"potentialAction\":[{\"@type\":\"ReadAction\",\"target\":[\"https:\\\/\\\/exparto.pl\\\/sk\\\/produkt\\\/palec-podbieracza-do-prasy-john-deere-cc25176-cc21386\\\/\"]}]},{\"@type\":\"ImageObject\",\"inLanguage\":\"sk-SK\",\"@id\":\"https:\\\/\\\/exparto.pl\\\/sk\\\/produkt\\\/palec-podbieracza-do-prasy-john-deere-cc25176-cc21386\\\/#primaryimage\",\"url\":\"https:\\\/\\\/exparto.pl\\\/wp-content\\\/uploads\\\/2025\\\/05\\\/3ab84b9a7aa0d00a067a19820d23442e.jpg\",\"contentUrl\":\"https:\\\/\\\/exparto.pl\\\/wp-content\\\/uploads\\\/2025\\\/05\\\/3ab84b9a7aa0d00a067a19820d23442e.jpg\",\"width\":1200,\"height\":1200},{\"@type\":\"BreadcrumbList\",\"@id\":\"https:\\\/\\\/exparto.pl\\\/sk\\\/produkt\\\/palec-podbieracza-do-prasy-john-deere-cc25176-cc21386\\\/#breadcrumb\",\"itemListElement\":[{\"@type\":\"ListItem\",\"position\":1,\"name\":\"Domovsk\u00e1 str\u00e1nka\",\"item\":\"https:\\\/\\\/exparto.pl\\\/sk\\\/domovska-stranka\\\/\"},{\"@type\":\"ListItem\",\"position\":2,\"name\":\"Sklep\",\"item\":\"https:\\\/\\\/exparto.pl\\\/sklep\\\/\"},{\"@type\":\"ListItem\",\"position\":3,\"name\":\"N\u00e1hradn\u00e9 diely pre lisy na okr\u00fahle bal\u00edky\",\"item\":\"https:\\\/\\\/exparto.pl\\\/sk\\\/kategoria-produktov\\\/nahradne-diely-pre-lisy-na-okruhle-baliky\\\/\"},{\"@type\":\"ListItem\",\"position\":4,\"name\":\"Palec podbieracza do prasy JOHN DEERE CC25176 CC21386\"}]},{\"@type\":\"WebSite\",\"@id\":\"https:\\\/\\\/exparto.pl\\\/sk\\\/#website\",\"url\":\"https:\\\/\\\/exparto.pl\\\/sk\\\/\",\"name\":\"EXPARTO\",\"description\":\"More than agro parts\",\"publisher\":{\"@id\":\"https:\\\/\\\/exparto.pl\\\/sk\\\/#organization\"},\"potentialAction\":[{\"@type\":\"SearchAction\",\"target\":{\"@type\":\"EntryPoint\",\"urlTemplate\":\"https:\\\/\\\/exparto.pl\\\/sk\\\/?s={search_term_string}\"},\"query-input\":{\"@type\":\"PropertyValueSpecification\",\"valueRequired\":true,\"valueName\":\"search_term_string\"}}],\"inLanguage\":\"sk-SK\"},{\"@type\":\"Organization\",\"@id\":\"https:\\\/\\\/exparto.pl\\\/sk\\\/#organization\",\"name\":\"EXPARTO\",\"url\":\"https:\\\/\\\/exparto.pl\\\/sk\\\/\",\"logo\":{\"@type\":\"ImageObject\",\"inLanguage\":\"sk-SK\",\"@id\":\"https:\\\/\\\/exparto.pl\\\/sk\\\/#\\\/schema\\\/logo\\\/image\\\/\",\"url\":\"https:\\\/\\\/exparto.pl\\\/wp-content\\\/uploads\\\/2023\\\/02\\\/logo-wektor.png\",\"contentUrl\":\"https:\\\/\\\/exparto.pl\\\/wp-content\\\/uploads\\\/2023\\\/02\\\/logo-wektor.png\",\"width\":1338,\"height\":143,\"caption\":\"EXPARTO\"},\"image\":{\"@id\":\"https:\\\/\\\/exparto.pl\\\/sk\\\/#\\\/schema\\\/logo\\\/image\\\/\"},\"sameAs\":[\"https:\\\/\\\/www.facebook.com\\\/exparto.agro\\\/\"]}]}<\/script>\n<!-- \/ Yoast SEO plugin. -->","yoast_head_json":{"title":"Palec podbieracza do prasy JOHN DEERE CC25176 CC21386 - Exparto.pl","robots":{"index":"index","follow":"follow","max-snippet":"max-snippet:-1","max-image-preview":"max-image-preview:large","max-video-preview":"max-video-preview:-1"},"canonical":"https:\/\/exparto.pl\/sk\/produkt\/palec-podbieracza-do-prasy-john-deere-cc25176-cc21386\/","og_locale":"sk_SK","og_type":"article","og_title":"Palec podbieracza do prasy JOHN DEERE CC25176 CC21386 - Exparto.pl","og_description":"Palec podbieracza JOHN DEERE.","og_url":"https:\/\/exparto.pl\/sk\/produkt\/palec-podbieracza-do-prasy-john-deere-cc25176-cc21386\/","og_site_name":"Exparto.pl","article_publisher":"https:\/\/www.facebook.com\/exparto.agro\/","article_modified_time":"2026-03-24T14:30:36+00:00","og_image":[{"width":1200,"height":1200,"url":"https:\/\/exparto.pl\/wp-content\/uploads\/2025\/05\/3ab84b9a7aa0d00a067a19820d23442e.jpg","type":"image\/jpeg"}],"twitter_card":"summary_large_image","twitter_misc":{"Predpokladan\u00fd \u010das \u010d\u00edtania":"1 min\u00fata"},"schema":{"@context":"https:\/\/schema.org","@graph":[{"@type":"WebPage","@id":"https:\/\/exparto.pl\/sk\/produkt\/palec-podbieracza-do-prasy-john-deere-cc25176-cc21386\/","url":"https:\/\/exparto.pl\/sk\/produkt\/palec-podbieracza-do-prasy-john-deere-cc25176-cc21386\/","name":"Palec podbieracza do prasy JOHN DEERE CC25176 CC21386 - Exparto.pl","isPartOf":{"@id":"https:\/\/exparto.pl\/sk\/#website"},"primaryImageOfPage":{"@id":"https:\/\/exparto.pl\/sk\/produkt\/palec-podbieracza-do-prasy-john-deere-cc25176-cc21386\/#primaryimage"},"image":{"@id":"https:\/\/exparto.pl\/sk\/produkt\/palec-podbieracza-do-prasy-john-deere-cc25176-cc21386\/#primaryimage"},"thumbnailUrl":"https:\/\/exparto.pl\/wp-content\/uploads\/2025\/05\/3ab84b9a7aa0d00a067a19820d23442e.jpg","datePublished":"2025-05-28T18:04:43+00:00","dateModified":"2026-03-24T14:30:36+00:00","breadcrumb":{"@id":"https:\/\/exparto.pl\/sk\/produkt\/palec-podbieracza-do-prasy-john-deere-cc25176-cc21386\/#breadcrumb"},"inLanguage":"sk-SK","potentialAction":[{"@type":"ReadAction","target":["https:\/\/exparto.pl\/sk\/produkt\/palec-podbieracza-do-prasy-john-deere-cc25176-cc21386\/"]}]},{"@type":"ImageObject","inLanguage":"sk-SK","@id":"https:\/\/exparto.pl\/sk\/produkt\/palec-podbieracza-do-prasy-john-deere-cc25176-cc21386\/#primaryimage","url":"https:\/\/exparto.pl\/wp-content\/uploads\/2025\/05\/3ab84b9a7aa0d00a067a19820d23442e.jpg","contentUrl":"https:\/\/exparto.pl\/wp-content\/uploads\/2025\/05\/3ab84b9a7aa0d00a067a19820d23442e.jpg","width":1200,"height":1200},{"@type":"BreadcrumbList","@id":"https:\/\/exparto.pl\/sk\/produkt\/palec-podbieracza-do-prasy-john-deere-cc25176-cc21386\/#breadcrumb","itemListElement":[{"@type":"ListItem","position":1,"name":"Domovsk\u00e1 str\u00e1nka","item":"https:\/\/exparto.pl\/sk\/domovska-stranka\/"},{"@type":"ListItem","position":2,"name":"Sklep","item":"https:\/\/exparto.pl\/sklep\/"},{"@type":"ListItem","position":3,"name":"N\u00e1hradn\u00e9 diely pre lisy na okr\u00fahle bal\u00edky","item":"https:\/\/exparto.pl\/sk\/kategoria-produktov\/nahradne-diely-pre-lisy-na-okruhle-baliky\/"},{"@type":"ListItem","position":4,"name":"Palec podbieracza do prasy JOHN DEERE CC25176 CC21386"}]},{"@type":"WebSite","@id":"https:\/\/exparto.pl\/sk\/#website","url":"https:\/\/exparto.pl\/sk\/","name":"EXPARTO","description":"More than agro parts","publisher":{"@id":"https:\/\/exparto.pl\/sk\/#organization"},"potentialAction":[{"@type":"SearchAction","target":{"@type":"EntryPoint","urlTemplate":"https:\/\/exparto.pl\/sk\/?s={search_term_string}"},"query-input":{"@type":"PropertyValueSpecification","valueRequired":true,"valueName":"search_term_string"}}],"inLanguage":"sk-SK"},{"@type":"Organization","@id":"https:\/\/exparto.pl\/sk\/#organization","name":"EXPARTO","url":"https:\/\/exparto.pl\/sk\/","logo":{"@type":"ImageObject","inLanguage":"sk-SK","@id":"https:\/\/exparto.pl\/sk\/#\/schema\/logo\/image\/","url":"https:\/\/exparto.pl\/wp-content\/uploads\/2023\/02\/logo-wektor.png","contentUrl":"https:\/\/exparto.pl\/wp-content\/uploads\/2023\/02\/logo-wektor.png","width":1338,"height":143,"caption":"EXPARTO"},"image":{"@id":"https:\/\/exparto.pl\/sk\/#\/schema\/logo\/image\/"},"sameAs":["https:\/\/www.facebook.com\/exparto.agro\/"]}]}},"_links":{"self":[{"href":"https:\/\/exparto.pl\/sk\/wp-json\/wp\/v2\/product\/48785","targetHints":{"allow":["GET"]}}],"collection":[{"href":"https:\/\/exparto.pl\/sk\/wp-json\/wp\/v2\/product"}],"about":[{"href":"https:\/\/exparto.pl\/sk\/wp-json\/wp\/v2\/types\/product"}],"replies":[{"embeddable":true,"href":"https:\/\/exparto.pl\/sk\/wp-json\/wp\/v2\/comments?post=48785"}],"wp:featuredmedia":[{"embeddable":true,"href":"https:\/\/exparto.pl\/sk\/wp-json\/wp\/v2\/media\/48775"}],"wp:attachment":[{"href":"https:\/\/exparto.pl\/sk\/wp-json\/wp\/v2\/media?parent=48785"}],"wp:term":[{"taxonomy":"product_brand","embeddable":true,"href":"https:\/\/exparto.pl\/sk\/wp-json\/wp\/v2\/product_brand?post=48785"},{"taxonomy":"product_cat","embeddable":true,"href":"https:\/\/exparto.pl\/sk\/wp-json\/wp\/v2\/product_cat?post=48785"},{"taxonomy":"product_tag","embeddable":true,"href":"https:\/\/exparto.pl\/sk\/wp-json\/wp\/v2\/product_tag?post=48785"}],"curies":[{"name":"wp","href":"https:\/\/api.w.org\/{rel}","templated":true}]}}