{"id":48829,"date":"2025-05-28T20:04:57","date_gmt":"2025-05-28T18:04:57","guid":{"rendered":"https:\/\/exparto.pl\/produkt\/palec-podbieracza-do-prasy-deutz-fahr-kverneland-vicon-pz-taarup-16618868\/"},"modified":"2026-02-17T08:41:18","modified_gmt":"2026-02-17T07:41:18","slug":"palec-podbieracza-do-prasy-deutz-fahr-kverneland-vicon-pz-taarup-16618868","status":"publish","type":"product","link":"https:\/\/exparto.pl\/sk\/produkt\/palec-podbieracza-do-prasy-deutz-fahr-kverneland-vicon-pz-taarup-16618868\/","title":{"rendered":"Palec podbieracza do prasy DEUTZ FAHR KVERNELAND Vicon PZ Taarup 16618868"},"content":{"rendered":"<p style=\"text-align: justify\">Palec podbieracza.<\/p>\n<p style=\"text-align: justify\"><b>Zastosowanie:\u00a0<\/b><\/p>\n<ul>\n<li style=\"text-align: justify\">prasy\u00a0 Deutz Fahr Kverneland Vicon PZ<\/li>\n<li style=\"text-align: justify\">Serie Kverneland Vicon LB 1270, 1290, 8100, 8200, 12100, 12200, 12290, RF 119, 121, 122, 124, 125, 130, 135, 155, 225, 235, 255, 530, 2121, 2235, RV 157, 187, 1501, 1601, 1901, 2160, 2190,<\/li>\n<li style=\"text-align: justify\">Seria Taarup: 6000, 6319, 6355, 6570 BB, 6690 BB<\/li>\n<li style=\"text-align: justify\">Serie Deutz Fahr: Fixmaster 221, Fixmaster 225, GP 80, GP 81, GP 120, GP 121, MP 119, 121, 122, 124, 125, 130, 135, 155, 235, 255, 530, RB 3.56, RB 3.81, RB 4.50, RB 4.60, RB 4.90, Varimaster 560, Varimaster 590<\/li>\n<\/ul>\n<p style=\"text-align: justify\"><b>Numer katalogowy:<\/b><\/p>\n<ul>\n<li style=\"text-align: justify\">16618868, VF16618868.86, 16618868.86<\/li>\n<\/ul>\n","protected":false},"excerpt":{"rendered":"<p style=\"text-align: justify\">Palec podbieracza DEUTZ FAHR, KVERNELAND.<\/p>\n","protected":false},"featured_media":48819,"comment_status":"open","ping_status":"closed","template":"","meta":{"_acf_changed":false,"inline_featured_image":false},"product_brand":[],"product_cat":[839,996,999,1001,1002],"product_tag":[],"class_list":{"0":"post-48829","1":"product","2":"type-product","3":"status-publish","4":"has-post-thumbnail","6":"product_cat-nahradne-diely-pre-lisy-na-okruhle-baliky","7":"product_cat-deutz-fahr","8":"product_cat-kverneland","9":"product_cat-taarup","10":"product_cat-vicon","12":"first","13":"instock","14":"taxable","15":"shipping-taxable","16":"purchasable","17":"product-type-simple"},"acf":[],"yoast_head":"<!-- This site is optimized with the Yoast SEO plugin v27.3 - https:\/\/yoast.com\/product\/yoast-seo-wordpress\/ -->\n<title>Palec podbieracza do prasy DEUTZ FAHR KVERNELAND Vicon PZ Taarup 16618868 - Exparto.pl<\/title>\n<meta name=\"robots\" content=\"index, follow, max-snippet:-1, max-image-preview:large, max-video-preview:-1\" \/>\n<link rel=\"canonical\" href=\"https:\/\/exparto.pl\/sk\/produkt\/palec-podbieracza-do-prasy-deutz-fahr-kverneland-vicon-pz-taarup-16618868\/\" \/>\n<meta property=\"og:locale\" content=\"sk_SK\" \/>\n<meta property=\"og:type\" content=\"article\" \/>\n<meta property=\"og:title\" content=\"Palec podbieracza do prasy DEUTZ FAHR KVERNELAND Vicon PZ Taarup 16618868 - Exparto.pl\" \/>\n<meta property=\"og:description\" content=\"Palec podbieracza DEUTZ FAHR, KVERNELAND.\" \/>\n<meta property=\"og:url\" content=\"https:\/\/exparto.pl\/sk\/produkt\/palec-podbieracza-do-prasy-deutz-fahr-kverneland-vicon-pz-taarup-16618868\/\" \/>\n<meta property=\"og:site_name\" content=\"Exparto.pl\" \/>\n<meta property=\"article:publisher\" content=\"https:\/\/www.facebook.com\/exparto.agro\/\" \/>\n<meta property=\"article:modified_time\" content=\"2026-02-17T07:41:18+00:00\" \/>\n<meta property=\"og:image\" content=\"https:\/\/exparto.pl\/wp-content\/uploads\/2025\/05\/9af4244d976a82536837ab597575eafb.jpg\" \/>\n\t<meta property=\"og:image:width\" content=\"1200\" \/>\n\t<meta property=\"og:image:height\" content=\"1200\" \/>\n\t<meta property=\"og:image:type\" content=\"image\/jpeg\" \/>\n<meta name=\"twitter:card\" content=\"summary_large_image\" \/>\n<meta name=\"twitter:label1\" content=\"Predpokladan\u00fd \u010das \u010d\u00edtania\" \/>\n\t<meta name=\"twitter:data1\" content=\"1 min\u00fata\" \/>\n<script type=\"application\/ld+json\" class=\"yoast-schema-graph\">{\"@context\":\"https:\\\/\\\/schema.org\",\"@graph\":[{\"@type\":\"WebPage\",\"@id\":\"https:\\\/\\\/exparto.pl\\\/sk\\\/produkt\\\/palec-podbieracza-do-prasy-deutz-fahr-kverneland-vicon-pz-taarup-16618868\\\/\",\"url\":\"https:\\\/\\\/exparto.pl\\\/sk\\\/produkt\\\/palec-podbieracza-do-prasy-deutz-fahr-kverneland-vicon-pz-taarup-16618868\\\/\",\"name\":\"Palec podbieracza do prasy DEUTZ FAHR KVERNELAND Vicon PZ Taarup 16618868 - Exparto.pl\",\"isPartOf\":{\"@id\":\"https:\\\/\\\/exparto.pl\\\/sk\\\/#website\"},\"primaryImageOfPage\":{\"@id\":\"https:\\\/\\\/exparto.pl\\\/sk\\\/produkt\\\/palec-podbieracza-do-prasy-deutz-fahr-kverneland-vicon-pz-taarup-16618868\\\/#primaryimage\"},\"image\":{\"@id\":\"https:\\\/\\\/exparto.pl\\\/sk\\\/produkt\\\/palec-podbieracza-do-prasy-deutz-fahr-kverneland-vicon-pz-taarup-16618868\\\/#primaryimage\"},\"thumbnailUrl\":\"https:\\\/\\\/exparto.pl\\\/wp-content\\\/uploads\\\/2025\\\/05\\\/9af4244d976a82536837ab597575eafb.jpg\",\"datePublished\":\"2025-05-28T18:04:57+00:00\",\"dateModified\":\"2026-02-17T07:41:18+00:00\",\"breadcrumb\":{\"@id\":\"https:\\\/\\\/exparto.pl\\\/sk\\\/produkt\\\/palec-podbieracza-do-prasy-deutz-fahr-kverneland-vicon-pz-taarup-16618868\\\/#breadcrumb\"},\"inLanguage\":\"sk-SK\",\"potentialAction\":[{\"@type\":\"ReadAction\",\"target\":[\"https:\\\/\\\/exparto.pl\\\/sk\\\/produkt\\\/palec-podbieracza-do-prasy-deutz-fahr-kverneland-vicon-pz-taarup-16618868\\\/\"]}]},{\"@type\":\"ImageObject\",\"inLanguage\":\"sk-SK\",\"@id\":\"https:\\\/\\\/exparto.pl\\\/sk\\\/produkt\\\/palec-podbieracza-do-prasy-deutz-fahr-kverneland-vicon-pz-taarup-16618868\\\/#primaryimage\",\"url\":\"https:\\\/\\\/exparto.pl\\\/wp-content\\\/uploads\\\/2025\\\/05\\\/9af4244d976a82536837ab597575eafb.jpg\",\"contentUrl\":\"https:\\\/\\\/exparto.pl\\\/wp-content\\\/uploads\\\/2025\\\/05\\\/9af4244d976a82536837ab597575eafb.jpg\",\"width\":1200,\"height\":1200},{\"@type\":\"BreadcrumbList\",\"@id\":\"https:\\\/\\\/exparto.pl\\\/sk\\\/produkt\\\/palec-podbieracza-do-prasy-deutz-fahr-kverneland-vicon-pz-taarup-16618868\\\/#breadcrumb\",\"itemListElement\":[{\"@type\":\"ListItem\",\"position\":1,\"name\":\"Domovsk\u00e1 str\u00e1nka\",\"item\":\"https:\\\/\\\/exparto.pl\\\/sk\\\/domovska-stranka\\\/\"},{\"@type\":\"ListItem\",\"position\":2,\"name\":\"Sklep\",\"item\":\"https:\\\/\\\/exparto.pl\\\/sklep\\\/\"},{\"@type\":\"ListItem\",\"position\":3,\"name\":\"N\u00e1hradn\u00e9 diely pre lisy na okr\u00fahle bal\u00edky\",\"item\":\"https:\\\/\\\/exparto.pl\\\/sk\\\/kategoria-produktov\\\/nahradne-diely-pre-lisy-na-okruhle-baliky\\\/\"},{\"@type\":\"ListItem\",\"position\":4,\"name\":\"Palec podbieracza do prasy DEUTZ FAHR KVERNELAND Vicon PZ Taarup 16618868\"}]},{\"@type\":\"WebSite\",\"@id\":\"https:\\\/\\\/exparto.pl\\\/sk\\\/#website\",\"url\":\"https:\\\/\\\/exparto.pl\\\/sk\\\/\",\"name\":\"EXPARTO\",\"description\":\"More than agro parts\",\"publisher\":{\"@id\":\"https:\\\/\\\/exparto.pl\\\/sk\\\/#organization\"},\"potentialAction\":[{\"@type\":\"SearchAction\",\"target\":{\"@type\":\"EntryPoint\",\"urlTemplate\":\"https:\\\/\\\/exparto.pl\\\/sk\\\/?s={search_term_string}\"},\"query-input\":{\"@type\":\"PropertyValueSpecification\",\"valueRequired\":true,\"valueName\":\"search_term_string\"}}],\"inLanguage\":\"sk-SK\"},{\"@type\":\"Organization\",\"@id\":\"https:\\\/\\\/exparto.pl\\\/sk\\\/#organization\",\"name\":\"EXPARTO\",\"url\":\"https:\\\/\\\/exparto.pl\\\/sk\\\/\",\"logo\":{\"@type\":\"ImageObject\",\"inLanguage\":\"sk-SK\",\"@id\":\"https:\\\/\\\/exparto.pl\\\/sk\\\/#\\\/schema\\\/logo\\\/image\\\/\",\"url\":\"https:\\\/\\\/exparto.pl\\\/wp-content\\\/uploads\\\/2023\\\/02\\\/logo-wektor.png\",\"contentUrl\":\"https:\\\/\\\/exparto.pl\\\/wp-content\\\/uploads\\\/2023\\\/02\\\/logo-wektor.png\",\"width\":1338,\"height\":143,\"caption\":\"EXPARTO\"},\"image\":{\"@id\":\"https:\\\/\\\/exparto.pl\\\/sk\\\/#\\\/schema\\\/logo\\\/image\\\/\"},\"sameAs\":[\"https:\\\/\\\/www.facebook.com\\\/exparto.agro\\\/\"]}]}<\/script>\n<!-- \/ Yoast SEO plugin. -->","yoast_head_json":{"title":"Palec podbieracza do prasy DEUTZ FAHR KVERNELAND Vicon PZ Taarup 16618868 - Exparto.pl","robots":{"index":"index","follow":"follow","max-snippet":"max-snippet:-1","max-image-preview":"max-image-preview:large","max-video-preview":"max-video-preview:-1"},"canonical":"https:\/\/exparto.pl\/sk\/produkt\/palec-podbieracza-do-prasy-deutz-fahr-kverneland-vicon-pz-taarup-16618868\/","og_locale":"sk_SK","og_type":"article","og_title":"Palec podbieracza do prasy DEUTZ FAHR KVERNELAND Vicon PZ Taarup 16618868 - Exparto.pl","og_description":"Palec podbieracza DEUTZ FAHR, KVERNELAND.","og_url":"https:\/\/exparto.pl\/sk\/produkt\/palec-podbieracza-do-prasy-deutz-fahr-kverneland-vicon-pz-taarup-16618868\/","og_site_name":"Exparto.pl","article_publisher":"https:\/\/www.facebook.com\/exparto.agro\/","article_modified_time":"2026-02-17T07:41:18+00:00","og_image":[{"width":1200,"height":1200,"url":"https:\/\/exparto.pl\/wp-content\/uploads\/2025\/05\/9af4244d976a82536837ab597575eafb.jpg","type":"image\/jpeg"}],"twitter_card":"summary_large_image","twitter_misc":{"Predpokladan\u00fd \u010das \u010d\u00edtania":"1 min\u00fata"},"schema":{"@context":"https:\/\/schema.org","@graph":[{"@type":"WebPage","@id":"https:\/\/exparto.pl\/sk\/produkt\/palec-podbieracza-do-prasy-deutz-fahr-kverneland-vicon-pz-taarup-16618868\/","url":"https:\/\/exparto.pl\/sk\/produkt\/palec-podbieracza-do-prasy-deutz-fahr-kverneland-vicon-pz-taarup-16618868\/","name":"Palec podbieracza do prasy DEUTZ FAHR KVERNELAND Vicon PZ Taarup 16618868 - Exparto.pl","isPartOf":{"@id":"https:\/\/exparto.pl\/sk\/#website"},"primaryImageOfPage":{"@id":"https:\/\/exparto.pl\/sk\/produkt\/palec-podbieracza-do-prasy-deutz-fahr-kverneland-vicon-pz-taarup-16618868\/#primaryimage"},"image":{"@id":"https:\/\/exparto.pl\/sk\/produkt\/palec-podbieracza-do-prasy-deutz-fahr-kverneland-vicon-pz-taarup-16618868\/#primaryimage"},"thumbnailUrl":"https:\/\/exparto.pl\/wp-content\/uploads\/2025\/05\/9af4244d976a82536837ab597575eafb.jpg","datePublished":"2025-05-28T18:04:57+00:00","dateModified":"2026-02-17T07:41:18+00:00","breadcrumb":{"@id":"https:\/\/exparto.pl\/sk\/produkt\/palec-podbieracza-do-prasy-deutz-fahr-kverneland-vicon-pz-taarup-16618868\/#breadcrumb"},"inLanguage":"sk-SK","potentialAction":[{"@type":"ReadAction","target":["https:\/\/exparto.pl\/sk\/produkt\/palec-podbieracza-do-prasy-deutz-fahr-kverneland-vicon-pz-taarup-16618868\/"]}]},{"@type":"ImageObject","inLanguage":"sk-SK","@id":"https:\/\/exparto.pl\/sk\/produkt\/palec-podbieracza-do-prasy-deutz-fahr-kverneland-vicon-pz-taarup-16618868\/#primaryimage","url":"https:\/\/exparto.pl\/wp-content\/uploads\/2025\/05\/9af4244d976a82536837ab597575eafb.jpg","contentUrl":"https:\/\/exparto.pl\/wp-content\/uploads\/2025\/05\/9af4244d976a82536837ab597575eafb.jpg","width":1200,"height":1200},{"@type":"BreadcrumbList","@id":"https:\/\/exparto.pl\/sk\/produkt\/palec-podbieracza-do-prasy-deutz-fahr-kverneland-vicon-pz-taarup-16618868\/#breadcrumb","itemListElement":[{"@type":"ListItem","position":1,"name":"Domovsk\u00e1 str\u00e1nka","item":"https:\/\/exparto.pl\/sk\/domovska-stranka\/"},{"@type":"ListItem","position":2,"name":"Sklep","item":"https:\/\/exparto.pl\/sklep\/"},{"@type":"ListItem","position":3,"name":"N\u00e1hradn\u00e9 diely pre lisy na okr\u00fahle bal\u00edky","item":"https:\/\/exparto.pl\/sk\/kategoria-produktov\/nahradne-diely-pre-lisy-na-okruhle-baliky\/"},{"@type":"ListItem","position":4,"name":"Palec podbieracza do prasy DEUTZ FAHR KVERNELAND Vicon PZ Taarup 16618868"}]},{"@type":"WebSite","@id":"https:\/\/exparto.pl\/sk\/#website","url":"https:\/\/exparto.pl\/sk\/","name":"EXPARTO","description":"More than agro parts","publisher":{"@id":"https:\/\/exparto.pl\/sk\/#organization"},"potentialAction":[{"@type":"SearchAction","target":{"@type":"EntryPoint","urlTemplate":"https:\/\/exparto.pl\/sk\/?s={search_term_string}"},"query-input":{"@type":"PropertyValueSpecification","valueRequired":true,"valueName":"search_term_string"}}],"inLanguage":"sk-SK"},{"@type":"Organization","@id":"https:\/\/exparto.pl\/sk\/#organization","name":"EXPARTO","url":"https:\/\/exparto.pl\/sk\/","logo":{"@type":"ImageObject","inLanguage":"sk-SK","@id":"https:\/\/exparto.pl\/sk\/#\/schema\/logo\/image\/","url":"https:\/\/exparto.pl\/wp-content\/uploads\/2023\/02\/logo-wektor.png","contentUrl":"https:\/\/exparto.pl\/wp-content\/uploads\/2023\/02\/logo-wektor.png","width":1338,"height":143,"caption":"EXPARTO"},"image":{"@id":"https:\/\/exparto.pl\/sk\/#\/schema\/logo\/image\/"},"sameAs":["https:\/\/www.facebook.com\/exparto.agro\/"]}]}},"_links":{"self":[{"href":"https:\/\/exparto.pl\/sk\/wp-json\/wp\/v2\/product\/48829","targetHints":{"allow":["GET"]}}],"collection":[{"href":"https:\/\/exparto.pl\/sk\/wp-json\/wp\/v2\/product"}],"about":[{"href":"https:\/\/exparto.pl\/sk\/wp-json\/wp\/v2\/types\/product"}],"replies":[{"embeddable":true,"href":"https:\/\/exparto.pl\/sk\/wp-json\/wp\/v2\/comments?post=48829"}],"wp:featuredmedia":[{"embeddable":true,"href":"https:\/\/exparto.pl\/sk\/wp-json\/wp\/v2\/media\/48819"}],"wp:attachment":[{"href":"https:\/\/exparto.pl\/sk\/wp-json\/wp\/v2\/media?parent=48829"}],"wp:term":[{"taxonomy":"product_brand","embeddable":true,"href":"https:\/\/exparto.pl\/sk\/wp-json\/wp\/v2\/product_brand?post=48829"},{"taxonomy":"product_cat","embeddable":true,"href":"https:\/\/exparto.pl\/sk\/wp-json\/wp\/v2\/product_cat?post=48829"},{"taxonomy":"product_tag","embeddable":true,"href":"https:\/\/exparto.pl\/sk\/wp-json\/wp\/v2\/product_tag?post=48829"}],"curies":[{"name":"wp","href":"https:\/\/api.w.org\/{rel}","templated":true}]}}