{"id":48840,"date":"2025-05-28T20:05:03","date_gmt":"2025-05-28T18:05:03","guid":{"rendered":"https:\/\/exparto.pl\/produkt\/palec-podbieracza-do-prasy-new-holland-80131673-80916061\/"},"modified":"2026-01-21T12:43:00","modified_gmt":"2026-01-21T11:43:00","slug":"palec-podbieracza-do-prasy-new-holland-80131673-80916061","status":"publish","type":"product","link":"https:\/\/exparto.pl\/sk\/produkt\/palec-podbieracza-do-prasy-new-holland-80131673-80916061\/","title":{"rendered":"Palec podbieracza do prasy NEW HOLLAND 80131673 80916061"},"content":{"rendered":"<p style=\"text-align: justify\">Palec podbieracza.<\/p>\n<p style=\"text-align: justify\"><b>Zastosowanie:\u00a0<\/b><\/p>\n<ul>\n<li style=\"text-align: justify\">prasy\u00a0 New Holland i Case<\/li>\n<li style=\"text-align: justify\">Case: RB455A, RB554, RB564, RBX552, RBX553, RBX561, RBX562, RBX563, RB444, RB454, RB464, RBX441, RBX442, RBX443, RBX451, RBX452, RBX453, RBX461, RBX462, RBX 463,<\/li>\n<li style=\"text-align: justify\">New Holland: 27P, 269, 272, 273, 275, 277, 278, 281, 282, 283, 285, 290, 310, 311, 315, 316, 320, 326, 340W, 420, 425, 426, 430, 500, 505, 515, 9W4, 990W, 1281, 1282, 1283, 1290, 1425, 1426, 1895W, BB930AP, BR730, BR730A, BR740A, BR750A, BR770, BR770A, BR780, BR780A, BR7050, BR7080, BR7090, BU7060, Roll-Belt 450, Roll-Belt 460, 268, 276, 286, 370, 376, 377, 378, 544 TT (Twin Twine) (2\/97-), 544BC (2\/97-), 548 (9\/02-), 548 (12\/00-7\/02), 548 Combi (3\/03-),640, 644, 648, 650, 654, 658, BR550, 560, 740, 750 ,6080, 6090, 7060, 7070<\/li>\n<\/ul>\n<p style=\"text-align: justify\"><b>Numer katalogowy:<\/b><\/p>\n<ul>\n<li style=\"text-align: justify\">87394242, 87035574, NH-1D, 80131673<\/li>\n<\/ul>\n","protected":false},"excerpt":{"rendered":"<p style=\"text-align: justify\">Palec podbieracza NEW HOLLAND.<\/p>\n","protected":false},"featured_media":48830,"comment_status":"open","ping_status":"closed","template":"","meta":{"_acf_changed":false,"inline_featured_image":false},"product_brand":[],"product_cat":[785,1000],"product_tag":[],"class_list":{"0":"post-48840","1":"product","2":"type-product","3":"status-publish","4":"has-post-thumbnail","6":"product_cat-czesci-do-prasy-rolujacej","7":"product_cat-new-holland","9":"first","10":"outofstock","11":"taxable","12":"shipping-taxable","13":"purchasable","14":"product-type-simple"},"acf":[],"yoast_head":"<!-- This site is optimized with the Yoast SEO plugin v27.3 - https:\/\/yoast.com\/product\/yoast-seo-wordpress\/ -->\n<title>Palec podbieracza do prasy NEW HOLLAND 80131673 80916061 - Exparto.pl<\/title>\n<meta name=\"robots\" content=\"index, follow, max-snippet:-1, max-image-preview:large, max-video-preview:-1\" \/>\n<link rel=\"canonical\" href=\"https:\/\/exparto.pl\/sk\/produkt\/palec-podbieracza-do-prasy-new-holland-80131673-80916061\/\" \/>\n<meta property=\"og:locale\" content=\"sk_SK\" \/>\n<meta property=\"og:type\" content=\"article\" \/>\n<meta property=\"og:title\" content=\"Palec podbieracza do prasy NEW HOLLAND 80131673 80916061 - Exparto.pl\" \/>\n<meta property=\"og:description\" content=\"Palec podbieracza NEW HOLLAND.\" \/>\n<meta property=\"og:url\" content=\"https:\/\/exparto.pl\/sk\/produkt\/palec-podbieracza-do-prasy-new-holland-80131673-80916061\/\" \/>\n<meta property=\"og:site_name\" content=\"Exparto.pl\" \/>\n<meta property=\"article:publisher\" content=\"https:\/\/www.facebook.com\/exparto.agro\/\" \/>\n<meta property=\"article:modified_time\" content=\"2026-01-21T11:43:00+00:00\" \/>\n<meta property=\"og:image\" content=\"https:\/\/exparto.pl\/wp-content\/uploads\/2025\/05\/78f1100df2e582d7abf80683becc27e0.jpg\" \/>\n\t<meta property=\"og:image:width\" content=\"1200\" \/>\n\t<meta property=\"og:image:height\" content=\"1200\" \/>\n\t<meta property=\"og:image:type\" content=\"image\/jpeg\" \/>\n<meta name=\"twitter:card\" content=\"summary_large_image\" \/>\n<meta name=\"twitter:label1\" content=\"Predpokladan\u00fd \u010das \u010d\u00edtania\" \/>\n\t<meta name=\"twitter:data1\" content=\"1 min\u00fata\" \/>\n<script type=\"application\/ld+json\" class=\"yoast-schema-graph\">{\"@context\":\"https:\\\/\\\/schema.org\",\"@graph\":[{\"@type\":\"WebPage\",\"@id\":\"https:\\\/\\\/exparto.pl\\\/sk\\\/produkt\\\/palec-podbieracza-do-prasy-new-holland-80131673-80916061\\\/\",\"url\":\"https:\\\/\\\/exparto.pl\\\/sk\\\/produkt\\\/palec-podbieracza-do-prasy-new-holland-80131673-80916061\\\/\",\"name\":\"Palec podbieracza do prasy NEW HOLLAND 80131673 80916061 - Exparto.pl\",\"isPartOf\":{\"@id\":\"https:\\\/\\\/exparto.pl\\\/sk\\\/#website\"},\"primaryImageOfPage\":{\"@id\":\"https:\\\/\\\/exparto.pl\\\/sk\\\/produkt\\\/palec-podbieracza-do-prasy-new-holland-80131673-80916061\\\/#primaryimage\"},\"image\":{\"@id\":\"https:\\\/\\\/exparto.pl\\\/sk\\\/produkt\\\/palec-podbieracza-do-prasy-new-holland-80131673-80916061\\\/#primaryimage\"},\"thumbnailUrl\":\"https:\\\/\\\/exparto.pl\\\/wp-content\\\/uploads\\\/2025\\\/05\\\/78f1100df2e582d7abf80683becc27e0.jpg\",\"datePublished\":\"2025-05-28T18:05:03+00:00\",\"dateModified\":\"2026-01-21T11:43:00+00:00\",\"breadcrumb\":{\"@id\":\"https:\\\/\\\/exparto.pl\\\/sk\\\/produkt\\\/palec-podbieracza-do-prasy-new-holland-80131673-80916061\\\/#breadcrumb\"},\"inLanguage\":\"sk-SK\",\"potentialAction\":[{\"@type\":\"ReadAction\",\"target\":[\"https:\\\/\\\/exparto.pl\\\/sk\\\/produkt\\\/palec-podbieracza-do-prasy-new-holland-80131673-80916061\\\/\"]}]},{\"@type\":\"ImageObject\",\"inLanguage\":\"sk-SK\",\"@id\":\"https:\\\/\\\/exparto.pl\\\/sk\\\/produkt\\\/palec-podbieracza-do-prasy-new-holland-80131673-80916061\\\/#primaryimage\",\"url\":\"https:\\\/\\\/exparto.pl\\\/wp-content\\\/uploads\\\/2025\\\/05\\\/78f1100df2e582d7abf80683becc27e0.jpg\",\"contentUrl\":\"https:\\\/\\\/exparto.pl\\\/wp-content\\\/uploads\\\/2025\\\/05\\\/78f1100df2e582d7abf80683becc27e0.jpg\",\"width\":1200,\"height\":1200},{\"@type\":\"BreadcrumbList\",\"@id\":\"https:\\\/\\\/exparto.pl\\\/sk\\\/produkt\\\/palec-podbieracza-do-prasy-new-holland-80131673-80916061\\\/#breadcrumb\",\"itemListElement\":[{\"@type\":\"ListItem\",\"position\":1,\"name\":\"Domovsk\u00e1 str\u00e1nka\",\"item\":\"https:\\\/\\\/exparto.pl\\\/sk\\\/domovska-stranka\\\/\"},{\"@type\":\"ListItem\",\"position\":2,\"name\":\"Sklep\",\"item\":\"https:\\\/\\\/exparto.pl\\\/sklep\\\/\"},{\"@type\":\"ListItem\",\"position\":3,\"name\":\"N\u00e1hradn\u00e9 diely pre lisy na okr\u00fahle bal\u00edky\",\"item\":\"https:\\\/\\\/exparto.pl\\\/sk\\\/kategoria-produktov\\\/nahradne-diely-pre-lisy-na-okruhle-baliky\\\/\"},{\"@type\":\"ListItem\",\"position\":4,\"name\":\"Palec podbieracza do prasy NEW HOLLAND 80131673 80916061\"}]},{\"@type\":\"WebSite\",\"@id\":\"https:\\\/\\\/exparto.pl\\\/sk\\\/#website\",\"url\":\"https:\\\/\\\/exparto.pl\\\/sk\\\/\",\"name\":\"EXPARTO\",\"description\":\"More than agro parts\",\"publisher\":{\"@id\":\"https:\\\/\\\/exparto.pl\\\/sk\\\/#organization\"},\"potentialAction\":[{\"@type\":\"SearchAction\",\"target\":{\"@type\":\"EntryPoint\",\"urlTemplate\":\"https:\\\/\\\/exparto.pl\\\/sk\\\/?s={search_term_string}\"},\"query-input\":{\"@type\":\"PropertyValueSpecification\",\"valueRequired\":true,\"valueName\":\"search_term_string\"}}],\"inLanguage\":\"sk-SK\"},{\"@type\":\"Organization\",\"@id\":\"https:\\\/\\\/exparto.pl\\\/sk\\\/#organization\",\"name\":\"EXPARTO\",\"url\":\"https:\\\/\\\/exparto.pl\\\/sk\\\/\",\"logo\":{\"@type\":\"ImageObject\",\"inLanguage\":\"sk-SK\",\"@id\":\"https:\\\/\\\/exparto.pl\\\/sk\\\/#\\\/schema\\\/logo\\\/image\\\/\",\"url\":\"https:\\\/\\\/exparto.pl\\\/wp-content\\\/uploads\\\/2023\\\/02\\\/logo-wektor.png\",\"contentUrl\":\"https:\\\/\\\/exparto.pl\\\/wp-content\\\/uploads\\\/2023\\\/02\\\/logo-wektor.png\",\"width\":1338,\"height\":143,\"caption\":\"EXPARTO\"},\"image\":{\"@id\":\"https:\\\/\\\/exparto.pl\\\/sk\\\/#\\\/schema\\\/logo\\\/image\\\/\"},\"sameAs\":[\"https:\\\/\\\/www.facebook.com\\\/exparto.agro\\\/\"]}]}<\/script>\n<!-- \/ Yoast SEO plugin. -->","yoast_head_json":{"title":"Palec podbieracza do prasy NEW HOLLAND 80131673 80916061 - Exparto.pl","robots":{"index":"index","follow":"follow","max-snippet":"max-snippet:-1","max-image-preview":"max-image-preview:large","max-video-preview":"max-video-preview:-1"},"canonical":"https:\/\/exparto.pl\/sk\/produkt\/palec-podbieracza-do-prasy-new-holland-80131673-80916061\/","og_locale":"sk_SK","og_type":"article","og_title":"Palec podbieracza do prasy NEW HOLLAND 80131673 80916061 - Exparto.pl","og_description":"Palec podbieracza NEW HOLLAND.","og_url":"https:\/\/exparto.pl\/sk\/produkt\/palec-podbieracza-do-prasy-new-holland-80131673-80916061\/","og_site_name":"Exparto.pl","article_publisher":"https:\/\/www.facebook.com\/exparto.agro\/","article_modified_time":"2026-01-21T11:43:00+00:00","og_image":[{"width":1200,"height":1200,"url":"https:\/\/exparto.pl\/wp-content\/uploads\/2025\/05\/78f1100df2e582d7abf80683becc27e0.jpg","type":"image\/jpeg"}],"twitter_card":"summary_large_image","twitter_misc":{"Predpokladan\u00fd \u010das \u010d\u00edtania":"1 min\u00fata"},"schema":{"@context":"https:\/\/schema.org","@graph":[{"@type":"WebPage","@id":"https:\/\/exparto.pl\/sk\/produkt\/palec-podbieracza-do-prasy-new-holland-80131673-80916061\/","url":"https:\/\/exparto.pl\/sk\/produkt\/palec-podbieracza-do-prasy-new-holland-80131673-80916061\/","name":"Palec podbieracza do prasy NEW HOLLAND 80131673 80916061 - Exparto.pl","isPartOf":{"@id":"https:\/\/exparto.pl\/sk\/#website"},"primaryImageOfPage":{"@id":"https:\/\/exparto.pl\/sk\/produkt\/palec-podbieracza-do-prasy-new-holland-80131673-80916061\/#primaryimage"},"image":{"@id":"https:\/\/exparto.pl\/sk\/produkt\/palec-podbieracza-do-prasy-new-holland-80131673-80916061\/#primaryimage"},"thumbnailUrl":"https:\/\/exparto.pl\/wp-content\/uploads\/2025\/05\/78f1100df2e582d7abf80683becc27e0.jpg","datePublished":"2025-05-28T18:05:03+00:00","dateModified":"2026-01-21T11:43:00+00:00","breadcrumb":{"@id":"https:\/\/exparto.pl\/sk\/produkt\/palec-podbieracza-do-prasy-new-holland-80131673-80916061\/#breadcrumb"},"inLanguage":"sk-SK","potentialAction":[{"@type":"ReadAction","target":["https:\/\/exparto.pl\/sk\/produkt\/palec-podbieracza-do-prasy-new-holland-80131673-80916061\/"]}]},{"@type":"ImageObject","inLanguage":"sk-SK","@id":"https:\/\/exparto.pl\/sk\/produkt\/palec-podbieracza-do-prasy-new-holland-80131673-80916061\/#primaryimage","url":"https:\/\/exparto.pl\/wp-content\/uploads\/2025\/05\/78f1100df2e582d7abf80683becc27e0.jpg","contentUrl":"https:\/\/exparto.pl\/wp-content\/uploads\/2025\/05\/78f1100df2e582d7abf80683becc27e0.jpg","width":1200,"height":1200},{"@type":"BreadcrumbList","@id":"https:\/\/exparto.pl\/sk\/produkt\/palec-podbieracza-do-prasy-new-holland-80131673-80916061\/#breadcrumb","itemListElement":[{"@type":"ListItem","position":1,"name":"Domovsk\u00e1 str\u00e1nka","item":"https:\/\/exparto.pl\/sk\/domovska-stranka\/"},{"@type":"ListItem","position":2,"name":"Sklep","item":"https:\/\/exparto.pl\/sklep\/"},{"@type":"ListItem","position":3,"name":"N\u00e1hradn\u00e9 diely pre lisy na okr\u00fahle bal\u00edky","item":"https:\/\/exparto.pl\/sk\/kategoria-produktov\/nahradne-diely-pre-lisy-na-okruhle-baliky\/"},{"@type":"ListItem","position":4,"name":"Palec podbieracza do prasy NEW HOLLAND 80131673 80916061"}]},{"@type":"WebSite","@id":"https:\/\/exparto.pl\/sk\/#website","url":"https:\/\/exparto.pl\/sk\/","name":"EXPARTO","description":"More than agro parts","publisher":{"@id":"https:\/\/exparto.pl\/sk\/#organization"},"potentialAction":[{"@type":"SearchAction","target":{"@type":"EntryPoint","urlTemplate":"https:\/\/exparto.pl\/sk\/?s={search_term_string}"},"query-input":{"@type":"PropertyValueSpecification","valueRequired":true,"valueName":"search_term_string"}}],"inLanguage":"sk-SK"},{"@type":"Organization","@id":"https:\/\/exparto.pl\/sk\/#organization","name":"EXPARTO","url":"https:\/\/exparto.pl\/sk\/","logo":{"@type":"ImageObject","inLanguage":"sk-SK","@id":"https:\/\/exparto.pl\/sk\/#\/schema\/logo\/image\/","url":"https:\/\/exparto.pl\/wp-content\/uploads\/2023\/02\/logo-wektor.png","contentUrl":"https:\/\/exparto.pl\/wp-content\/uploads\/2023\/02\/logo-wektor.png","width":1338,"height":143,"caption":"EXPARTO"},"image":{"@id":"https:\/\/exparto.pl\/sk\/#\/schema\/logo\/image\/"},"sameAs":["https:\/\/www.facebook.com\/exparto.agro\/"]}]}},"_links":{"self":[{"href":"https:\/\/exparto.pl\/sk\/wp-json\/wp\/v2\/product\/48840","targetHints":{"allow":["GET"]}}],"collection":[{"href":"https:\/\/exparto.pl\/sk\/wp-json\/wp\/v2\/product"}],"about":[{"href":"https:\/\/exparto.pl\/sk\/wp-json\/wp\/v2\/types\/product"}],"replies":[{"embeddable":true,"href":"https:\/\/exparto.pl\/sk\/wp-json\/wp\/v2\/comments?post=48840"}],"wp:featuredmedia":[{"embeddable":true,"href":"https:\/\/exparto.pl\/sk\/wp-json\/wp\/v2\/media\/48830"}],"wp:attachment":[{"href":"https:\/\/exparto.pl\/sk\/wp-json\/wp\/v2\/media?parent=48840"}],"wp:term":[{"taxonomy":"product_brand","embeddable":true,"href":"https:\/\/exparto.pl\/sk\/wp-json\/wp\/v2\/product_brand?post=48840"},{"taxonomy":"product_cat","embeddable":true,"href":"https:\/\/exparto.pl\/sk\/wp-json\/wp\/v2\/product_cat?post=48840"},{"taxonomy":"product_tag","embeddable":true,"href":"https:\/\/exparto.pl\/sk\/wp-json\/wp\/v2\/product_tag?post=48840"}],"curies":[{"name":"wp","href":"https:\/\/api.w.org\/{rel}","templated":true}]}}