{"id":62330,"date":"2026-02-06T13:45:13","date_gmt":"2026-02-06T12:45:13","guid":{"rendered":"https:\/\/exparto.pl\/produkt\/rozdzielacz-sekcyjny-hd-kompensacyjny-stalocisnieniowy-51\/"},"modified":"2026-02-12T13:30:16","modified_gmt":"2026-02-12T12:30:16","slug":"rozdzielacz-sekcyjny-hd-kompensacyjny-stalocisnieniowy-51","status":"publish","type":"product","link":"https:\/\/exparto.pl\/sk\/produkt\/rozdzielacz-sekcyjny-hd-kompensacyjny-stalocisnieniowy-51\/","title":{"rendered":"Rozdzielacz sekcyjny HD kompensacyjny sta\u0142oci\u015bnieniowy (5+1)"},"content":{"rendered":"<section class=\"section\">\n<div class=\"item item-12\">\n<section class=\"text-item\">\n<div>\n<p data-start=\"188\" data-end=\"481\" style=\"text-align: justify\">Rozdzielacz sekcyjny kompensacyjny zosta\u0142 zaprojektowany z my\u015bl\u0105 o stabilnej pracy uk\u0142adu opryskowego. <b>Zapewnia utrzymanie sta\u0142ego ci\u015bnienia roboczego niezale\u017cnie od liczby aktualnie zamkni\u0119tych sekcji, co pozwala na r\u00f3wnomierne i precyzyjne dzia\u0142anie opryskiwacza w zmiennych warunkach pracy.<\/b><\/p>\n<p data-start=\"483\" data-end=\"939\" style=\"text-align: justify\">Korpus rozdzielacza wykonano ze specjalnie wzmocnionego kopolimeru, odpornego na uszkodzenia mechaniczne. Zastosowane uszczelnienia<b> z innowacyjnego materia\u0142u Verdesil<\/b> na bazie silikonu gwarantuj\u0105 wysoki poziom szczelno\u015bci oraz trwa\u0142o\u015b\u0107 w d\u0142ugotrwa\u0142ej eksploatacji. Rozdzielacz wyposa\u017cono w jedn\u0105 z <b>najwi\u0119kszych powierzchni filtracji<\/b> w swojej klasie.<\/p>\n<p data-start=\"941\" data-end=\"1280\" style=\"text-align: justify\">Konstrukcja umo\u017cliwia \u0142atw\u0105 obs\u0142ug\u0119 i konserwacj\u0119 dzi\u0119ki r\u0119cznemu demonta\u017cowi zaworu g\u0142\u00f3wnego bez u\u017cycia narz\u0119dzi. Budowa rozdzielacza zapewnia pe\u0142n\u0105 kompatybilno\u015b\u0107 z wi\u0119kszo\u015bci\u0105 opryskiwaczy dost\u0119pnych na rynku.<\/p>\n<p data-start=\"941\" data-end=\"1280\" style=\"text-align: justify\"><b>Numery por\u00f3wnawcze:<\/b><\/p>\n<p data-start=\"941\" data-end=\"1280\">\n<ul>\n<li style=\"text-align: justify\">ROZDZ6K<\/li>\n<li style=\"text-align: justify\">228543<\/li>\n<\/ul>\n<\/div>\n<\/section><\/div>\n<\/section>\n","protected":false},"excerpt":{"rendered":"<section class=\"section\">\n<div class=\"item item-12\">\n<section class=\"text-item\">\n<p style=\"text-align: justify\">Rozdzielacz sekcyjny kompensacyjny zosta\u0142 zaprojektowany z my\u015bl\u0105 o stabilnej pracy uk\u0142adu opryskowego. Zapewnia utrzymanie sta\u0142ego ci\u015bnienia roboczego niezale\u017cnie od liczby aktualnie zamkni\u0119tych sekcji, co pozwala na r\u00f3wnomierne i precyzyjne dzia\u0142anie opryskiwacza w zmiennych warunkach pracy.<\/p>\n<\/section><\/div>\n<\/section>\n","protected":false},"featured_media":62656,"comment_status":"open","ping_status":"closed","template":"","meta":{"_acf_changed":false,"inline_featured_image":false},"product_brand":[1018],"product_cat":[47,154],"product_tag":[1016],"class_list":{"0":"post-62330","1":"product","2":"type-product","3":"status-publish","4":"has-post-thumbnail","6":"product_brand-agroplast","7":"product_cat-czesci-do-opryskiwaczy","8":"product_cat-rozdzielacze","9":"product_tag-feed-do-przerobienia","11":"first","12":"outofstock","13":"taxable","14":"shipping-taxable","15":"purchasable","16":"product-type-simple"},"acf":[],"yoast_head":"<!-- This site is optimized with the Yoast SEO plugin v27.3 - https:\/\/yoast.com\/product\/yoast-seo-wordpress\/ -->\n<title>Rozdzielacz sekcyjny HD kompensacyjny sta\u0142oci\u015bnieniowy (5+1) - Exparto.pl<\/title>\n<meta name=\"robots\" content=\"index, follow, max-snippet:-1, max-image-preview:large, max-video-preview:-1\" \/>\n<link rel=\"canonical\" href=\"https:\/\/exparto.pl\/sk\/produkt\/rozdzielacz-sekcyjny-hd-kompensacyjny-stalocisnieniowy-51\/\" \/>\n<meta property=\"og:locale\" content=\"sk_SK\" \/>\n<meta property=\"og:type\" content=\"article\" \/>\n<meta property=\"og:title\" content=\"Rozdzielacz sekcyjny HD kompensacyjny sta\u0142oci\u015bnieniowy (5+1) - Exparto.pl\" \/>\n<meta property=\"og:description\" content=\"Rozdzielacz sekcyjny kompensacyjny zosta\u0142 zaprojektowany z my\u015bl\u0105 o stabilnej pracy uk\u0142adu opryskowego. Zapewnia utrzymanie sta\u0142ego ci\u015bnienia roboczego niezale\u017cnie od liczby aktualnie zamkni\u0119tych sekcji, co pozwala na r\u00f3wnomierne i precyzyjne dzia\u0142anie opryskiwacza w zmiennych warunkach pracy.\" \/>\n<meta property=\"og:url\" content=\"https:\/\/exparto.pl\/sk\/produkt\/rozdzielacz-sekcyjny-hd-kompensacyjny-stalocisnieniowy-51\/\" \/>\n<meta property=\"og:site_name\" content=\"Exparto.pl\" \/>\n<meta property=\"article:publisher\" content=\"https:\/\/www.facebook.com\/exparto.agro\/\" \/>\n<meta property=\"article:modified_time\" content=\"2026-02-12T12:30:16+00:00\" \/>\n<meta property=\"og:image\" content=\"https:\/\/exparto.pl\/wp-content\/uploads\/2026\/02\/2e76ba82e4faf8a0c74409480cb97cdf.jpg\" \/>\n\t<meta property=\"og:image:width\" content=\"1200\" \/>\n\t<meta property=\"og:image:height\" content=\"1200\" \/>\n\t<meta property=\"og:image:type\" content=\"image\/jpeg\" \/>\n<meta name=\"twitter:card\" content=\"summary_large_image\" \/>\n<meta name=\"twitter:label1\" content=\"Predpokladan\u00fd \u010das \u010d\u00edtania\" \/>\n\t<meta name=\"twitter:data1\" content=\"1 min\u00fata\" \/>\n<script type=\"application\/ld+json\" class=\"yoast-schema-graph\">{\"@context\":\"https:\\\/\\\/schema.org\",\"@graph\":[{\"@type\":\"WebPage\",\"@id\":\"https:\\\/\\\/exparto.pl\\\/sk\\\/produkt\\\/rozdzielacz-sekcyjny-hd-kompensacyjny-stalocisnieniowy-51\\\/\",\"url\":\"https:\\\/\\\/exparto.pl\\\/sk\\\/produkt\\\/rozdzielacz-sekcyjny-hd-kompensacyjny-stalocisnieniowy-51\\\/\",\"name\":\"Rozdzielacz sekcyjny HD kompensacyjny sta\u0142oci\u015bnieniowy (5+1) - Exparto.pl\",\"isPartOf\":{\"@id\":\"https:\\\/\\\/exparto.pl\\\/sk\\\/#website\"},\"primaryImageOfPage\":{\"@id\":\"https:\\\/\\\/exparto.pl\\\/sk\\\/produkt\\\/rozdzielacz-sekcyjny-hd-kompensacyjny-stalocisnieniowy-51\\\/#primaryimage\"},\"image\":{\"@id\":\"https:\\\/\\\/exparto.pl\\\/sk\\\/produkt\\\/rozdzielacz-sekcyjny-hd-kompensacyjny-stalocisnieniowy-51\\\/#primaryimage\"},\"thumbnailUrl\":\"https:\\\/\\\/exparto.pl\\\/wp-content\\\/uploads\\\/2026\\\/02\\\/5922b0e6ae3a63c0b0b6afc5c9ab1109.jpg\",\"datePublished\":\"2026-02-06T12:45:13+00:00\",\"dateModified\":\"2026-02-12T12:30:16+00:00\",\"breadcrumb\":{\"@id\":\"https:\\\/\\\/exparto.pl\\\/sk\\\/produkt\\\/rozdzielacz-sekcyjny-hd-kompensacyjny-stalocisnieniowy-51\\\/#breadcrumb\"},\"inLanguage\":\"sk-SK\",\"potentialAction\":[{\"@type\":\"ReadAction\",\"target\":[\"https:\\\/\\\/exparto.pl\\\/sk\\\/produkt\\\/rozdzielacz-sekcyjny-hd-kompensacyjny-stalocisnieniowy-51\\\/\"]}]},{\"@type\":\"ImageObject\",\"inLanguage\":\"sk-SK\",\"@id\":\"https:\\\/\\\/exparto.pl\\\/sk\\\/produkt\\\/rozdzielacz-sekcyjny-hd-kompensacyjny-stalocisnieniowy-51\\\/#primaryimage\",\"url\":\"https:\\\/\\\/exparto.pl\\\/wp-content\\\/uploads\\\/2026\\\/02\\\/5922b0e6ae3a63c0b0b6afc5c9ab1109.jpg\",\"contentUrl\":\"https:\\\/\\\/exparto.pl\\\/wp-content\\\/uploads\\\/2026\\\/02\\\/5922b0e6ae3a63c0b0b6afc5c9ab1109.jpg\",\"width\":1200,\"height\":1200,\"caption\":\"5c344c675b8ac7d8114f752a42b6c9ff\"},{\"@type\":\"BreadcrumbList\",\"@id\":\"https:\\\/\\\/exparto.pl\\\/sk\\\/produkt\\\/rozdzielacz-sekcyjny-hd-kompensacyjny-stalocisnieniowy-51\\\/#breadcrumb\",\"itemListElement\":[{\"@type\":\"ListItem\",\"position\":1,\"name\":\"Domovsk\u00e1 str\u00e1nka\",\"item\":\"https:\\\/\\\/exparto.pl\\\/sk\\\/domovska-stranka\\\/\"},{\"@type\":\"ListItem\",\"position\":2,\"name\":\"Sklep\",\"item\":\"https:\\\/\\\/exparto.pl\\\/sklep\\\/\"},{\"@type\":\"ListItem\",\"position\":3,\"name\":\"N\u00e1hradn\u00e9 diely pre postrekova\u010de\",\"item\":\"https:\\\/\\\/exparto.pl\\\/sk\\\/kategoria-produktov\\\/nahradne-diely-pre-postrekovace\\\/\"},{\"@type\":\"ListItem\",\"position\":4,\"name\":\"Rozde\u013eova\u010de\",\"item\":\"https:\\\/\\\/exparto.pl\\\/sk\\\/kategoria-produktov\\\/nahradne-diely-pre-postrekovace\\\/rozdelovace\\\/\"},{\"@type\":\"ListItem\",\"position\":5,\"name\":\"Rozdzielacz sekcyjny HD kompensacyjny sta\u0142oci\u015bnieniowy (5+1)\"}]},{\"@type\":\"WebSite\",\"@id\":\"https:\\\/\\\/exparto.pl\\\/sk\\\/#website\",\"url\":\"https:\\\/\\\/exparto.pl\\\/sk\\\/\",\"name\":\"EXPARTO\",\"description\":\"More than agro parts\",\"publisher\":{\"@id\":\"https:\\\/\\\/exparto.pl\\\/sk\\\/#organization\"},\"potentialAction\":[{\"@type\":\"SearchAction\",\"target\":{\"@type\":\"EntryPoint\",\"urlTemplate\":\"https:\\\/\\\/exparto.pl\\\/sk\\\/?s={search_term_string}\"},\"query-input\":{\"@type\":\"PropertyValueSpecification\",\"valueRequired\":true,\"valueName\":\"search_term_string\"}}],\"inLanguage\":\"sk-SK\"},{\"@type\":\"Organization\",\"@id\":\"https:\\\/\\\/exparto.pl\\\/sk\\\/#organization\",\"name\":\"EXPARTO\",\"url\":\"https:\\\/\\\/exparto.pl\\\/sk\\\/\",\"logo\":{\"@type\":\"ImageObject\",\"inLanguage\":\"sk-SK\",\"@id\":\"https:\\\/\\\/exparto.pl\\\/sk\\\/#\\\/schema\\\/logo\\\/image\\\/\",\"url\":\"https:\\\/\\\/exparto.pl\\\/wp-content\\\/uploads\\\/2023\\\/02\\\/logo-wektor.png\",\"contentUrl\":\"https:\\\/\\\/exparto.pl\\\/wp-content\\\/uploads\\\/2023\\\/02\\\/logo-wektor.png\",\"width\":1338,\"height\":143,\"caption\":\"EXPARTO\"},\"image\":{\"@id\":\"https:\\\/\\\/exparto.pl\\\/sk\\\/#\\\/schema\\\/logo\\\/image\\\/\"},\"sameAs\":[\"https:\\\/\\\/www.facebook.com\\\/exparto.agro\\\/\"]}]}<\/script>\n<!-- \/ Yoast SEO plugin. -->","yoast_head_json":{"title":"Rozdzielacz sekcyjny HD kompensacyjny sta\u0142oci\u015bnieniowy (5+1) - Exparto.pl","robots":{"index":"index","follow":"follow","max-snippet":"max-snippet:-1","max-image-preview":"max-image-preview:large","max-video-preview":"max-video-preview:-1"},"canonical":"https:\/\/exparto.pl\/sk\/produkt\/rozdzielacz-sekcyjny-hd-kompensacyjny-stalocisnieniowy-51\/","og_locale":"sk_SK","og_type":"article","og_title":"Rozdzielacz sekcyjny HD kompensacyjny sta\u0142oci\u015bnieniowy (5+1) - Exparto.pl","og_description":"Rozdzielacz sekcyjny kompensacyjny zosta\u0142 zaprojektowany z my\u015bl\u0105 o stabilnej pracy uk\u0142adu opryskowego. Zapewnia utrzymanie sta\u0142ego ci\u015bnienia roboczego niezale\u017cnie od liczby aktualnie zamkni\u0119tych sekcji, co pozwala na r\u00f3wnomierne i precyzyjne dzia\u0142anie opryskiwacza w zmiennych warunkach pracy.","og_url":"https:\/\/exparto.pl\/sk\/produkt\/rozdzielacz-sekcyjny-hd-kompensacyjny-stalocisnieniowy-51\/","og_site_name":"Exparto.pl","article_publisher":"https:\/\/www.facebook.com\/exparto.agro\/","article_modified_time":"2026-02-12T12:30:16+00:00","og_image":[{"width":1200,"height":1200,"url":"https:\/\/exparto.pl\/wp-content\/uploads\/2026\/02\/2e76ba82e4faf8a0c74409480cb97cdf.jpg","type":"image\/jpeg"}],"twitter_card":"summary_large_image","twitter_misc":{"Predpokladan\u00fd \u010das \u010d\u00edtania":"1 min\u00fata"},"schema":{"@context":"https:\/\/schema.org","@graph":[{"@type":"WebPage","@id":"https:\/\/exparto.pl\/sk\/produkt\/rozdzielacz-sekcyjny-hd-kompensacyjny-stalocisnieniowy-51\/","url":"https:\/\/exparto.pl\/sk\/produkt\/rozdzielacz-sekcyjny-hd-kompensacyjny-stalocisnieniowy-51\/","name":"Rozdzielacz sekcyjny HD kompensacyjny sta\u0142oci\u015bnieniowy (5+1) - Exparto.pl","isPartOf":{"@id":"https:\/\/exparto.pl\/sk\/#website"},"primaryImageOfPage":{"@id":"https:\/\/exparto.pl\/sk\/produkt\/rozdzielacz-sekcyjny-hd-kompensacyjny-stalocisnieniowy-51\/#primaryimage"},"image":{"@id":"https:\/\/exparto.pl\/sk\/produkt\/rozdzielacz-sekcyjny-hd-kompensacyjny-stalocisnieniowy-51\/#primaryimage"},"thumbnailUrl":"https:\/\/exparto.pl\/wp-content\/uploads\/2026\/02\/5922b0e6ae3a63c0b0b6afc5c9ab1109.jpg","datePublished":"2026-02-06T12:45:13+00:00","dateModified":"2026-02-12T12:30:16+00:00","breadcrumb":{"@id":"https:\/\/exparto.pl\/sk\/produkt\/rozdzielacz-sekcyjny-hd-kompensacyjny-stalocisnieniowy-51\/#breadcrumb"},"inLanguage":"sk-SK","potentialAction":[{"@type":"ReadAction","target":["https:\/\/exparto.pl\/sk\/produkt\/rozdzielacz-sekcyjny-hd-kompensacyjny-stalocisnieniowy-51\/"]}]},{"@type":"ImageObject","inLanguage":"sk-SK","@id":"https:\/\/exparto.pl\/sk\/produkt\/rozdzielacz-sekcyjny-hd-kompensacyjny-stalocisnieniowy-51\/#primaryimage","url":"https:\/\/exparto.pl\/wp-content\/uploads\/2026\/02\/5922b0e6ae3a63c0b0b6afc5c9ab1109.jpg","contentUrl":"https:\/\/exparto.pl\/wp-content\/uploads\/2026\/02\/5922b0e6ae3a63c0b0b6afc5c9ab1109.jpg","width":1200,"height":1200,"caption":"5c344c675b8ac7d8114f752a42b6c9ff"},{"@type":"BreadcrumbList","@id":"https:\/\/exparto.pl\/sk\/produkt\/rozdzielacz-sekcyjny-hd-kompensacyjny-stalocisnieniowy-51\/#breadcrumb","itemListElement":[{"@type":"ListItem","position":1,"name":"Domovsk\u00e1 str\u00e1nka","item":"https:\/\/exparto.pl\/sk\/domovska-stranka\/"},{"@type":"ListItem","position":2,"name":"Sklep","item":"https:\/\/exparto.pl\/sklep\/"},{"@type":"ListItem","position":3,"name":"N\u00e1hradn\u00e9 diely pre postrekova\u010de","item":"https:\/\/exparto.pl\/sk\/kategoria-produktov\/nahradne-diely-pre-postrekovace\/"},{"@type":"ListItem","position":4,"name":"Rozde\u013eova\u010de","item":"https:\/\/exparto.pl\/sk\/kategoria-produktov\/nahradne-diely-pre-postrekovace\/rozdelovace\/"},{"@type":"ListItem","position":5,"name":"Rozdzielacz sekcyjny HD kompensacyjny sta\u0142oci\u015bnieniowy (5+1)"}]},{"@type":"WebSite","@id":"https:\/\/exparto.pl\/sk\/#website","url":"https:\/\/exparto.pl\/sk\/","name":"EXPARTO","description":"More than agro parts","publisher":{"@id":"https:\/\/exparto.pl\/sk\/#organization"},"potentialAction":[{"@type":"SearchAction","target":{"@type":"EntryPoint","urlTemplate":"https:\/\/exparto.pl\/sk\/?s={search_term_string}"},"query-input":{"@type":"PropertyValueSpecification","valueRequired":true,"valueName":"search_term_string"}}],"inLanguage":"sk-SK"},{"@type":"Organization","@id":"https:\/\/exparto.pl\/sk\/#organization","name":"EXPARTO","url":"https:\/\/exparto.pl\/sk\/","logo":{"@type":"ImageObject","inLanguage":"sk-SK","@id":"https:\/\/exparto.pl\/sk\/#\/schema\/logo\/image\/","url":"https:\/\/exparto.pl\/wp-content\/uploads\/2023\/02\/logo-wektor.png","contentUrl":"https:\/\/exparto.pl\/wp-content\/uploads\/2023\/02\/logo-wektor.png","width":1338,"height":143,"caption":"EXPARTO"},"image":{"@id":"https:\/\/exparto.pl\/sk\/#\/schema\/logo\/image\/"},"sameAs":["https:\/\/www.facebook.com\/exparto.agro\/"]}]}},"_links":{"self":[{"href":"https:\/\/exparto.pl\/sk\/wp-json\/wp\/v2\/product\/62330","targetHints":{"allow":["GET"]}}],"collection":[{"href":"https:\/\/exparto.pl\/sk\/wp-json\/wp\/v2\/product"}],"about":[{"href":"https:\/\/exparto.pl\/sk\/wp-json\/wp\/v2\/types\/product"}],"replies":[{"embeddable":true,"href":"https:\/\/exparto.pl\/sk\/wp-json\/wp\/v2\/comments?post=62330"}],"wp:featuredmedia":[{"embeddable":true,"href":"https:\/\/exparto.pl\/sk\/wp-json\/wp\/v2\/media\/62656"}],"wp:attachment":[{"href":"https:\/\/exparto.pl\/sk\/wp-json\/wp\/v2\/media?parent=62330"}],"wp:term":[{"taxonomy":"product_brand","embeddable":true,"href":"https:\/\/exparto.pl\/sk\/wp-json\/wp\/v2\/product_brand?post=62330"},{"taxonomy":"product_cat","embeddable":true,"href":"https:\/\/exparto.pl\/sk\/wp-json\/wp\/v2\/product_cat?post=62330"},{"taxonomy":"product_tag","embeddable":true,"href":"https:\/\/exparto.pl\/sk\/wp-json\/wp\/v2\/product_tag?post=62330"}],"curies":[{"name":"wp","href":"https:\/\/api.w.org\/{rel}","templated":true}]}}