{"id":64055,"date":"2026-04-13T12:13:54","date_gmt":"2026-04-13T10:13:54","guid":{"rendered":"https:\/\/exparto.pl\/produkt\/dziob-dwuotworowy-redlica-zeba-agregat-podorywkowy-unia-cross-stal-borowa\/"},"modified":"2026-04-13T12:53:38","modified_gmt":"2026-04-13T10:53:38","slug":"dziob-dwuotworowy-redlica-zeba-agregat-podorywkowy-unia-cross-stal-borowa","status":"publish","type":"product","link":"https:\/\/exparto.pl\/sk\/produkt\/dziob-dwuotworowy-redlica-zeba-agregat-podorywkowy-unia-cross-stal-borowa\/","title":{"rendered":"Dzi\u00f3b dwuotworowy redlica z\u0119ba agregat podorywkowy UNIA CROSS stal borowa"},"content":{"rendered":"<p style=\"text-align: justify\"><b>Oferowana przez nas redlica z\u0119ba uprawowego (dzi\u00f3b 2-otworowy) to cz\u0119\u015b\u0107 polskiego producenta Agro-interstar, kt\u00f3ra pasuje do agregat\u00f3w uprawowych, szczeg\u00f3lnie do UNIA CROSS.<\/b> Charakteryzuje si\u0119 wysok\u0105 odporno\u015bci\u0105 na \u015bcieranie, co docenisz zw\u0142aszcza na ci\u0119\u017ckich, gliniastych polach.\u00a0<\/p>\n<h2><span style=\"font-weight: 400\">Dzi\u00f3b redlicy z\u0119ba uprawowego \u2013 redlica agregatu, agregat uprawowy UNIA CROSS<\/span><\/h2>\n<p style=\"text-align: justify\"><strong>W EXPARTO wiemy, \u017ce sprawny agregat to fundament udanej uprawy bezorkowej, dlatego oferowany przez nas dzi\u00f3b 2-otworowy redlicy agregatu zosta\u0142 wykonany z trudno\u015bcieralnej stali borowej o twardo\u015bci 43-50 HRC. <\/strong>To sprawia, \u017ce redlica do agregatu bezorkowego doskonale znosi tarcie oraz uderzenia o przeszkody ukryte w ziemi. Je\u015bli zauwa\u017cysz pogorszenie efekt\u00f3w uprawy, wymiana tego podzespo\u0142u na nowy dzi\u00f3b redlicy przywr\u00f3ci maszynie pe\u0142n\u0105 wydajno\u015b\u0107 i ochroni inne elementy przed zu\u017cyciem.<\/p>\n<p style=\"text-align: justify\">Odpowiednio wyprofilowana redlica agregatu podorywkowego sprawia, \u017ce ci\u0105gnik ma l\u017cej, co realnie przek\u0142ada si\u0119 na mniejsze zu\u017cycie paliwa. Wybieraj\u0105c t\u0119 cz\u0119\u015b\u0107, inwestujesz w p\u0142ynn\u0105 prac\u0119 bez nieplanowanych postoj\u00f3w, poniewa\u017c ka\u017cda nasza redlica agregatu gwarantuje precyzyjne dopasowanie do otwor\u00f3w monta\u017cowych. <strong>Zapraszamy do sprawdzenia naszej oferty na te i inne wytrzyma\u0142e cz\u0119\u015bci do agregat\u00f3w, kt\u00f3re u\u0142atwi\u0105 Ci codzienn\u0105 prac\u0119.<\/strong><\/p>\n<p style=\"text-align: justify\"><strong>Zastosowanie:<\/strong><\/p>\n<ul>\n<li>agregat podorywkowy UNIA typ Cross, CX, Agrisem,<\/li>\n<\/ul>\n<p style=\"text-align: justify\"><strong>Numer katalogowy:<\/strong><\/p>\n<ul>\n<li>2111200020<\/li>\n<li>2011\/20-002\/0<\/li>\n<li>K-2111200020<\/li>\n<\/ul>\n","protected":false},"excerpt":{"rendered":"<p><span style=\"text-align: justify\">W EXPARTO wiemy, \u017ce sprawny agregat to fundament udanej uprawy bezorkowej, dlatego oferowany przez nas dzi\u00f3b redlicy zosta\u0142 wykonany z trudno\u015bcieralnej stali borowej o twardo\u015bci 43-50 HRC. <\/span><span style=\"text-align: justify\">To sprawia, \u017ce redlica do agregatu doskonale znosi tarcie oraz uderzenia o przeszkody ukryte w ziemi.<\/span><\/p>\n","protected":false},"featured_media":64035,"comment_status":"open","ping_status":"closed","template":"","meta":{"_acf_changed":false,"inline_featured_image":false},"product_brand":[1043],"product_cat":[773],"product_tag":[1044],"class_list":{"0":"post-64055","1":"product","2":"type-product","3":"status-publish","4":"has-post-thumbnail","6":"product_brand-agro-interstar","7":"product_cat-czesci-do-agregatu-scierniskowego","8":"product_tag-uzupelnic","10":"first","11":"instock","12":"taxable","13":"shipping-taxable","14":"purchasable","15":"product-type-simple"},"acf":[],"yoast_head":"<!-- This site is optimized with the Yoast SEO plugin v27.3 - https:\/\/yoast.com\/product\/yoast-seo-wordpress\/ -->\n<title>Dzi\u00f3b dwuotworowy redlica z\u0119ba agregat podorywkowy UNIA CROSS stal borowa - Exparto.pl<\/title>\n<meta name=\"robots\" content=\"index, follow, max-snippet:-1, max-image-preview:large, max-video-preview:-1\" \/>\n<link rel=\"canonical\" href=\"https:\/\/exparto.pl\/sk\/produkt\/dziob-dwuotworowy-redlica-zeba-agregat-podorywkowy-unia-cross-stal-borowa\/\" \/>\n<meta property=\"og:locale\" content=\"sk_SK\" \/>\n<meta property=\"og:type\" content=\"article\" \/>\n<meta property=\"og:title\" content=\"Dzi\u00f3b dwuotworowy redlica z\u0119ba agregat podorywkowy UNIA CROSS stal borowa - Exparto.pl\" \/>\n<meta property=\"og:description\" content=\"W EXPARTO wiemy, \u017ce sprawny agregat to fundament udanej uprawy bezorkowej, dlatego oferowany przez nas dzi\u00f3b redlicy zosta\u0142 wykonany z trudno\u015bcieralnej stali borowej o twardo\u015bci 43-50 HRC. To sprawia, \u017ce redlica do agregatu doskonale znosi tarcie oraz uderzenia o przeszkody ukryte w ziemi.\" \/>\n<meta property=\"og:url\" content=\"https:\/\/exparto.pl\/sk\/produkt\/dziob-dwuotworowy-redlica-zeba-agregat-podorywkowy-unia-cross-stal-borowa\/\" \/>\n<meta property=\"og:site_name\" content=\"Exparto.pl\" \/>\n<meta property=\"article:publisher\" content=\"https:\/\/www.facebook.com\/exparto.agro\/\" \/>\n<meta property=\"article:modified_time\" content=\"2026-04-13T10:53:38+00:00\" \/>\n<meta property=\"og:image\" content=\"https:\/\/exparto.pl\/wp-content\/uploads\/2026\/04\/f77b7552a94689d51c94f80f3a7c0af9.jpg\" \/>\n\t<meta property=\"og:image:width\" content=\"1200\" \/>\n\t<meta property=\"og:image:height\" content=\"1200\" \/>\n\t<meta property=\"og:image:type\" content=\"image\/jpeg\" \/>\n<meta name=\"twitter:card\" content=\"summary_large_image\" \/>\n<meta name=\"twitter:label1\" content=\"Predpokladan\u00fd \u010das \u010d\u00edtania\" \/>\n\t<meta name=\"twitter:data1\" content=\"2 min\u00faty\" \/>\n<script type=\"application\/ld+json\" class=\"yoast-schema-graph\">{\"@context\":\"https:\\\/\\\/schema.org\",\"@graph\":[{\"@type\":\"WebPage\",\"@id\":\"https:\\\/\\\/exparto.pl\\\/sk\\\/produkt\\\/dziob-dwuotworowy-redlica-zeba-agregat-podorywkowy-unia-cross-stal-borowa\\\/\",\"url\":\"https:\\\/\\\/exparto.pl\\\/sk\\\/produkt\\\/dziob-dwuotworowy-redlica-zeba-agregat-podorywkowy-unia-cross-stal-borowa\\\/\",\"name\":\"Dzi\u00f3b dwuotworowy redlica z\u0119ba agregat podorywkowy UNIA CROSS stal borowa - Exparto.pl\",\"isPartOf\":{\"@id\":\"https:\\\/\\\/exparto.pl\\\/sk\\\/#website\"},\"primaryImageOfPage\":{\"@id\":\"https:\\\/\\\/exparto.pl\\\/sk\\\/produkt\\\/dziob-dwuotworowy-redlica-zeba-agregat-podorywkowy-unia-cross-stal-borowa\\\/#primaryimage\"},\"image\":{\"@id\":\"https:\\\/\\\/exparto.pl\\\/sk\\\/produkt\\\/dziob-dwuotworowy-redlica-zeba-agregat-podorywkowy-unia-cross-stal-borowa\\\/#primaryimage\"},\"thumbnailUrl\":\"https:\\\/\\\/exparto.pl\\\/wp-content\\\/uploads\\\/2026\\\/04\\\/f77b7552a94689d51c94f80f3a7c0af9.jpg\",\"datePublished\":\"2026-04-13T10:13:54+00:00\",\"dateModified\":\"2026-04-13T10:53:38+00:00\",\"breadcrumb\":{\"@id\":\"https:\\\/\\\/exparto.pl\\\/sk\\\/produkt\\\/dziob-dwuotworowy-redlica-zeba-agregat-podorywkowy-unia-cross-stal-borowa\\\/#breadcrumb\"},\"inLanguage\":\"sk-SK\",\"potentialAction\":[{\"@type\":\"ReadAction\",\"target\":[\"https:\\\/\\\/exparto.pl\\\/sk\\\/produkt\\\/dziob-dwuotworowy-redlica-zeba-agregat-podorywkowy-unia-cross-stal-borowa\\\/\"]}]},{\"@type\":\"ImageObject\",\"inLanguage\":\"sk-SK\",\"@id\":\"https:\\\/\\\/exparto.pl\\\/sk\\\/produkt\\\/dziob-dwuotworowy-redlica-zeba-agregat-podorywkowy-unia-cross-stal-borowa\\\/#primaryimage\",\"url\":\"https:\\\/\\\/exparto.pl\\\/wp-content\\\/uploads\\\/2026\\\/04\\\/f77b7552a94689d51c94f80f3a7c0af9.jpg\",\"contentUrl\":\"https:\\\/\\\/exparto.pl\\\/wp-content\\\/uploads\\\/2026\\\/04\\\/f77b7552a94689d51c94f80f3a7c0af9.jpg\",\"width\":1200,\"height\":1200,\"caption\":\"41c008ca34c1bbeb89b4f941f38a9ea6\"},{\"@type\":\"BreadcrumbList\",\"@id\":\"https:\\\/\\\/exparto.pl\\\/sk\\\/produkt\\\/dziob-dwuotworowy-redlica-zeba-agregat-podorywkowy-unia-cross-stal-borowa\\\/#breadcrumb\",\"itemListElement\":[{\"@type\":\"ListItem\",\"position\":1,\"name\":\"Domovsk\u00e1 str\u00e1nka\",\"item\":\"https:\\\/\\\/exparto.pl\\\/sk\\\/domovska-stranka\\\/\"},{\"@type\":\"ListItem\",\"position\":2,\"name\":\"Sklep\",\"item\":\"https:\\\/\\\/exparto.pl\\\/sklep\\\/\"},{\"@type\":\"ListItem\",\"position\":3,\"name\":\"Diely pre strniskov\u00fa jednotku\",\"item\":\"https:\\\/\\\/exparto.pl\\\/sk\\\/kategoria-produktov\\\/diely-pre-strniskovu-jednotku\\\/\"},{\"@type\":\"ListItem\",\"position\":4,\"name\":\"Dzi\u00f3b dwuotworowy redlica z\u0119ba agregat podorywkowy UNIA CROSS stal borowa\"}]},{\"@type\":\"WebSite\",\"@id\":\"https:\\\/\\\/exparto.pl\\\/sk\\\/#website\",\"url\":\"https:\\\/\\\/exparto.pl\\\/sk\\\/\",\"name\":\"EXPARTO\",\"description\":\"More than agro parts\",\"publisher\":{\"@id\":\"https:\\\/\\\/exparto.pl\\\/sk\\\/#organization\"},\"potentialAction\":[{\"@type\":\"SearchAction\",\"target\":{\"@type\":\"EntryPoint\",\"urlTemplate\":\"https:\\\/\\\/exparto.pl\\\/sk\\\/?s={search_term_string}\"},\"query-input\":{\"@type\":\"PropertyValueSpecification\",\"valueRequired\":true,\"valueName\":\"search_term_string\"}}],\"inLanguage\":\"sk-SK\"},{\"@type\":\"Organization\",\"@id\":\"https:\\\/\\\/exparto.pl\\\/sk\\\/#organization\",\"name\":\"EXPARTO\",\"url\":\"https:\\\/\\\/exparto.pl\\\/sk\\\/\",\"logo\":{\"@type\":\"ImageObject\",\"inLanguage\":\"sk-SK\",\"@id\":\"https:\\\/\\\/exparto.pl\\\/sk\\\/#\\\/schema\\\/logo\\\/image\\\/\",\"url\":\"https:\\\/\\\/exparto.pl\\\/wp-content\\\/uploads\\\/2023\\\/02\\\/logo-wektor.png\",\"contentUrl\":\"https:\\\/\\\/exparto.pl\\\/wp-content\\\/uploads\\\/2023\\\/02\\\/logo-wektor.png\",\"width\":1338,\"height\":143,\"caption\":\"EXPARTO\"},\"image\":{\"@id\":\"https:\\\/\\\/exparto.pl\\\/sk\\\/#\\\/schema\\\/logo\\\/image\\\/\"},\"sameAs\":[\"https:\\\/\\\/www.facebook.com\\\/exparto.agro\\\/\"]}]}<\/script>\n<!-- \/ Yoast SEO plugin. -->","yoast_head_json":{"title":"Dzi\u00f3b dwuotworowy redlica z\u0119ba agregat podorywkowy UNIA CROSS stal borowa - Exparto.pl","robots":{"index":"index","follow":"follow","max-snippet":"max-snippet:-1","max-image-preview":"max-image-preview:large","max-video-preview":"max-video-preview:-1"},"canonical":"https:\/\/exparto.pl\/sk\/produkt\/dziob-dwuotworowy-redlica-zeba-agregat-podorywkowy-unia-cross-stal-borowa\/","og_locale":"sk_SK","og_type":"article","og_title":"Dzi\u00f3b dwuotworowy redlica z\u0119ba agregat podorywkowy UNIA CROSS stal borowa - Exparto.pl","og_description":"W EXPARTO wiemy, \u017ce sprawny agregat to fundament udanej uprawy bezorkowej, dlatego oferowany przez nas dzi\u00f3b redlicy zosta\u0142 wykonany z trudno\u015bcieralnej stali borowej o twardo\u015bci 43-50 HRC. To sprawia, \u017ce redlica do agregatu doskonale znosi tarcie oraz uderzenia o przeszkody ukryte w ziemi.","og_url":"https:\/\/exparto.pl\/sk\/produkt\/dziob-dwuotworowy-redlica-zeba-agregat-podorywkowy-unia-cross-stal-borowa\/","og_site_name":"Exparto.pl","article_publisher":"https:\/\/www.facebook.com\/exparto.agro\/","article_modified_time":"2026-04-13T10:53:38+00:00","og_image":[{"width":1200,"height":1200,"url":"https:\/\/exparto.pl\/wp-content\/uploads\/2026\/04\/f77b7552a94689d51c94f80f3a7c0af9.jpg","type":"image\/jpeg"}],"twitter_card":"summary_large_image","twitter_misc":{"Predpokladan\u00fd \u010das \u010d\u00edtania":"2 min\u00faty"},"schema":{"@context":"https:\/\/schema.org","@graph":[{"@type":"WebPage","@id":"https:\/\/exparto.pl\/sk\/produkt\/dziob-dwuotworowy-redlica-zeba-agregat-podorywkowy-unia-cross-stal-borowa\/","url":"https:\/\/exparto.pl\/sk\/produkt\/dziob-dwuotworowy-redlica-zeba-agregat-podorywkowy-unia-cross-stal-borowa\/","name":"Dzi\u00f3b dwuotworowy redlica z\u0119ba agregat podorywkowy UNIA CROSS stal borowa - Exparto.pl","isPartOf":{"@id":"https:\/\/exparto.pl\/sk\/#website"},"primaryImageOfPage":{"@id":"https:\/\/exparto.pl\/sk\/produkt\/dziob-dwuotworowy-redlica-zeba-agregat-podorywkowy-unia-cross-stal-borowa\/#primaryimage"},"image":{"@id":"https:\/\/exparto.pl\/sk\/produkt\/dziob-dwuotworowy-redlica-zeba-agregat-podorywkowy-unia-cross-stal-borowa\/#primaryimage"},"thumbnailUrl":"https:\/\/exparto.pl\/wp-content\/uploads\/2026\/04\/f77b7552a94689d51c94f80f3a7c0af9.jpg","datePublished":"2026-04-13T10:13:54+00:00","dateModified":"2026-04-13T10:53:38+00:00","breadcrumb":{"@id":"https:\/\/exparto.pl\/sk\/produkt\/dziob-dwuotworowy-redlica-zeba-agregat-podorywkowy-unia-cross-stal-borowa\/#breadcrumb"},"inLanguage":"sk-SK","potentialAction":[{"@type":"ReadAction","target":["https:\/\/exparto.pl\/sk\/produkt\/dziob-dwuotworowy-redlica-zeba-agregat-podorywkowy-unia-cross-stal-borowa\/"]}]},{"@type":"ImageObject","inLanguage":"sk-SK","@id":"https:\/\/exparto.pl\/sk\/produkt\/dziob-dwuotworowy-redlica-zeba-agregat-podorywkowy-unia-cross-stal-borowa\/#primaryimage","url":"https:\/\/exparto.pl\/wp-content\/uploads\/2026\/04\/f77b7552a94689d51c94f80f3a7c0af9.jpg","contentUrl":"https:\/\/exparto.pl\/wp-content\/uploads\/2026\/04\/f77b7552a94689d51c94f80f3a7c0af9.jpg","width":1200,"height":1200,"caption":"41c008ca34c1bbeb89b4f941f38a9ea6"},{"@type":"BreadcrumbList","@id":"https:\/\/exparto.pl\/sk\/produkt\/dziob-dwuotworowy-redlica-zeba-agregat-podorywkowy-unia-cross-stal-borowa\/#breadcrumb","itemListElement":[{"@type":"ListItem","position":1,"name":"Domovsk\u00e1 str\u00e1nka","item":"https:\/\/exparto.pl\/sk\/domovska-stranka\/"},{"@type":"ListItem","position":2,"name":"Sklep","item":"https:\/\/exparto.pl\/sklep\/"},{"@type":"ListItem","position":3,"name":"Diely pre strniskov\u00fa jednotku","item":"https:\/\/exparto.pl\/sk\/kategoria-produktov\/diely-pre-strniskovu-jednotku\/"},{"@type":"ListItem","position":4,"name":"Dzi\u00f3b dwuotworowy redlica z\u0119ba agregat podorywkowy UNIA CROSS stal borowa"}]},{"@type":"WebSite","@id":"https:\/\/exparto.pl\/sk\/#website","url":"https:\/\/exparto.pl\/sk\/","name":"EXPARTO","description":"More than agro parts","publisher":{"@id":"https:\/\/exparto.pl\/sk\/#organization"},"potentialAction":[{"@type":"SearchAction","target":{"@type":"EntryPoint","urlTemplate":"https:\/\/exparto.pl\/sk\/?s={search_term_string}"},"query-input":{"@type":"PropertyValueSpecification","valueRequired":true,"valueName":"search_term_string"}}],"inLanguage":"sk-SK"},{"@type":"Organization","@id":"https:\/\/exparto.pl\/sk\/#organization","name":"EXPARTO","url":"https:\/\/exparto.pl\/sk\/","logo":{"@type":"ImageObject","inLanguage":"sk-SK","@id":"https:\/\/exparto.pl\/sk\/#\/schema\/logo\/image\/","url":"https:\/\/exparto.pl\/wp-content\/uploads\/2023\/02\/logo-wektor.png","contentUrl":"https:\/\/exparto.pl\/wp-content\/uploads\/2023\/02\/logo-wektor.png","width":1338,"height":143,"caption":"EXPARTO"},"image":{"@id":"https:\/\/exparto.pl\/sk\/#\/schema\/logo\/image\/"},"sameAs":["https:\/\/www.facebook.com\/exparto.agro\/"]}]}},"_links":{"self":[{"href":"https:\/\/exparto.pl\/sk\/wp-json\/wp\/v2\/product\/64055","targetHints":{"allow":["GET"]}}],"collection":[{"href":"https:\/\/exparto.pl\/sk\/wp-json\/wp\/v2\/product"}],"about":[{"href":"https:\/\/exparto.pl\/sk\/wp-json\/wp\/v2\/types\/product"}],"replies":[{"embeddable":true,"href":"https:\/\/exparto.pl\/sk\/wp-json\/wp\/v2\/comments?post=64055"}],"wp:featuredmedia":[{"embeddable":true,"href":"https:\/\/exparto.pl\/sk\/wp-json\/wp\/v2\/media\/64035"}],"wp:attachment":[{"href":"https:\/\/exparto.pl\/sk\/wp-json\/wp\/v2\/media?parent=64055"}],"wp:term":[{"taxonomy":"product_brand","embeddable":true,"href":"https:\/\/exparto.pl\/sk\/wp-json\/wp\/v2\/product_brand?post=64055"},{"taxonomy":"product_cat","embeddable":true,"href":"https:\/\/exparto.pl\/sk\/wp-json\/wp\/v2\/product_cat?post=64055"},{"taxonomy":"product_tag","embeddable":true,"href":"https:\/\/exparto.pl\/sk\/wp-json\/wp\/v2\/product_tag?post=64055"}],"curies":[{"name":"wp","href":"https:\/\/api.w.org\/{rel}","templated":true}]}}