{"id":64304,"date":"2026-04-14T12:34:33","date_gmt":"2026-04-14T10:34:33","guid":{"rendered":"https:\/\/exparto.pl\/produkt\/noz-sadowniczy-do-kosiarki-rozdrabniacza-duzy-stal-borowa-360mm-199rz-3-k-501070017\/"},"modified":"2026-04-14T14:28:44","modified_gmt":"2026-04-14T12:28:44","slug":"noz-sadowniczy-do-kosiarki-rozdrabniacza-duzy-stal-borowa-360mm-199rz-3-k-501070017","status":"publish","type":"product","link":"https:\/\/exparto.pl\/sk\/produkt\/noz-sadowniczy-do-kosiarki-rozdrabniacza-duzy-stal-borowa-360mm-199rz-3-k-501070017\/","title":{"rendered":"N\u00f3\u017c sadowniczy do kosiarki rozdrabniacza du\u017cy stal borowa 360mm 199RZ-3 K-501070017"},"content":{"rendered":"<p style=\"text-align: justify\">No\u017ce do kosiarek sadowniczych oraz rozdrabniaczy ga\u0142\u0119zi to profesjonalne rozwi\u0105zanie, kt\u00f3re w EXPARTO wybrali\u015bmy dla ka\u017cdego, kto chce unikn\u0105\u0107 przestoj\u00f3w w samym szczycie sezonu. <strong>Oferowany przez nas n\u00f3\u017c sadowniczy zosta\u0142 wykonany z wysokiej jako\u015bci stali borowej trudno\u015bcieralnej.<\/strong> Je\u015bli szukasz czego\u015b, co bez problemu poradzi sobie z grubymi ga\u0142\u0119ziami czy resztkami po wycinaniu, ten model b\u0119dzie strza\u0142em w dziesi\u0105tk\u0119.<\/p>\n<h2><span style=\"font-weight: 400\">N\u00f3\u017c do kosiarki sadowniczej \u2013 n\u00f3\u017c ruchomy, n\u00f3\u017c do rozdrabniacza ga\u0142\u0119zi<\/span><\/h2>\n<p style=\"text-align: justify\"><strong>W EXPARTO wiemy, \u017ce w rolnictwie liczy si\u0119 czas i pewno\u015b\u0107 dzia\u0142ania, dlatego nasz du\u017cy n\u00f3\u017c do kosiarko-rozdrabniacza zosta\u0142 zaprojektowany tak, by wytrzyma\u0107 uderzenia o twarde p\u0119dy czy ukryte w trawie przeszkody.<\/strong> Zastosowanie wysokiej jako\u015bci stali borowej zapewnia bardzo dobr\u0105 odporno\u015b\u0107 na \u015bcieranie oraz uszkodzenia mechaniczne. Dbamy o to, aby\u015b rzadziej zagl\u0105da\u0142 do warsztatu, dlatego ostrze, jakim dysponuje nasz n\u00f3\u017c do rozdrabniacza, utrzymuje ostro\u015b\u0107 przez d\u0142ugi czas nawet przy intensywnej pracy.<\/p>\n<p style=\"text-align: justify\">Wybieraj\u0105c ten n\u00f3\u017c do kosiarki, inwestujesz w p\u0142ynn\u0105 prac\u0119 bez zb\u0119dnych przestoj\u00f3w. <strong>W naszej ofercie posiadamy r\u00f3wnie\u017c inne warianty element\u00f3w tn\u0105cych, dlatego zapraszamy do zakup\u00f3w, kt\u00f3re u\u0142atwi\u0105 Ci codzienn\u0105 prac\u0119.<\/strong><\/p>\n<p style=\"text-align: justify\"><strong>Zastosowanie:<\/strong><\/p>\n<ul>\n<li style=\"text-align: justify\">kosiarki sadownicze, rozdrabniacze sadownicze<\/li>\n<\/ul>\n<p style=\"text-align: justify\"><strong>Numer katalogowy:<\/strong><\/p>\n<ul>\n<li style=\"text-align: justify\">199RZ-3<\/li>\n<li style=\"text-align: justify\">501070017<\/li>\n<li style=\"text-align: justify\">K-501070017<\/li>\n<\/ul>\n","protected":false},"excerpt":{"rendered":"<p>Zastosowanie wysokiej jako\u015bci stali borowej zapewnia bardzo dobr\u0105 odporno\u015b\u0107 na \u015bcieranie oraz uszkodzenia mechaniczne. W EXPARTO wiemy, \u017ce w rolnictwie liczy si\u0119 czas i pewno\u015b\u0107 dzia\u0142ania, dlatego nasz du\u017cy n\u00f3\u017c zosta\u0142 zaprojektowany tak, by wytrzyma\u0107 uderzenia o twarde p\u0119dy czy ukryte w trawie przeszkody.<\/p>\n","protected":false},"featured_media":64279,"comment_status":"open","ping_status":"closed","template":"","meta":{"_acf_changed":false,"inline_featured_image":false},"product_brand":[1043],"product_cat":[852],"product_tag":[1044],"class_list":{"0":"post-64304","1":"product","2":"type-product","3":"status-publish","4":"has-post-thumbnail","6":"product_brand-agro-interstar","7":"product_cat-alkatreszek-a-kaszaloegyseghez","8":"product_tag-uzupelnic","10":"first","11":"instock","12":"taxable","13":"shipping-taxable","14":"purchasable","15":"product-type-simple"},"acf":[],"yoast_head":"<!-- This site is optimized with the Yoast SEO plugin v27.3 - https:\/\/yoast.com\/product\/yoast-seo-wordpress\/ -->\n<title>N\u00f3\u017c sadowniczy do kosiarki rozdrabniacza du\u017cy stal borowa 360mm 199RZ-3 K-501070017 - Exparto.pl<\/title>\n<meta name=\"robots\" content=\"index, follow, max-snippet:-1, max-image-preview:large, max-video-preview:-1\" \/>\n<link rel=\"canonical\" href=\"https:\/\/exparto.pl\/sk\/produkt\/noz-sadowniczy-do-kosiarki-rozdrabniacza-duzy-stal-borowa-360mm-199rz-3-k-501070017\/\" \/>\n<meta property=\"og:locale\" content=\"sk_SK\" \/>\n<meta property=\"og:type\" content=\"article\" \/>\n<meta property=\"og:title\" content=\"N\u00f3\u017c sadowniczy do kosiarki rozdrabniacza du\u017cy stal borowa 360mm 199RZ-3 K-501070017 - Exparto.pl\" \/>\n<meta property=\"og:description\" content=\"Zastosowanie wysokiej jako\u015bci stali borowej zapewnia bardzo dobr\u0105 odporno\u015b\u0107 na \u015bcieranie oraz uszkodzenia mechaniczne. W EXPARTO wiemy, \u017ce w rolnictwie liczy si\u0119 czas i pewno\u015b\u0107 dzia\u0142ania, dlatego nasz du\u017cy n\u00f3\u017c zosta\u0142 zaprojektowany tak, by wytrzyma\u0107 uderzenia o twarde p\u0119dy czy ukryte w trawie przeszkody.\" \/>\n<meta property=\"og:url\" content=\"https:\/\/exparto.pl\/sk\/produkt\/noz-sadowniczy-do-kosiarki-rozdrabniacza-duzy-stal-borowa-360mm-199rz-3-k-501070017\/\" \/>\n<meta property=\"og:site_name\" content=\"Exparto.pl\" \/>\n<meta property=\"article:publisher\" content=\"https:\/\/www.facebook.com\/exparto.agro\/\" \/>\n<meta property=\"article:modified_time\" content=\"2026-04-14T12:28:44+00:00\" \/>\n<meta property=\"og:image\" content=\"https:\/\/exparto.pl\/wp-content\/uploads\/2026\/04\/6dd9e1011c086357f0c721ab40200694.jpg\" \/>\n\t<meta property=\"og:image:width\" content=\"1200\" \/>\n\t<meta property=\"og:image:height\" content=\"1200\" \/>\n\t<meta property=\"og:image:type\" content=\"image\/jpeg\" \/>\n<meta name=\"twitter:card\" content=\"summary_large_image\" \/>\n<meta name=\"twitter:label1\" content=\"Predpokladan\u00fd \u010das \u010d\u00edtania\" \/>\n\t<meta name=\"twitter:data1\" content=\"2 min\u00faty\" \/>\n<script type=\"application\/ld+json\" class=\"yoast-schema-graph\">{\"@context\":\"https:\\\/\\\/schema.org\",\"@graph\":[{\"@type\":\"WebPage\",\"@id\":\"https:\\\/\\\/exparto.pl\\\/sk\\\/produkt\\\/noz-sadowniczy-do-kosiarki-rozdrabniacza-duzy-stal-borowa-360mm-199rz-3-k-501070017\\\/\",\"url\":\"https:\\\/\\\/exparto.pl\\\/sk\\\/produkt\\\/noz-sadowniczy-do-kosiarki-rozdrabniacza-duzy-stal-borowa-360mm-199rz-3-k-501070017\\\/\",\"name\":\"N\u00f3\u017c sadowniczy do kosiarki rozdrabniacza du\u017cy stal borowa 360mm 199RZ-3 K-501070017 - Exparto.pl\",\"isPartOf\":{\"@id\":\"https:\\\/\\\/exparto.pl\\\/sk\\\/#website\"},\"primaryImageOfPage\":{\"@id\":\"https:\\\/\\\/exparto.pl\\\/sk\\\/produkt\\\/noz-sadowniczy-do-kosiarki-rozdrabniacza-duzy-stal-borowa-360mm-199rz-3-k-501070017\\\/#primaryimage\"},\"image\":{\"@id\":\"https:\\\/\\\/exparto.pl\\\/sk\\\/produkt\\\/noz-sadowniczy-do-kosiarki-rozdrabniacza-duzy-stal-borowa-360mm-199rz-3-k-501070017\\\/#primaryimage\"},\"thumbnailUrl\":\"https:\\\/\\\/exparto.pl\\\/wp-content\\\/uploads\\\/2026\\\/04\\\/6dd9e1011c086357f0c721ab40200694.jpg\",\"datePublished\":\"2026-04-14T10:34:33+00:00\",\"dateModified\":\"2026-04-14T12:28:44+00:00\",\"breadcrumb\":{\"@id\":\"https:\\\/\\\/exparto.pl\\\/sk\\\/produkt\\\/noz-sadowniczy-do-kosiarki-rozdrabniacza-duzy-stal-borowa-360mm-199rz-3-k-501070017\\\/#breadcrumb\"},\"inLanguage\":\"sk-SK\",\"potentialAction\":[{\"@type\":\"ReadAction\",\"target\":[\"https:\\\/\\\/exparto.pl\\\/sk\\\/produkt\\\/noz-sadowniczy-do-kosiarki-rozdrabniacza-duzy-stal-borowa-360mm-199rz-3-k-501070017\\\/\"]}]},{\"@type\":\"ImageObject\",\"inLanguage\":\"sk-SK\",\"@id\":\"https:\\\/\\\/exparto.pl\\\/sk\\\/produkt\\\/noz-sadowniczy-do-kosiarki-rozdrabniacza-duzy-stal-borowa-360mm-199rz-3-k-501070017\\\/#primaryimage\",\"url\":\"https:\\\/\\\/exparto.pl\\\/wp-content\\\/uploads\\\/2026\\\/04\\\/6dd9e1011c086357f0c721ab40200694.jpg\",\"contentUrl\":\"https:\\\/\\\/exparto.pl\\\/wp-content\\\/uploads\\\/2026\\\/04\\\/6dd9e1011c086357f0c721ab40200694.jpg\",\"width\":1200,\"height\":1200,\"caption\":\"bd588bdf86414d2f875501711c9cddb3\"},{\"@type\":\"BreadcrumbList\",\"@id\":\"https:\\\/\\\/exparto.pl\\\/sk\\\/produkt\\\/noz-sadowniczy-do-kosiarki-rozdrabniacza-duzy-stal-borowa-360mm-199rz-3-k-501070017\\\/#breadcrumb\",\"itemListElement\":[{\"@type\":\"ListItem\",\"position\":1,\"name\":\"Domovsk\u00e1 str\u00e1nka\",\"item\":\"https:\\\/\\\/exparto.pl\\\/sk\\\/domovska-stranka\\\/\"},{\"@type\":\"ListItem\",\"position\":2,\"name\":\"Sklep\",\"item\":\"https:\\\/\\\/exparto.pl\\\/sklep\\\/\"},{\"@type\":\"ListItem\",\"position\":3,\"name\":\"Cz\u0119\u015bci do kosiarki bijakowej\",\"item\":\"https:\\\/\\\/exparto.pl\\\/kategoria-produktu\\\/czesci-do-kosiarki-bijakowej\\\/\"},{\"@type\":\"ListItem\",\"position\":4,\"name\":\"N\u00f3\u017c sadowniczy do kosiarki rozdrabniacza du\u017cy stal borowa 360mm 199RZ-3 K-501070017\"}]},{\"@type\":\"WebSite\",\"@id\":\"https:\\\/\\\/exparto.pl\\\/sk\\\/#website\",\"url\":\"https:\\\/\\\/exparto.pl\\\/sk\\\/\",\"name\":\"EXPARTO\",\"description\":\"More than agro parts\",\"publisher\":{\"@id\":\"https:\\\/\\\/exparto.pl\\\/sk\\\/#organization\"},\"potentialAction\":[{\"@type\":\"SearchAction\",\"target\":{\"@type\":\"EntryPoint\",\"urlTemplate\":\"https:\\\/\\\/exparto.pl\\\/sk\\\/?s={search_term_string}\"},\"query-input\":{\"@type\":\"PropertyValueSpecification\",\"valueRequired\":true,\"valueName\":\"search_term_string\"}}],\"inLanguage\":\"sk-SK\"},{\"@type\":\"Organization\",\"@id\":\"https:\\\/\\\/exparto.pl\\\/sk\\\/#organization\",\"name\":\"EXPARTO\",\"url\":\"https:\\\/\\\/exparto.pl\\\/sk\\\/\",\"logo\":{\"@type\":\"ImageObject\",\"inLanguage\":\"sk-SK\",\"@id\":\"https:\\\/\\\/exparto.pl\\\/sk\\\/#\\\/schema\\\/logo\\\/image\\\/\",\"url\":\"https:\\\/\\\/exparto.pl\\\/wp-content\\\/uploads\\\/2023\\\/02\\\/logo-wektor.png\",\"contentUrl\":\"https:\\\/\\\/exparto.pl\\\/wp-content\\\/uploads\\\/2023\\\/02\\\/logo-wektor.png\",\"width\":1338,\"height\":143,\"caption\":\"EXPARTO\"},\"image\":{\"@id\":\"https:\\\/\\\/exparto.pl\\\/sk\\\/#\\\/schema\\\/logo\\\/image\\\/\"},\"sameAs\":[\"https:\\\/\\\/www.facebook.com\\\/exparto.agro\\\/\"]}]}<\/script>\n<!-- \/ Yoast SEO plugin. -->","yoast_head_json":{"title":"N\u00f3\u017c sadowniczy do kosiarki rozdrabniacza du\u017cy stal borowa 360mm 199RZ-3 K-501070017 - Exparto.pl","robots":{"index":"index","follow":"follow","max-snippet":"max-snippet:-1","max-image-preview":"max-image-preview:large","max-video-preview":"max-video-preview:-1"},"canonical":"https:\/\/exparto.pl\/sk\/produkt\/noz-sadowniczy-do-kosiarki-rozdrabniacza-duzy-stal-borowa-360mm-199rz-3-k-501070017\/","og_locale":"sk_SK","og_type":"article","og_title":"N\u00f3\u017c sadowniczy do kosiarki rozdrabniacza du\u017cy stal borowa 360mm 199RZ-3 K-501070017 - Exparto.pl","og_description":"Zastosowanie wysokiej jako\u015bci stali borowej zapewnia bardzo dobr\u0105 odporno\u015b\u0107 na \u015bcieranie oraz uszkodzenia mechaniczne. W EXPARTO wiemy, \u017ce w rolnictwie liczy si\u0119 czas i pewno\u015b\u0107 dzia\u0142ania, dlatego nasz du\u017cy n\u00f3\u017c zosta\u0142 zaprojektowany tak, by wytrzyma\u0107 uderzenia o twarde p\u0119dy czy ukryte w trawie przeszkody.","og_url":"https:\/\/exparto.pl\/sk\/produkt\/noz-sadowniczy-do-kosiarki-rozdrabniacza-duzy-stal-borowa-360mm-199rz-3-k-501070017\/","og_site_name":"Exparto.pl","article_publisher":"https:\/\/www.facebook.com\/exparto.agro\/","article_modified_time":"2026-04-14T12:28:44+00:00","og_image":[{"width":1200,"height":1200,"url":"https:\/\/exparto.pl\/wp-content\/uploads\/2026\/04\/6dd9e1011c086357f0c721ab40200694.jpg","type":"image\/jpeg"}],"twitter_card":"summary_large_image","twitter_misc":{"Predpokladan\u00fd \u010das \u010d\u00edtania":"2 min\u00faty"},"schema":{"@context":"https:\/\/schema.org","@graph":[{"@type":"WebPage","@id":"https:\/\/exparto.pl\/sk\/produkt\/noz-sadowniczy-do-kosiarki-rozdrabniacza-duzy-stal-borowa-360mm-199rz-3-k-501070017\/","url":"https:\/\/exparto.pl\/sk\/produkt\/noz-sadowniczy-do-kosiarki-rozdrabniacza-duzy-stal-borowa-360mm-199rz-3-k-501070017\/","name":"N\u00f3\u017c sadowniczy do kosiarki rozdrabniacza du\u017cy stal borowa 360mm 199RZ-3 K-501070017 - Exparto.pl","isPartOf":{"@id":"https:\/\/exparto.pl\/sk\/#website"},"primaryImageOfPage":{"@id":"https:\/\/exparto.pl\/sk\/produkt\/noz-sadowniczy-do-kosiarki-rozdrabniacza-duzy-stal-borowa-360mm-199rz-3-k-501070017\/#primaryimage"},"image":{"@id":"https:\/\/exparto.pl\/sk\/produkt\/noz-sadowniczy-do-kosiarki-rozdrabniacza-duzy-stal-borowa-360mm-199rz-3-k-501070017\/#primaryimage"},"thumbnailUrl":"https:\/\/exparto.pl\/wp-content\/uploads\/2026\/04\/6dd9e1011c086357f0c721ab40200694.jpg","datePublished":"2026-04-14T10:34:33+00:00","dateModified":"2026-04-14T12:28:44+00:00","breadcrumb":{"@id":"https:\/\/exparto.pl\/sk\/produkt\/noz-sadowniczy-do-kosiarki-rozdrabniacza-duzy-stal-borowa-360mm-199rz-3-k-501070017\/#breadcrumb"},"inLanguage":"sk-SK","potentialAction":[{"@type":"ReadAction","target":["https:\/\/exparto.pl\/sk\/produkt\/noz-sadowniczy-do-kosiarki-rozdrabniacza-duzy-stal-borowa-360mm-199rz-3-k-501070017\/"]}]},{"@type":"ImageObject","inLanguage":"sk-SK","@id":"https:\/\/exparto.pl\/sk\/produkt\/noz-sadowniczy-do-kosiarki-rozdrabniacza-duzy-stal-borowa-360mm-199rz-3-k-501070017\/#primaryimage","url":"https:\/\/exparto.pl\/wp-content\/uploads\/2026\/04\/6dd9e1011c086357f0c721ab40200694.jpg","contentUrl":"https:\/\/exparto.pl\/wp-content\/uploads\/2026\/04\/6dd9e1011c086357f0c721ab40200694.jpg","width":1200,"height":1200,"caption":"bd588bdf86414d2f875501711c9cddb3"},{"@type":"BreadcrumbList","@id":"https:\/\/exparto.pl\/sk\/produkt\/noz-sadowniczy-do-kosiarki-rozdrabniacza-duzy-stal-borowa-360mm-199rz-3-k-501070017\/#breadcrumb","itemListElement":[{"@type":"ListItem","position":1,"name":"Domovsk\u00e1 str\u00e1nka","item":"https:\/\/exparto.pl\/sk\/domovska-stranka\/"},{"@type":"ListItem","position":2,"name":"Sklep","item":"https:\/\/exparto.pl\/sklep\/"},{"@type":"ListItem","position":3,"name":"Cz\u0119\u015bci do kosiarki bijakowej","item":"https:\/\/exparto.pl\/kategoria-produktu\/czesci-do-kosiarki-bijakowej\/"},{"@type":"ListItem","position":4,"name":"N\u00f3\u017c sadowniczy do kosiarki rozdrabniacza du\u017cy stal borowa 360mm 199RZ-3 K-501070017"}]},{"@type":"WebSite","@id":"https:\/\/exparto.pl\/sk\/#website","url":"https:\/\/exparto.pl\/sk\/","name":"EXPARTO","description":"More than agro parts","publisher":{"@id":"https:\/\/exparto.pl\/sk\/#organization"},"potentialAction":[{"@type":"SearchAction","target":{"@type":"EntryPoint","urlTemplate":"https:\/\/exparto.pl\/sk\/?s={search_term_string}"},"query-input":{"@type":"PropertyValueSpecification","valueRequired":true,"valueName":"search_term_string"}}],"inLanguage":"sk-SK"},{"@type":"Organization","@id":"https:\/\/exparto.pl\/sk\/#organization","name":"EXPARTO","url":"https:\/\/exparto.pl\/sk\/","logo":{"@type":"ImageObject","inLanguage":"sk-SK","@id":"https:\/\/exparto.pl\/sk\/#\/schema\/logo\/image\/","url":"https:\/\/exparto.pl\/wp-content\/uploads\/2023\/02\/logo-wektor.png","contentUrl":"https:\/\/exparto.pl\/wp-content\/uploads\/2023\/02\/logo-wektor.png","width":1338,"height":143,"caption":"EXPARTO"},"image":{"@id":"https:\/\/exparto.pl\/sk\/#\/schema\/logo\/image\/"},"sameAs":["https:\/\/www.facebook.com\/exparto.agro\/"]}]}},"_links":{"self":[{"href":"https:\/\/exparto.pl\/sk\/wp-json\/wp\/v2\/product\/64304","targetHints":{"allow":["GET"]}}],"collection":[{"href":"https:\/\/exparto.pl\/sk\/wp-json\/wp\/v2\/product"}],"about":[{"href":"https:\/\/exparto.pl\/sk\/wp-json\/wp\/v2\/types\/product"}],"replies":[{"embeddable":true,"href":"https:\/\/exparto.pl\/sk\/wp-json\/wp\/v2\/comments?post=64304"}],"wp:featuredmedia":[{"embeddable":true,"href":"https:\/\/exparto.pl\/sk\/wp-json\/wp\/v2\/media\/64279"}],"wp:attachment":[{"href":"https:\/\/exparto.pl\/sk\/wp-json\/wp\/v2\/media?parent=64304"}],"wp:term":[{"taxonomy":"product_brand","embeddable":true,"href":"https:\/\/exparto.pl\/sk\/wp-json\/wp\/v2\/product_brand?post=64304"},{"taxonomy":"product_cat","embeddable":true,"href":"https:\/\/exparto.pl\/sk\/wp-json\/wp\/v2\/product_cat?post=64304"},{"taxonomy":"product_tag","embeddable":true,"href":"https:\/\/exparto.pl\/sk\/wp-json\/wp\/v2\/product_tag?post=64304"}],"curies":[{"name":"wp","href":"https:\/\/api.w.org\/{rel}","templated":true}]}}