{"id":64326,"date":"2026-04-14T13:10:28","date_gmt":"2026-04-14T11:10:28","guid":{"rendered":"https:\/\/exparto.pl\/produkt\/dziob-glebosza-unia-kret-dluto-redlicy-napawany-ze-stali-borowej-1435302101-agro-interstar\/"},"modified":"2026-04-14T13:15:39","modified_gmt":"2026-04-14T11:15:39","slug":"dziob-glebosza-unia-kret-dluto-redlicy-napawany-ze-stali-borowej-1435302101-agro-interstar","status":"publish","type":"product","link":"https:\/\/exparto.pl\/sk\/produkt\/dziob-glebosza-unia-kret-dluto-redlicy-napawany-ze-stali-borowej-1435302101-agro-interstar\/","title":{"rendered":"Dzi\u00f3b g\u0142\u0119bosza UNIA KRET d\u0142uto redlicy napawany ze stali borowej 1435302101 Agro-interstar"},"content":{"rendered":"<p style=\"text-align: justify\"><strong>Skuteczny g\u0142\u0119bosz wymaga zastosowania solidnych element\u00f3w roboczych, dlatego oferowany przez nas dzi\u00f3b redlicy g\u0142\u0119bosza to sprawdzony wyb\u00f3r do Twojej maszyny<\/strong>. Ten podzesp\u00f3\u0142 polskiego producenta Agro-Interstar jest wykonany z wytrzyma\u0142ej stali borowej trudno\u015bcieralnej. Zapraszamy do zakupu cz\u0119\u015bci, kt\u00f3ra pomo\u017ce Ci przygotowa\u0107 pole.<\/p>\n<h2><span style=\"font-weight: 400\">Dzi\u00f3b redlicy g\u0142\u0119bosza \u2013 redlica, d\u0142uto g\u0142\u0119bosza UNIA KRET<\/span><\/h2>\n<p style=\"text-align: justify\">Podstawowym zadaniem, jakie realizuje z\u0105b g\u0142\u0119bosza, na kt\u00f3rym jest zamontowana redlica, jest g\u0142\u0119bokie spulchnianie ziemi, co pozwala skutecznie rozbi\u0107 zbit\u0105 ziemi\u0119 i poprawi\u0107 przepuszczalno\u015b\u0107 gleby. <strong>Dzi\u00f3b zosta\u0142 napawany obustronnie i po bokach, co pozwala na znacznie d\u0142u\u017csz\u0105 prac\u0119 bez konieczno\u015bci wymiany ca\u0142ej redlicy.<\/strong> Pami\u0119taj, \u017ce napawanie cz\u0119\u015bci roboczych to ogromna oszcz\u0119dno\u015b\u0107, poniewa\u017c znacznie wyd\u0142u\u017ca czas ich pracy i znacz\u0105co zwi\u0119ksza wytrzyma\u0142o\u015b\u0107.<\/p>\n<p style=\"text-align: justify\">Wybieraj\u0105c ten napawany dzi\u00f3b redlicy, inwestujesz w cz\u0119\u015b\u0107 o podwy\u017cszonej trwa\u0142o\u015bci, kt\u00f3ra przejmuje na siebie najwi\u0119ksze si\u0142y tarcia i chroni pozosta\u0142e cz\u0119\u015bci do g\u0142\u0119bosza przed uszkodzeniem. <strong>Zach\u0119camy do zakupu oraz sprawdzenia kategorii, w kt\u00f3rej dost\u0119pne s\u0105 inne cz\u0119\u015bci do agregat\u00f3w, dzi\u0119ki kt\u00f3rym przygotujesz sw\u00f3j sprz\u0119t do pracy.<\/strong><\/p>\n<p style=\"text-align: justify\"><strong>Zastosowanie:<\/strong><\/p>\n<ul>\n<li style=\"text-align: justify\">g\u0142\u0119bosze Unia Kret i pochodne<\/li>\n<\/ul>\n<p style=\"text-align: justify\"><strong>Numer katalogowy:<\/strong><\/p>\n<ul>\n<li>1435302000<\/li>\n<li>1435302100<\/li>\n<li style=\"text-align: justify\">1435302101<\/li>\n<li>1435\/30-210\/1<\/li>\n<li>K-1435302000N<\/li>\n<\/ul>\n","protected":false},"excerpt":{"rendered":"<p>Dzi\u00f3b g\u0142\u0119bosza zosta\u0142 napawany obustronnie i po bokach, co pozwala na znacznie d\u0142u\u017csz\u0105 prac\u0119 bez konieczno\u015bci wymiany ca\u0142ej redlicy. Wybieraj\u0105c ten napawany dzi\u00f3b redlicy, inwestujesz w cz\u0119\u015b\u0107 o podwy\u017cszonej trwa\u0142o\u015bci.<\/p>\n","protected":false},"featured_media":64306,"comment_status":"open","ping_status":"closed","template":"","meta":{"_acf_changed":false,"inline_featured_image":false},"product_brand":[1043],"product_cat":[773],"product_tag":[1044],"class_list":{"0":"post-64326","1":"product","2":"type-product","3":"status-publish","4":"has-post-thumbnail","6":"product_brand-agro-interstar","7":"product_cat-czesci-do-agregatu-scierniskowego","8":"product_tag-uzupelnic","10":"first","11":"instock","12":"taxable","13":"shipping-taxable","14":"purchasable","15":"product-type-simple"},"acf":[],"yoast_head":"<!-- This site is optimized with the Yoast SEO plugin v27.3 - https:\/\/yoast.com\/product\/yoast-seo-wordpress\/ -->\n<title>Dzi\u00f3b g\u0142\u0119bosza UNIA KRET d\u0142uto redlicy napawany ze stali borowej 1435302101 Agro-interstar - Exparto.pl<\/title>\n<meta name=\"robots\" content=\"index, follow, max-snippet:-1, max-image-preview:large, max-video-preview:-1\" \/>\n<link rel=\"canonical\" href=\"https:\/\/exparto.pl\/sk\/produkt\/dziob-glebosza-unia-kret-dluto-redlicy-napawany-ze-stali-borowej-1435302101-agro-interstar\/\" \/>\n<meta property=\"og:locale\" content=\"sk_SK\" \/>\n<meta property=\"og:type\" content=\"article\" \/>\n<meta property=\"og:title\" content=\"Dzi\u00f3b g\u0142\u0119bosza UNIA KRET d\u0142uto redlicy napawany ze stali borowej 1435302101 Agro-interstar - Exparto.pl\" \/>\n<meta property=\"og:description\" content=\"Dzi\u00f3b g\u0142\u0119bosza zosta\u0142 napawany obustronnie i po bokach, co pozwala na znacznie d\u0142u\u017csz\u0105 prac\u0119 bez konieczno\u015bci wymiany ca\u0142ej redlicy. Wybieraj\u0105c ten napawany dzi\u00f3b redlicy, inwestujesz w cz\u0119\u015b\u0107 o podwy\u017cszonej trwa\u0142o\u015bci.\" \/>\n<meta property=\"og:url\" content=\"https:\/\/exparto.pl\/sk\/produkt\/dziob-glebosza-unia-kret-dluto-redlicy-napawany-ze-stali-borowej-1435302101-agro-interstar\/\" \/>\n<meta property=\"og:site_name\" content=\"Exparto.pl\" \/>\n<meta property=\"article:publisher\" content=\"https:\/\/www.facebook.com\/exparto.agro\/\" \/>\n<meta property=\"article:modified_time\" content=\"2026-04-14T11:15:39+00:00\" \/>\n<meta property=\"og:image\" content=\"https:\/\/exparto.pl\/wp-content\/uploads\/2026\/04\/84bfacdd319118e8a07226c15eb055e0.jpg\" \/>\n\t<meta property=\"og:image:width\" content=\"1200\" \/>\n\t<meta property=\"og:image:height\" content=\"1200\" \/>\n\t<meta property=\"og:image:type\" content=\"image\/jpeg\" \/>\n<meta name=\"twitter:card\" content=\"summary_large_image\" \/>\n<meta name=\"twitter:label1\" content=\"Predpokladan\u00fd \u010das \u010d\u00edtania\" \/>\n\t<meta name=\"twitter:data1\" content=\"2 min\u00faty\" \/>\n<script type=\"application\/ld+json\" class=\"yoast-schema-graph\">{\"@context\":\"https:\\\/\\\/schema.org\",\"@graph\":[{\"@type\":\"WebPage\",\"@id\":\"https:\\\/\\\/exparto.pl\\\/sk\\\/produkt\\\/dziob-glebosza-unia-kret-dluto-redlicy-napawany-ze-stali-borowej-1435302101-agro-interstar\\\/\",\"url\":\"https:\\\/\\\/exparto.pl\\\/sk\\\/produkt\\\/dziob-glebosza-unia-kret-dluto-redlicy-napawany-ze-stali-borowej-1435302101-agro-interstar\\\/\",\"name\":\"Dzi\u00f3b g\u0142\u0119bosza UNIA KRET d\u0142uto redlicy napawany ze stali borowej 1435302101 Agro-interstar - Exparto.pl\",\"isPartOf\":{\"@id\":\"https:\\\/\\\/exparto.pl\\\/sk\\\/#website\"},\"primaryImageOfPage\":{\"@id\":\"https:\\\/\\\/exparto.pl\\\/sk\\\/produkt\\\/dziob-glebosza-unia-kret-dluto-redlicy-napawany-ze-stali-borowej-1435302101-agro-interstar\\\/#primaryimage\"},\"image\":{\"@id\":\"https:\\\/\\\/exparto.pl\\\/sk\\\/produkt\\\/dziob-glebosza-unia-kret-dluto-redlicy-napawany-ze-stali-borowej-1435302101-agro-interstar\\\/#primaryimage\"},\"thumbnailUrl\":\"https:\\\/\\\/exparto.pl\\\/wp-content\\\/uploads\\\/2026\\\/04\\\/84bfacdd319118e8a07226c15eb055e0.jpg\",\"datePublished\":\"2026-04-14T11:10:28+00:00\",\"dateModified\":\"2026-04-14T11:15:39+00:00\",\"breadcrumb\":{\"@id\":\"https:\\\/\\\/exparto.pl\\\/sk\\\/produkt\\\/dziob-glebosza-unia-kret-dluto-redlicy-napawany-ze-stali-borowej-1435302101-agro-interstar\\\/#breadcrumb\"},\"inLanguage\":\"sk-SK\",\"potentialAction\":[{\"@type\":\"ReadAction\",\"target\":[\"https:\\\/\\\/exparto.pl\\\/sk\\\/produkt\\\/dziob-glebosza-unia-kret-dluto-redlicy-napawany-ze-stali-borowej-1435302101-agro-interstar\\\/\"]}]},{\"@type\":\"ImageObject\",\"inLanguage\":\"sk-SK\",\"@id\":\"https:\\\/\\\/exparto.pl\\\/sk\\\/produkt\\\/dziob-glebosza-unia-kret-dluto-redlicy-napawany-ze-stali-borowej-1435302101-agro-interstar\\\/#primaryimage\",\"url\":\"https:\\\/\\\/exparto.pl\\\/wp-content\\\/uploads\\\/2026\\\/04\\\/84bfacdd319118e8a07226c15eb055e0.jpg\",\"contentUrl\":\"https:\\\/\\\/exparto.pl\\\/wp-content\\\/uploads\\\/2026\\\/04\\\/84bfacdd319118e8a07226c15eb055e0.jpg\",\"width\":1200,\"height\":1200,\"caption\":\"fa3ba3090f256ed786b8f74f989c89f6\"},{\"@type\":\"BreadcrumbList\",\"@id\":\"https:\\\/\\\/exparto.pl\\\/sk\\\/produkt\\\/dziob-glebosza-unia-kret-dluto-redlicy-napawany-ze-stali-borowej-1435302101-agro-interstar\\\/#breadcrumb\",\"itemListElement\":[{\"@type\":\"ListItem\",\"position\":1,\"name\":\"Domovsk\u00e1 str\u00e1nka\",\"item\":\"https:\\\/\\\/exparto.pl\\\/sk\\\/domovska-stranka\\\/\"},{\"@type\":\"ListItem\",\"position\":2,\"name\":\"Sklep\",\"item\":\"https:\\\/\\\/exparto.pl\\\/sklep\\\/\"},{\"@type\":\"ListItem\",\"position\":3,\"name\":\"Diely pre strniskov\u00fa jednotku\",\"item\":\"https:\\\/\\\/exparto.pl\\\/sk\\\/kategoria-produktov\\\/diely-pre-strniskovu-jednotku\\\/\"},{\"@type\":\"ListItem\",\"position\":4,\"name\":\"Dzi\u00f3b g\u0142\u0119bosza UNIA KRET d\u0142uto redlicy napawany ze stali borowej 1435302101 Agro-interstar\"}]},{\"@type\":\"WebSite\",\"@id\":\"https:\\\/\\\/exparto.pl\\\/sk\\\/#website\",\"url\":\"https:\\\/\\\/exparto.pl\\\/sk\\\/\",\"name\":\"EXPARTO\",\"description\":\"More than agro parts\",\"publisher\":{\"@id\":\"https:\\\/\\\/exparto.pl\\\/sk\\\/#organization\"},\"potentialAction\":[{\"@type\":\"SearchAction\",\"target\":{\"@type\":\"EntryPoint\",\"urlTemplate\":\"https:\\\/\\\/exparto.pl\\\/sk\\\/?s={search_term_string}\"},\"query-input\":{\"@type\":\"PropertyValueSpecification\",\"valueRequired\":true,\"valueName\":\"search_term_string\"}}],\"inLanguage\":\"sk-SK\"},{\"@type\":\"Organization\",\"@id\":\"https:\\\/\\\/exparto.pl\\\/sk\\\/#organization\",\"name\":\"EXPARTO\",\"url\":\"https:\\\/\\\/exparto.pl\\\/sk\\\/\",\"logo\":{\"@type\":\"ImageObject\",\"inLanguage\":\"sk-SK\",\"@id\":\"https:\\\/\\\/exparto.pl\\\/sk\\\/#\\\/schema\\\/logo\\\/image\\\/\",\"url\":\"https:\\\/\\\/exparto.pl\\\/wp-content\\\/uploads\\\/2023\\\/02\\\/logo-wektor.png\",\"contentUrl\":\"https:\\\/\\\/exparto.pl\\\/wp-content\\\/uploads\\\/2023\\\/02\\\/logo-wektor.png\",\"width\":1338,\"height\":143,\"caption\":\"EXPARTO\"},\"image\":{\"@id\":\"https:\\\/\\\/exparto.pl\\\/sk\\\/#\\\/schema\\\/logo\\\/image\\\/\"},\"sameAs\":[\"https:\\\/\\\/www.facebook.com\\\/exparto.agro\\\/\"]}]}<\/script>\n<!-- \/ Yoast SEO plugin. -->","yoast_head_json":{"title":"Dzi\u00f3b g\u0142\u0119bosza UNIA KRET d\u0142uto redlicy napawany ze stali borowej 1435302101 Agro-interstar - Exparto.pl","robots":{"index":"index","follow":"follow","max-snippet":"max-snippet:-1","max-image-preview":"max-image-preview:large","max-video-preview":"max-video-preview:-1"},"canonical":"https:\/\/exparto.pl\/sk\/produkt\/dziob-glebosza-unia-kret-dluto-redlicy-napawany-ze-stali-borowej-1435302101-agro-interstar\/","og_locale":"sk_SK","og_type":"article","og_title":"Dzi\u00f3b g\u0142\u0119bosza UNIA KRET d\u0142uto redlicy napawany ze stali borowej 1435302101 Agro-interstar - Exparto.pl","og_description":"Dzi\u00f3b g\u0142\u0119bosza zosta\u0142 napawany obustronnie i po bokach, co pozwala na znacznie d\u0142u\u017csz\u0105 prac\u0119 bez konieczno\u015bci wymiany ca\u0142ej redlicy. Wybieraj\u0105c ten napawany dzi\u00f3b redlicy, inwestujesz w cz\u0119\u015b\u0107 o podwy\u017cszonej trwa\u0142o\u015bci.","og_url":"https:\/\/exparto.pl\/sk\/produkt\/dziob-glebosza-unia-kret-dluto-redlicy-napawany-ze-stali-borowej-1435302101-agro-interstar\/","og_site_name":"Exparto.pl","article_publisher":"https:\/\/www.facebook.com\/exparto.agro\/","article_modified_time":"2026-04-14T11:15:39+00:00","og_image":[{"width":1200,"height":1200,"url":"https:\/\/exparto.pl\/wp-content\/uploads\/2026\/04\/84bfacdd319118e8a07226c15eb055e0.jpg","type":"image\/jpeg"}],"twitter_card":"summary_large_image","twitter_misc":{"Predpokladan\u00fd \u010das \u010d\u00edtania":"2 min\u00faty"},"schema":{"@context":"https:\/\/schema.org","@graph":[{"@type":"WebPage","@id":"https:\/\/exparto.pl\/sk\/produkt\/dziob-glebosza-unia-kret-dluto-redlicy-napawany-ze-stali-borowej-1435302101-agro-interstar\/","url":"https:\/\/exparto.pl\/sk\/produkt\/dziob-glebosza-unia-kret-dluto-redlicy-napawany-ze-stali-borowej-1435302101-agro-interstar\/","name":"Dzi\u00f3b g\u0142\u0119bosza UNIA KRET d\u0142uto redlicy napawany ze stali borowej 1435302101 Agro-interstar - Exparto.pl","isPartOf":{"@id":"https:\/\/exparto.pl\/sk\/#website"},"primaryImageOfPage":{"@id":"https:\/\/exparto.pl\/sk\/produkt\/dziob-glebosza-unia-kret-dluto-redlicy-napawany-ze-stali-borowej-1435302101-agro-interstar\/#primaryimage"},"image":{"@id":"https:\/\/exparto.pl\/sk\/produkt\/dziob-glebosza-unia-kret-dluto-redlicy-napawany-ze-stali-borowej-1435302101-agro-interstar\/#primaryimage"},"thumbnailUrl":"https:\/\/exparto.pl\/wp-content\/uploads\/2026\/04\/84bfacdd319118e8a07226c15eb055e0.jpg","datePublished":"2026-04-14T11:10:28+00:00","dateModified":"2026-04-14T11:15:39+00:00","breadcrumb":{"@id":"https:\/\/exparto.pl\/sk\/produkt\/dziob-glebosza-unia-kret-dluto-redlicy-napawany-ze-stali-borowej-1435302101-agro-interstar\/#breadcrumb"},"inLanguage":"sk-SK","potentialAction":[{"@type":"ReadAction","target":["https:\/\/exparto.pl\/sk\/produkt\/dziob-glebosza-unia-kret-dluto-redlicy-napawany-ze-stali-borowej-1435302101-agro-interstar\/"]}]},{"@type":"ImageObject","inLanguage":"sk-SK","@id":"https:\/\/exparto.pl\/sk\/produkt\/dziob-glebosza-unia-kret-dluto-redlicy-napawany-ze-stali-borowej-1435302101-agro-interstar\/#primaryimage","url":"https:\/\/exparto.pl\/wp-content\/uploads\/2026\/04\/84bfacdd319118e8a07226c15eb055e0.jpg","contentUrl":"https:\/\/exparto.pl\/wp-content\/uploads\/2026\/04\/84bfacdd319118e8a07226c15eb055e0.jpg","width":1200,"height":1200,"caption":"fa3ba3090f256ed786b8f74f989c89f6"},{"@type":"BreadcrumbList","@id":"https:\/\/exparto.pl\/sk\/produkt\/dziob-glebosza-unia-kret-dluto-redlicy-napawany-ze-stali-borowej-1435302101-agro-interstar\/#breadcrumb","itemListElement":[{"@type":"ListItem","position":1,"name":"Domovsk\u00e1 str\u00e1nka","item":"https:\/\/exparto.pl\/sk\/domovska-stranka\/"},{"@type":"ListItem","position":2,"name":"Sklep","item":"https:\/\/exparto.pl\/sklep\/"},{"@type":"ListItem","position":3,"name":"Diely pre strniskov\u00fa jednotku","item":"https:\/\/exparto.pl\/sk\/kategoria-produktov\/diely-pre-strniskovu-jednotku\/"},{"@type":"ListItem","position":4,"name":"Dzi\u00f3b g\u0142\u0119bosza UNIA KRET d\u0142uto redlicy napawany ze stali borowej 1435302101 Agro-interstar"}]},{"@type":"WebSite","@id":"https:\/\/exparto.pl\/sk\/#website","url":"https:\/\/exparto.pl\/sk\/","name":"EXPARTO","description":"More than agro parts","publisher":{"@id":"https:\/\/exparto.pl\/sk\/#organization"},"potentialAction":[{"@type":"SearchAction","target":{"@type":"EntryPoint","urlTemplate":"https:\/\/exparto.pl\/sk\/?s={search_term_string}"},"query-input":{"@type":"PropertyValueSpecification","valueRequired":true,"valueName":"search_term_string"}}],"inLanguage":"sk-SK"},{"@type":"Organization","@id":"https:\/\/exparto.pl\/sk\/#organization","name":"EXPARTO","url":"https:\/\/exparto.pl\/sk\/","logo":{"@type":"ImageObject","inLanguage":"sk-SK","@id":"https:\/\/exparto.pl\/sk\/#\/schema\/logo\/image\/","url":"https:\/\/exparto.pl\/wp-content\/uploads\/2023\/02\/logo-wektor.png","contentUrl":"https:\/\/exparto.pl\/wp-content\/uploads\/2023\/02\/logo-wektor.png","width":1338,"height":143,"caption":"EXPARTO"},"image":{"@id":"https:\/\/exparto.pl\/sk\/#\/schema\/logo\/image\/"},"sameAs":["https:\/\/www.facebook.com\/exparto.agro\/"]}]}},"_links":{"self":[{"href":"https:\/\/exparto.pl\/sk\/wp-json\/wp\/v2\/product\/64326","targetHints":{"allow":["GET"]}}],"collection":[{"href":"https:\/\/exparto.pl\/sk\/wp-json\/wp\/v2\/product"}],"about":[{"href":"https:\/\/exparto.pl\/sk\/wp-json\/wp\/v2\/types\/product"}],"replies":[{"embeddable":true,"href":"https:\/\/exparto.pl\/sk\/wp-json\/wp\/v2\/comments?post=64326"}],"wp:featuredmedia":[{"embeddable":true,"href":"https:\/\/exparto.pl\/sk\/wp-json\/wp\/v2\/media\/64306"}],"wp:attachment":[{"href":"https:\/\/exparto.pl\/sk\/wp-json\/wp\/v2\/media?parent=64326"}],"wp:term":[{"taxonomy":"product_brand","embeddable":true,"href":"https:\/\/exparto.pl\/sk\/wp-json\/wp\/v2\/product_brand?post=64326"},{"taxonomy":"product_cat","embeddable":true,"href":"https:\/\/exparto.pl\/sk\/wp-json\/wp\/v2\/product_cat?post=64326"},{"taxonomy":"product_tag","embeddable":true,"href":"https:\/\/exparto.pl\/sk\/wp-json\/wp\/v2\/product_tag?post=64326"}],"curies":[{"name":"wp","href":"https:\/\/api.w.org\/{rel}","templated":true}]}}