{"id":65850,"date":"2026-05-06T11:35:40","date_gmt":"2026-05-06T09:35:40","guid":{"rendered":"https:\/\/exparto.pl\/produkt\/kula-ustalajaca-ze-sruba-16x90-do-pluga-kverneland-komplet-kk071259-071259\/"},"modified":"2026-05-06T13:29:27","modified_gmt":"2026-05-06T11:29:27","slug":"kula-ustalajaca-ze-sruba-16x90-do-pluga-kverneland-komplet-kk071259-071259","status":"publish","type":"product","link":"https:\/\/exparto.pl\/sk\/produkt\/kula-ustalajaca-ze-sruba-16x90-do-pluga-kverneland-komplet-kk071259-071259\/","title":{"rendered":"Kula ustalaj\u0105ca ze \u015brub\u0105 16&#215;90 do p\u0142uga Kverneland komplet KK071259 071259"},"content":{"rendered":"<p style=\"text-align: justify\">Kula ustalaj\u0105ca do s\u0142upicy wraz ze \u015brub\u0105 M16x90 zapewnia precyzyjne ustawienie s\u0142upicy maszyny wzgl\u0119dem ramy. <strong>Oferowana przez nas kula ustalaj\u0105ca w komplecie ze \u015brub\u0105 M16x90 zapewnia stabiln\u0105 prac\u0119 bez zb\u0119dnych luz\u00f3w. Wykonana jest przez polskiego producenta, co gwarantuje to wysok\u0105 jako\u015b\u0107 wykonania.<\/strong> Sprawd\u017a te i inne cz\u0119\u015bci do p\u0142uga Kverneland w sklepie EXPARTO.<\/p>\n<h2><span style=\"font-weight: 400\">Kula ustalaj\u0105ca 071259\u2013 \u015bruba M16x90, p\u0142ug Kverneland<\/span><\/h2>\n<p style=\"text-align: justify\">Dlaczego p\u0142ug nie idzie r\u00f3wno w bru\u017adzie? Cz\u0119st\u0105 przyczyn\u0105 s\u0105 luzy na s\u0142upicy, kt\u00f3re pomo\u017ce wyeliminowa\u0107 nowa kula ustalaj\u0105ca. <strong>Wykonanie z wysokiej jako\u015bci stali hartowanej pozwala ograniczy\u0107 niekontrolowane przesuni\u0119cia element\u00f3w.<\/strong> Jest to niezwykle wa\u017cne, szczeg\u00f3lnie podczas pracy w ci\u0119\u017ckiej i zbitej glebie. Dzi\u0119ki kulistemu kszta\u0142towi podzesp\u00f3\u0142 lepiej rozk\u0142ada si\u0142y i uderzenia ni\u017c zwyk\u0142a tuleja. Pomaga to Twojemu p\u0142ugowi zachowa\u0107 prost\u0105 lini\u0119 pracy, a ca\u0142a konstrukcja nie ulega przekoszeniom pod du\u017cym obci\u0105\u017ceniem.<\/p>\n<p style=\"text-align: justify\">Zestaw zawiera dopasowan\u0105 \u015brub\u0119 M16x90, co zapewnia trwa\u0142o\u015b\u0107 po\u0142\u0105czenia i pozwala na mikroruchy s\u0142upicy bez powstawania szkodliwych napr\u0119\u017ce\u0144. <strong>W asortymencie EXPARTO znajdziesz r\u00f3wnie\u017c inne cz\u0119\u015bci do p\u0142ug\u00f3w.<\/strong> Postaw na sprawdzone rozwi\u0105zania i zach\u0119camy do zapoznania si\u0119 z nasz\u0105 pe\u0142n\u0105 ofert\u0105 dost\u0119pn\u0105 na stronie.<\/p>\n<p style=\"text-align: justify\"><b>Zastosowanie<\/b><span style=\"font-weight: 400\">:<\/span><\/p>\n<ul>\n<li>p\u0142ugi Kverneland i pochodne<\/li>\n<\/ul>\n<p style=\"text-align: justify\"><b>Numer katalogowy<\/b><span style=\"font-weight: 400\">:<\/span><\/p>\n<ul>\n<li>KK071259<\/li>\n<li>071259<\/li>\n<\/ul>\n","protected":false},"excerpt":{"rendered":"<p>Wykonanie z wysokiej jako\u015bci stali hartowanej pomaga Twojemu p\u0142ugowi zachowa\u0107 prost\u0105 lini\u0119 pracy, a ca\u0142a konstrukcja nie ulega przekoszeniom pod du\u017cym obci\u0105\u017ceniem.<\/p>\n","protected":false},"featured_media":65835,"comment_status":"open","ping_status":"closed","template":"","meta":{"_acf_changed":false,"inline_featured_image":false},"product_brand":[],"product_cat":[765,1059],"product_tag":[],"class_list":{"0":"post-65850","1":"product","2":"type-product","3":"status-publish","4":"has-post-thumbnail","6":"product_cat-czesci-do-plugow","7":"product_cat-kule-ustalajace-slupicy","9":"first","10":"instock","11":"taxable","12":"shipping-taxable","13":"purchasable","14":"product-type-simple"},"acf":[],"yoast_head":"<!-- This site is optimized with the Yoast SEO plugin v27.5 - https:\/\/yoast.com\/product\/yoast-seo-wordpress\/ -->\n<title>Kula ustalaj\u0105ca ze \u015brub\u0105 16x90 do p\u0142uga Kverneland komplet KK071259 071259 - Exparto.pl<\/title>\n<meta name=\"robots\" content=\"index, follow, max-snippet:-1, max-image-preview:large, max-video-preview:-1\" \/>\n<link rel=\"canonical\" href=\"https:\/\/exparto.pl\/sk\/produkt\/kula-ustalajaca-ze-sruba-16x90-do-pluga-kverneland-komplet-kk071259-071259\/\" \/>\n<meta property=\"og:locale\" content=\"sk_SK\" \/>\n<meta property=\"og:type\" content=\"article\" \/>\n<meta property=\"og:title\" content=\"Kula ustalaj\u0105ca ze \u015brub\u0105 16x90 do p\u0142uga Kverneland komplet KK071259 071259 - Exparto.pl\" \/>\n<meta property=\"og:description\" content=\"Wykonanie z wysokiej jako\u015bci stali hartowanej pomaga Twojemu p\u0142ugowi zachowa\u0107 prost\u0105 lini\u0119 pracy, a ca\u0142a konstrukcja nie ulega przekoszeniom pod du\u017cym obci\u0105\u017ceniem.\" \/>\n<meta property=\"og:url\" content=\"https:\/\/exparto.pl\/sk\/produkt\/kula-ustalajaca-ze-sruba-16x90-do-pluga-kverneland-komplet-kk071259-071259\/\" \/>\n<meta property=\"og:site_name\" content=\"Exparto.pl\" \/>\n<meta property=\"article:publisher\" content=\"https:\/\/www.facebook.com\/exparto.agro\/\" \/>\n<meta property=\"article:modified_time\" content=\"2026-05-06T11:29:27+00:00\" \/>\n<meta property=\"og:image\" content=\"https:\/\/exparto.pl\/wp-content\/uploads\/2026\/05\/1ae25dc441027115c50906ca7eefb424.jpg\" \/>\n\t<meta property=\"og:image:width\" content=\"1200\" \/>\n\t<meta property=\"og:image:height\" content=\"1200\" \/>\n\t<meta property=\"og:image:type\" content=\"image\/jpeg\" \/>\n<meta name=\"twitter:card\" content=\"summary_large_image\" \/>\n<meta name=\"twitter:label1\" content=\"Predpokladan\u00fd \u010das \u010d\u00edtania\" \/>\n\t<meta name=\"twitter:data1\" content=\"2 min\u00faty\" \/>\n<script type=\"application\/ld+json\" class=\"yoast-schema-graph\">{\"@context\":\"https:\\\/\\\/schema.org\",\"@graph\":[{\"@type\":\"WebPage\",\"@id\":\"https:\\\/\\\/exparto.pl\\\/sk\\\/produkt\\\/kula-ustalajaca-ze-sruba-16x90-do-pluga-kverneland-komplet-kk071259-071259\\\/\",\"url\":\"https:\\\/\\\/exparto.pl\\\/sk\\\/produkt\\\/kula-ustalajaca-ze-sruba-16x90-do-pluga-kverneland-komplet-kk071259-071259\\\/\",\"name\":\"Kula ustalaj\u0105ca ze \u015brub\u0105 16x90 do p\u0142uga Kverneland komplet KK071259 071259 - Exparto.pl\",\"isPartOf\":{\"@id\":\"https:\\\/\\\/exparto.pl\\\/sk\\\/#website\"},\"primaryImageOfPage\":{\"@id\":\"https:\\\/\\\/exparto.pl\\\/sk\\\/produkt\\\/kula-ustalajaca-ze-sruba-16x90-do-pluga-kverneland-komplet-kk071259-071259\\\/#primaryimage\"},\"image\":{\"@id\":\"https:\\\/\\\/exparto.pl\\\/sk\\\/produkt\\\/kula-ustalajaca-ze-sruba-16x90-do-pluga-kverneland-komplet-kk071259-071259\\\/#primaryimage\"},\"thumbnailUrl\":\"https:\\\/\\\/exparto.pl\\\/wp-content\\\/uploads\\\/2026\\\/05\\\/1ae25dc441027115c50906ca7eefb424.jpg\",\"datePublished\":\"2026-05-06T09:35:40+00:00\",\"dateModified\":\"2026-05-06T11:29:27+00:00\",\"breadcrumb\":{\"@id\":\"https:\\\/\\\/exparto.pl\\\/sk\\\/produkt\\\/kula-ustalajaca-ze-sruba-16x90-do-pluga-kverneland-komplet-kk071259-071259\\\/#breadcrumb\"},\"inLanguage\":\"sk-SK\",\"potentialAction\":[{\"@type\":\"ReadAction\",\"target\":[\"https:\\\/\\\/exparto.pl\\\/sk\\\/produkt\\\/kula-ustalajaca-ze-sruba-16x90-do-pluga-kverneland-komplet-kk071259-071259\\\/\"]}]},{\"@type\":\"ImageObject\",\"inLanguage\":\"sk-SK\",\"@id\":\"https:\\\/\\\/exparto.pl\\\/sk\\\/produkt\\\/kula-ustalajaca-ze-sruba-16x90-do-pluga-kverneland-komplet-kk071259-071259\\\/#primaryimage\",\"url\":\"https:\\\/\\\/exparto.pl\\\/wp-content\\\/uploads\\\/2026\\\/05\\\/1ae25dc441027115c50906ca7eefb424.jpg\",\"contentUrl\":\"https:\\\/\\\/exparto.pl\\\/wp-content\\\/uploads\\\/2026\\\/05\\\/1ae25dc441027115c50906ca7eefb424.jpg\",\"width\":1200,\"height\":1200,\"caption\":\"e7f2cf1d27d517902db75370c89e4eb4\"},{\"@type\":\"BreadcrumbList\",\"@id\":\"https:\\\/\\\/exparto.pl\\\/sk\\\/produkt\\\/kula-ustalajaca-ze-sruba-16x90-do-pluga-kverneland-komplet-kk071259-071259\\\/#breadcrumb\",\"itemListElement\":[{\"@type\":\"ListItem\",\"position\":1,\"name\":\"Domovsk\u00e1 str\u00e1nka\",\"item\":\"https:\\\/\\\/exparto.pl\\\/sk\\\/domovska-stranka\\\/\"},{\"@type\":\"ListItem\",\"position\":2,\"name\":\"Sklep\",\"item\":\"https:\\\/\\\/exparto.pl\\\/sklep\\\/\"},{\"@type\":\"ListItem\",\"position\":3,\"name\":\"\u010casti pluhu\",\"item\":\"https:\\\/\\\/exparto.pl\\\/sk\\\/kategoria-produktov\\\/casti-pluhu\\\/\"},{\"@type\":\"ListItem\",\"position\":4,\"name\":\"Kule ustalaj\u0105ce s\u0142upicy\",\"item\":\"https:\\\/\\\/exparto.pl\\\/kategoria-produktu\\\/czesci-do-plugow\\\/kule-ustalajace-slupicy\\\/\"},{\"@type\":\"ListItem\",\"position\":5,\"name\":\"Kula ustalaj\u0105ca ze \u015brub\u0105 16&#215;90 do p\u0142uga Kverneland komplet KK071259 071259\"}]},{\"@type\":\"WebSite\",\"@id\":\"https:\\\/\\\/exparto.pl\\\/sk\\\/#website\",\"url\":\"https:\\\/\\\/exparto.pl\\\/sk\\\/\",\"name\":\"EXPARTO\",\"description\":\"More than agro parts\",\"publisher\":{\"@id\":\"https:\\\/\\\/exparto.pl\\\/sk\\\/#organization\"},\"potentialAction\":[{\"@type\":\"SearchAction\",\"target\":{\"@type\":\"EntryPoint\",\"urlTemplate\":\"https:\\\/\\\/exparto.pl\\\/sk\\\/?s={search_term_string}\"},\"query-input\":{\"@type\":\"PropertyValueSpecification\",\"valueRequired\":true,\"valueName\":\"search_term_string\"}}],\"inLanguage\":\"sk-SK\"},{\"@type\":\"Organization\",\"@id\":\"https:\\\/\\\/exparto.pl\\\/sk\\\/#organization\",\"name\":\"EXPARTO\",\"url\":\"https:\\\/\\\/exparto.pl\\\/sk\\\/\",\"logo\":{\"@type\":\"ImageObject\",\"inLanguage\":\"sk-SK\",\"@id\":\"https:\\\/\\\/exparto.pl\\\/sk\\\/#\\\/schema\\\/logo\\\/image\\\/\",\"url\":\"https:\\\/\\\/exparto.pl\\\/wp-content\\\/uploads\\\/2023\\\/02\\\/logo-wektor.png\",\"contentUrl\":\"https:\\\/\\\/exparto.pl\\\/wp-content\\\/uploads\\\/2023\\\/02\\\/logo-wektor.png\",\"width\":1338,\"height\":143,\"caption\":\"EXPARTO\"},\"image\":{\"@id\":\"https:\\\/\\\/exparto.pl\\\/sk\\\/#\\\/schema\\\/logo\\\/image\\\/\"},\"sameAs\":[\"https:\\\/\\\/www.facebook.com\\\/exparto.agro\\\/\"]}]}<\/script>\n<!-- \/ Yoast SEO plugin. -->","yoast_head_json":{"title":"Kula ustalaj\u0105ca ze \u015brub\u0105 16x90 do p\u0142uga Kverneland komplet KK071259 071259 - Exparto.pl","robots":{"index":"index","follow":"follow","max-snippet":"max-snippet:-1","max-image-preview":"max-image-preview:large","max-video-preview":"max-video-preview:-1"},"canonical":"https:\/\/exparto.pl\/sk\/produkt\/kula-ustalajaca-ze-sruba-16x90-do-pluga-kverneland-komplet-kk071259-071259\/","og_locale":"sk_SK","og_type":"article","og_title":"Kula ustalaj\u0105ca ze \u015brub\u0105 16x90 do p\u0142uga Kverneland komplet KK071259 071259 - Exparto.pl","og_description":"Wykonanie z wysokiej jako\u015bci stali hartowanej pomaga Twojemu p\u0142ugowi zachowa\u0107 prost\u0105 lini\u0119 pracy, a ca\u0142a konstrukcja nie ulega przekoszeniom pod du\u017cym obci\u0105\u017ceniem.","og_url":"https:\/\/exparto.pl\/sk\/produkt\/kula-ustalajaca-ze-sruba-16x90-do-pluga-kverneland-komplet-kk071259-071259\/","og_site_name":"Exparto.pl","article_publisher":"https:\/\/www.facebook.com\/exparto.agro\/","article_modified_time":"2026-05-06T11:29:27+00:00","og_image":[{"width":1200,"height":1200,"url":"https:\/\/exparto.pl\/wp-content\/uploads\/2026\/05\/1ae25dc441027115c50906ca7eefb424.jpg","type":"image\/jpeg"}],"twitter_card":"summary_large_image","twitter_misc":{"Predpokladan\u00fd \u010das \u010d\u00edtania":"2 min\u00faty"},"schema":{"@context":"https:\/\/schema.org","@graph":[{"@type":"WebPage","@id":"https:\/\/exparto.pl\/sk\/produkt\/kula-ustalajaca-ze-sruba-16x90-do-pluga-kverneland-komplet-kk071259-071259\/","url":"https:\/\/exparto.pl\/sk\/produkt\/kula-ustalajaca-ze-sruba-16x90-do-pluga-kverneland-komplet-kk071259-071259\/","name":"Kula ustalaj\u0105ca ze \u015brub\u0105 16x90 do p\u0142uga Kverneland komplet KK071259 071259 - Exparto.pl","isPartOf":{"@id":"https:\/\/exparto.pl\/sk\/#website"},"primaryImageOfPage":{"@id":"https:\/\/exparto.pl\/sk\/produkt\/kula-ustalajaca-ze-sruba-16x90-do-pluga-kverneland-komplet-kk071259-071259\/#primaryimage"},"image":{"@id":"https:\/\/exparto.pl\/sk\/produkt\/kula-ustalajaca-ze-sruba-16x90-do-pluga-kverneland-komplet-kk071259-071259\/#primaryimage"},"thumbnailUrl":"https:\/\/exparto.pl\/wp-content\/uploads\/2026\/05\/1ae25dc441027115c50906ca7eefb424.jpg","datePublished":"2026-05-06T09:35:40+00:00","dateModified":"2026-05-06T11:29:27+00:00","breadcrumb":{"@id":"https:\/\/exparto.pl\/sk\/produkt\/kula-ustalajaca-ze-sruba-16x90-do-pluga-kverneland-komplet-kk071259-071259\/#breadcrumb"},"inLanguage":"sk-SK","potentialAction":[{"@type":"ReadAction","target":["https:\/\/exparto.pl\/sk\/produkt\/kula-ustalajaca-ze-sruba-16x90-do-pluga-kverneland-komplet-kk071259-071259\/"]}]},{"@type":"ImageObject","inLanguage":"sk-SK","@id":"https:\/\/exparto.pl\/sk\/produkt\/kula-ustalajaca-ze-sruba-16x90-do-pluga-kverneland-komplet-kk071259-071259\/#primaryimage","url":"https:\/\/exparto.pl\/wp-content\/uploads\/2026\/05\/1ae25dc441027115c50906ca7eefb424.jpg","contentUrl":"https:\/\/exparto.pl\/wp-content\/uploads\/2026\/05\/1ae25dc441027115c50906ca7eefb424.jpg","width":1200,"height":1200,"caption":"e7f2cf1d27d517902db75370c89e4eb4"},{"@type":"BreadcrumbList","@id":"https:\/\/exparto.pl\/sk\/produkt\/kula-ustalajaca-ze-sruba-16x90-do-pluga-kverneland-komplet-kk071259-071259\/#breadcrumb","itemListElement":[{"@type":"ListItem","position":1,"name":"Domovsk\u00e1 str\u00e1nka","item":"https:\/\/exparto.pl\/sk\/domovska-stranka\/"},{"@type":"ListItem","position":2,"name":"Sklep","item":"https:\/\/exparto.pl\/sklep\/"},{"@type":"ListItem","position":3,"name":"\u010casti pluhu","item":"https:\/\/exparto.pl\/sk\/kategoria-produktov\/casti-pluhu\/"},{"@type":"ListItem","position":4,"name":"Kule ustalaj\u0105ce s\u0142upicy","item":"https:\/\/exparto.pl\/kategoria-produktu\/czesci-do-plugow\/kule-ustalajace-slupicy\/"},{"@type":"ListItem","position":5,"name":"Kula ustalaj\u0105ca ze \u015brub\u0105 16&#215;90 do p\u0142uga Kverneland komplet KK071259 071259"}]},{"@type":"WebSite","@id":"https:\/\/exparto.pl\/sk\/#website","url":"https:\/\/exparto.pl\/sk\/","name":"EXPARTO","description":"More than agro parts","publisher":{"@id":"https:\/\/exparto.pl\/sk\/#organization"},"potentialAction":[{"@type":"SearchAction","target":{"@type":"EntryPoint","urlTemplate":"https:\/\/exparto.pl\/sk\/?s={search_term_string}"},"query-input":{"@type":"PropertyValueSpecification","valueRequired":true,"valueName":"search_term_string"}}],"inLanguage":"sk-SK"},{"@type":"Organization","@id":"https:\/\/exparto.pl\/sk\/#organization","name":"EXPARTO","url":"https:\/\/exparto.pl\/sk\/","logo":{"@type":"ImageObject","inLanguage":"sk-SK","@id":"https:\/\/exparto.pl\/sk\/#\/schema\/logo\/image\/","url":"https:\/\/exparto.pl\/wp-content\/uploads\/2023\/02\/logo-wektor.png","contentUrl":"https:\/\/exparto.pl\/wp-content\/uploads\/2023\/02\/logo-wektor.png","width":1338,"height":143,"caption":"EXPARTO"},"image":{"@id":"https:\/\/exparto.pl\/sk\/#\/schema\/logo\/image\/"},"sameAs":["https:\/\/www.facebook.com\/exparto.agro\/"]}]}},"_links":{"self":[{"href":"https:\/\/exparto.pl\/sk\/wp-json\/wp\/v2\/product\/65850","targetHints":{"allow":["GET"]}}],"collection":[{"href":"https:\/\/exparto.pl\/sk\/wp-json\/wp\/v2\/product"}],"about":[{"href":"https:\/\/exparto.pl\/sk\/wp-json\/wp\/v2\/types\/product"}],"replies":[{"embeddable":true,"href":"https:\/\/exparto.pl\/sk\/wp-json\/wp\/v2\/comments?post=65850"}],"wp:featuredmedia":[{"embeddable":true,"href":"https:\/\/exparto.pl\/sk\/wp-json\/wp\/v2\/media\/65835"}],"wp:attachment":[{"href":"https:\/\/exparto.pl\/sk\/wp-json\/wp\/v2\/media?parent=65850"}],"wp:term":[{"taxonomy":"product_brand","embeddable":true,"href":"https:\/\/exparto.pl\/sk\/wp-json\/wp\/v2\/product_brand?post=65850"},{"taxonomy":"product_cat","embeddable":true,"href":"https:\/\/exparto.pl\/sk\/wp-json\/wp\/v2\/product_cat?post=65850"},{"taxonomy":"product_tag","embeddable":true,"href":"https:\/\/exparto.pl\/sk\/wp-json\/wp\/v2\/product_tag?post=65850"}],"curies":[{"name":"wp","href":"https:\/\/api.w.org\/{rel}","templated":true}]}}