{"id":66638,"date":"2026-05-14T10:33:52","date_gmt":"2026-05-14T08:33:52","guid":{"rendered":"https:\/\/exparto.pl\/produkt\/talerz-do-talerzowki-560-mm-x-5-mm-uzebiony-4-otworow-z-10-stal-sprezynowa\/"},"modified":"2026-05-14T10:50:25","modified_gmt":"2026-05-14T08:50:25","slug":"talerz-do-talerzowki-560-mm-x-5-mm-uzebiony-4-otworow-z-10-stal-sprezynowa","status":"publish","type":"product","link":"https:\/\/exparto.pl\/sk\/produkt\/talerz-do-talerzowki-560-mm-x-5-mm-uzebiony-4-otworow-z-10-stal-sprezynowa\/","title":{"rendered":"Talerz do talerz\u00f3wki 560 mm x 5 mm, uz\u0119biony, 4 otwor\u00f3w, Z-10, stal spr\u0119\u017cynowa"},"content":{"rendered":"<p><span style=\"font-weight: 400\">Talerz brony talerzowej o \u015brednicy 560 mm z uz\u0119bieniem oferowany w EXPARTO to wysokiej jako\u015bci cz\u0119\u015b\u0107 robocza. <\/span><b>Powstaje ze stali spr\u0119\u017cynowej. Dost\u0119pny tu model posiada 4 otwory monta\u017cowe i typ Z-10.<\/b><span style=\"font-weight: 400\"> Poznaj potencja\u0142 jego zastosowania i skorzystaj z naszej oferty.\u00a0\u00a0<\/span><\/p>\n<h2><span style=\"font-weight: 400\">Talerz uz\u0119biony 560 do talerz\u00f3wki \u2013 4 otwory, typ Z-10<\/span><\/h2>\n<p><b>Talerz do talerz\u00f3wki 560 mm to uniwersalna cz\u0119\u015b\u0107, kt\u00f3ra pasuje do r\u00f3\u017cnych modeli bron talerzowych wykorzystywanych na polskiej wsi<\/b><span style=\"font-weight: 400\">. <\/span><\/p>\n<p><b>Przygotowali\u015bmy dla Ciebie talerz uz\u0119biony 560, kt\u00f3ry gwarantuje wysok\u0105 skuteczno\u015b\u0107 dzia\u0142ania w procesie ci\u0119cia gleby, korzeni i innych pozosta\u0142o\u015bci organicznych<\/b>. Stal spr\u0119\u017cynowa jest odporna na intensywne u\u017cytkowanie oraz uszkodzenia na skutek kontaktu z kamieniami i innymi przeszkodami. Dzi\u0119ki temu talerz d\u0142u\u017cej zachowa swoje w\u0142a\u015bciwo\u015bci i pozwoli Ci na efektywn\u0105 prac\u0119. <\/p>\n<\/p>\n<p style=\"text-align: justify\"><b>Wszystkie produkty w EXPARTO spe\u0142niaj\u0105 najwy\u017csze standardy rynkowe<\/b><span style=\"font-weight: 400\">. Tak te\u017c jest z oferowanymi przez nas talerzami do bron talerzowych. Pozwalaj\u0105 one na wydajn\u0105 i efektywn\u0105 kosztowo prac\u0119 w gospodarstwie rolnym. Zale\u017cy Ci na tym? Skorzystaj z naszej oferty. W przypadku w\u0105tpliwo\u015bci w doborze skontaktuj si\u0119 z naszym ekspertem.<\/span><\/p>\n<\/p>\n<p style=\"text-align: justify\">Polecamy talerze EXPARTO do <span style=\"font-weight: bold\">bron talerzowych, bron muszlowych, bron le\u015bnych, agregat\u00f3w uprawowych, p\u0142ug\u00f3w talerzowych oraz kultywator\u00f3w \u015bcierniskowych (gruber\u00f3w), agregat\u00f3w siewnych, siewnik\u00f3w, agregat\u00f3w hybrydowych.<\/span><\/p>\n<\/p>\n<p style=\"text-align: justify\"><span style=\"font-weight: bold\">Talerze EXPART<\/span><span style=\"color: inherit;font-weight: 700 !important\">O<\/span> s\u0105 kompatybilne z maszynami produkowanymi przez:<\/p>\n<ul>\n<li style=\"text-align: justify\">Agrisem, Agrimet, Agro lift, Agromasz, Agrotom, Akpil, Amazone, ATMP, Awemak, Batyra, Bednar, Bomet, Bury, Czajkowski, Dexwal, Euromasz, Expom, Goliath, Horsch, Kunh, Kverneland, Lemken, Mandam, Metalfach, Pettinger, Polgrom, Rol\/ex, Rolmako, Staltech, Strumyk, Unia, Vaderstad, PPHU ZAPA\u0141A oraz pozosta\u0142ymi maszynami wyposa\u017conymi w piasty SKF, Krasnik czy talerze typu C<\/li>\n<\/ul>\n","protected":false},"excerpt":{"rendered":"<p style=\"text-align: justify\">Talerze rolnicze EXPARTO do uprawy w technologii uproszczonej przy u\u017cyciu agregat\u00f3w i bron talerzowych. Uwzgl\u0119dniaj\u0105 rodzaj prac polowych czy specyfik\u0119 gleby. Gwarantuj\u0105 spokojn\u0105 i wydajn\u0105 prac\u0119.<\/p>\n","protected":false},"featured_media":66623,"comment_status":"open","ping_status":"closed","template":"","meta":{"_acf_changed":false,"inline_featured_image":false},"product_brand":[920],"product_cat":[41,56,63],"product_tag":[],"class_list":{"0":"post-66638","1":"product","2":"type-product","3":"status-publish","4":"has-post-thumbnail","6":"product_brand-exparto","7":"product_cat-czesci-do-talerzowki","8":"product_cat-talerze-uprawowe","9":"product_cat-talerze-560-mm","11":"first","12":"instock","13":"taxable","14":"shipping-taxable","15":"purchasable","16":"product-type-simple"},"acf":[],"yoast_head":"<!-- This site is optimized with the Yoast SEO plugin v27.5 - https:\/\/yoast.com\/product\/yoast-seo-wordpress\/ -->\n<title>Talerz do talerz\u00f3wki 560 mm x 5 mm, uz\u0119biony, 4 otwor\u00f3w, Z-10, stal spr\u0119\u017cynowa - Exparto.pl<\/title>\n<meta name=\"robots\" content=\"index, follow, max-snippet:-1, max-image-preview:large, max-video-preview:-1\" \/>\n<link rel=\"canonical\" href=\"https:\/\/exparto.pl\/sk\/produkt\/talerz-do-talerzowki-560-mm-x-5-mm-uzebiony-4-otworow-z-10-stal-sprezynowa\/\" \/>\n<meta property=\"og:locale\" content=\"sk_SK\" \/>\n<meta property=\"og:type\" content=\"article\" \/>\n<meta property=\"og:title\" content=\"Talerz do talerz\u00f3wki 560 mm x 5 mm, uz\u0119biony, 4 otwor\u00f3w, Z-10, stal spr\u0119\u017cynowa - Exparto.pl\" \/>\n<meta property=\"og:description\" content=\"Talerze rolnicze EXPARTO do uprawy w technologii uproszczonej przy u\u017cyciu agregat\u00f3w i bron talerzowych. Uwzgl\u0119dniaj\u0105 rodzaj prac polowych czy specyfik\u0119 gleby. Gwarantuj\u0105 spokojn\u0105 i wydajn\u0105 prac\u0119.\" \/>\n<meta property=\"og:url\" content=\"https:\/\/exparto.pl\/sk\/produkt\/talerz-do-talerzowki-560-mm-x-5-mm-uzebiony-4-otworow-z-10-stal-sprezynowa\/\" \/>\n<meta property=\"og:site_name\" content=\"Exparto.pl\" \/>\n<meta property=\"article:publisher\" content=\"https:\/\/www.facebook.com\/exparto.agro\/\" \/>\n<meta property=\"article:modified_time\" content=\"2026-05-14T08:50:25+00:00\" \/>\n<meta property=\"og:image\" content=\"https:\/\/exparto.pl\/wp-content\/uploads\/2026\/05\/131782ad8e81c0e857b2e95f25a028b1.jpg\" \/>\n\t<meta property=\"og:image:width\" content=\"1200\" \/>\n\t<meta property=\"og:image:height\" content=\"1200\" \/>\n\t<meta property=\"og:image:type\" content=\"image\/jpeg\" \/>\n<meta name=\"twitter:card\" content=\"summary_large_image\" \/>\n<meta name=\"twitter:label1\" content=\"Predpokladan\u00fd \u010das \u010d\u00edtania\" \/>\n\t<meta name=\"twitter:data1\" content=\"2 min\u00faty\" \/>\n<script type=\"application\/ld+json\" class=\"yoast-schema-graph\">{\"@context\":\"https:\\\/\\\/schema.org\",\"@graph\":[{\"@type\":\"WebPage\",\"@id\":\"https:\\\/\\\/exparto.pl\\\/sk\\\/produkt\\\/talerz-do-talerzowki-560-mm-x-5-mm-uzebiony-4-otworow-z-10-stal-sprezynowa\\\/\",\"url\":\"https:\\\/\\\/exparto.pl\\\/sk\\\/produkt\\\/talerz-do-talerzowki-560-mm-x-5-mm-uzebiony-4-otworow-z-10-stal-sprezynowa\\\/\",\"name\":\"Talerz do talerz\u00f3wki 560 mm x 5 mm, uz\u0119biony, 4 otwor\u00f3w, Z-10, stal spr\u0119\u017cynowa - Exparto.pl\",\"isPartOf\":{\"@id\":\"https:\\\/\\\/exparto.pl\\\/sk\\\/#website\"},\"primaryImageOfPage\":{\"@id\":\"https:\\\/\\\/exparto.pl\\\/sk\\\/produkt\\\/talerz-do-talerzowki-560-mm-x-5-mm-uzebiony-4-otworow-z-10-stal-sprezynowa\\\/#primaryimage\"},\"image\":{\"@id\":\"https:\\\/\\\/exparto.pl\\\/sk\\\/produkt\\\/talerz-do-talerzowki-560-mm-x-5-mm-uzebiony-4-otworow-z-10-stal-sprezynowa\\\/#primaryimage\"},\"thumbnailUrl\":\"https:\\\/\\\/exparto.pl\\\/wp-content\\\/uploads\\\/2026\\\/05\\\/131782ad8e81c0e857b2e95f25a028b1.jpg\",\"datePublished\":\"2026-05-14T08:33:52+00:00\",\"dateModified\":\"2026-05-14T08:50:25+00:00\",\"breadcrumb\":{\"@id\":\"https:\\\/\\\/exparto.pl\\\/sk\\\/produkt\\\/talerz-do-talerzowki-560-mm-x-5-mm-uzebiony-4-otworow-z-10-stal-sprezynowa\\\/#breadcrumb\"},\"inLanguage\":\"sk-SK\",\"potentialAction\":[{\"@type\":\"ReadAction\",\"target\":[\"https:\\\/\\\/exparto.pl\\\/sk\\\/produkt\\\/talerz-do-talerzowki-560-mm-x-5-mm-uzebiony-4-otworow-z-10-stal-sprezynowa\\\/\"]}]},{\"@type\":\"ImageObject\",\"inLanguage\":\"sk-SK\",\"@id\":\"https:\\\/\\\/exparto.pl\\\/sk\\\/produkt\\\/talerz-do-talerzowki-560-mm-x-5-mm-uzebiony-4-otworow-z-10-stal-sprezynowa\\\/#primaryimage\",\"url\":\"https:\\\/\\\/exparto.pl\\\/wp-content\\\/uploads\\\/2026\\\/05\\\/131782ad8e81c0e857b2e95f25a028b1.jpg\",\"contentUrl\":\"https:\\\/\\\/exparto.pl\\\/wp-content\\\/uploads\\\/2026\\\/05\\\/131782ad8e81c0e857b2e95f25a028b1.jpg\",\"width\":1200,\"height\":1200,\"caption\":\"1d56f1f33c29ea8f6f6898134f533cf6\"},{\"@type\":\"BreadcrumbList\",\"@id\":\"https:\\\/\\\/exparto.pl\\\/sk\\\/produkt\\\/talerz-do-talerzowki-560-mm-x-5-mm-uzebiony-4-otworow-z-10-stal-sprezynowa\\\/#breadcrumb\",\"itemListElement\":[{\"@type\":\"ListItem\",\"position\":1,\"name\":\"Domovsk\u00e1 str\u00e1nka\",\"item\":\"https:\\\/\\\/exparto.pl\\\/sk\\\/domovska-stranka\\\/\"},{\"@type\":\"ListItem\",\"position\":2,\"name\":\"Sklep\",\"item\":\"https:\\\/\\\/exparto.pl\\\/sklep\\\/\"},{\"@type\":\"ListItem\",\"position\":3,\"name\":\"Obr\u00e1banie p\u00f4dy\",\"item\":\"https:\\\/\\\/exparto.pl\\\/sk\\\/kategoria-produktov\\\/obrabanie-pody\\\/\"},{\"@type\":\"ListItem\",\"position\":4,\"name\":\"Kultiva\u010dn\u00e9 disky\",\"item\":\"https:\\\/\\\/exparto.pl\\\/sk\\\/kategoria-produktov\\\/obrabanie-pody\\\/kultivacne-disky\\\/\"},{\"@type\":\"ListItem\",\"position\":5,\"name\":\"560 mm disky\",\"item\":\"https:\\\/\\\/exparto.pl\\\/sk\\\/kategoria-produktov\\\/obrabanie-pody\\\/kultivacne-disky\\\/560-mm-disky\\\/\"},{\"@type\":\"ListItem\",\"position\":6,\"name\":\"Talerz do talerz\u00f3wki 560 mm x 5 mm, uz\u0119biony, 4 otwor\u00f3w, Z-10, stal spr\u0119\u017cynowa\"}]},{\"@type\":\"WebSite\",\"@id\":\"https:\\\/\\\/exparto.pl\\\/sk\\\/#website\",\"url\":\"https:\\\/\\\/exparto.pl\\\/sk\\\/\",\"name\":\"EXPARTO\",\"description\":\"More than agro parts\",\"publisher\":{\"@id\":\"https:\\\/\\\/exparto.pl\\\/sk\\\/#organization\"},\"potentialAction\":[{\"@type\":\"SearchAction\",\"target\":{\"@type\":\"EntryPoint\",\"urlTemplate\":\"https:\\\/\\\/exparto.pl\\\/sk\\\/?s={search_term_string}\"},\"query-input\":{\"@type\":\"PropertyValueSpecification\",\"valueRequired\":true,\"valueName\":\"search_term_string\"}}],\"inLanguage\":\"sk-SK\"},{\"@type\":\"Organization\",\"@id\":\"https:\\\/\\\/exparto.pl\\\/sk\\\/#organization\",\"name\":\"EXPARTO\",\"url\":\"https:\\\/\\\/exparto.pl\\\/sk\\\/\",\"logo\":{\"@type\":\"ImageObject\",\"inLanguage\":\"sk-SK\",\"@id\":\"https:\\\/\\\/exparto.pl\\\/sk\\\/#\\\/schema\\\/logo\\\/image\\\/\",\"url\":\"https:\\\/\\\/exparto.pl\\\/wp-content\\\/uploads\\\/2023\\\/02\\\/logo-wektor.png\",\"contentUrl\":\"https:\\\/\\\/exparto.pl\\\/wp-content\\\/uploads\\\/2023\\\/02\\\/logo-wektor.png\",\"width\":1338,\"height\":143,\"caption\":\"EXPARTO\"},\"image\":{\"@id\":\"https:\\\/\\\/exparto.pl\\\/sk\\\/#\\\/schema\\\/logo\\\/image\\\/\"},\"sameAs\":[\"https:\\\/\\\/www.facebook.com\\\/exparto.agro\\\/\"]}]}<\/script>\n<!-- \/ Yoast SEO plugin. -->","yoast_head_json":{"title":"Talerz do talerz\u00f3wki 560 mm x 5 mm, uz\u0119biony, 4 otwor\u00f3w, Z-10, stal spr\u0119\u017cynowa - Exparto.pl","robots":{"index":"index","follow":"follow","max-snippet":"max-snippet:-1","max-image-preview":"max-image-preview:large","max-video-preview":"max-video-preview:-1"},"canonical":"https:\/\/exparto.pl\/sk\/produkt\/talerz-do-talerzowki-560-mm-x-5-mm-uzebiony-4-otworow-z-10-stal-sprezynowa\/","og_locale":"sk_SK","og_type":"article","og_title":"Talerz do talerz\u00f3wki 560 mm x 5 mm, uz\u0119biony, 4 otwor\u00f3w, Z-10, stal spr\u0119\u017cynowa - Exparto.pl","og_description":"Talerze rolnicze EXPARTO do uprawy w technologii uproszczonej przy u\u017cyciu agregat\u00f3w i bron talerzowych. Uwzgl\u0119dniaj\u0105 rodzaj prac polowych czy specyfik\u0119 gleby. Gwarantuj\u0105 spokojn\u0105 i wydajn\u0105 prac\u0119.","og_url":"https:\/\/exparto.pl\/sk\/produkt\/talerz-do-talerzowki-560-mm-x-5-mm-uzebiony-4-otworow-z-10-stal-sprezynowa\/","og_site_name":"Exparto.pl","article_publisher":"https:\/\/www.facebook.com\/exparto.agro\/","article_modified_time":"2026-05-14T08:50:25+00:00","og_image":[{"width":1200,"height":1200,"url":"https:\/\/exparto.pl\/wp-content\/uploads\/2026\/05\/131782ad8e81c0e857b2e95f25a028b1.jpg","type":"image\/jpeg"}],"twitter_card":"summary_large_image","twitter_misc":{"Predpokladan\u00fd \u010das \u010d\u00edtania":"2 min\u00faty"},"schema":{"@context":"https:\/\/schema.org","@graph":[{"@type":"WebPage","@id":"https:\/\/exparto.pl\/sk\/produkt\/talerz-do-talerzowki-560-mm-x-5-mm-uzebiony-4-otworow-z-10-stal-sprezynowa\/","url":"https:\/\/exparto.pl\/sk\/produkt\/talerz-do-talerzowki-560-mm-x-5-mm-uzebiony-4-otworow-z-10-stal-sprezynowa\/","name":"Talerz do talerz\u00f3wki 560 mm x 5 mm, uz\u0119biony, 4 otwor\u00f3w, Z-10, stal spr\u0119\u017cynowa - Exparto.pl","isPartOf":{"@id":"https:\/\/exparto.pl\/sk\/#website"},"primaryImageOfPage":{"@id":"https:\/\/exparto.pl\/sk\/produkt\/talerz-do-talerzowki-560-mm-x-5-mm-uzebiony-4-otworow-z-10-stal-sprezynowa\/#primaryimage"},"image":{"@id":"https:\/\/exparto.pl\/sk\/produkt\/talerz-do-talerzowki-560-mm-x-5-mm-uzebiony-4-otworow-z-10-stal-sprezynowa\/#primaryimage"},"thumbnailUrl":"https:\/\/exparto.pl\/wp-content\/uploads\/2026\/05\/131782ad8e81c0e857b2e95f25a028b1.jpg","datePublished":"2026-05-14T08:33:52+00:00","dateModified":"2026-05-14T08:50:25+00:00","breadcrumb":{"@id":"https:\/\/exparto.pl\/sk\/produkt\/talerz-do-talerzowki-560-mm-x-5-mm-uzebiony-4-otworow-z-10-stal-sprezynowa\/#breadcrumb"},"inLanguage":"sk-SK","potentialAction":[{"@type":"ReadAction","target":["https:\/\/exparto.pl\/sk\/produkt\/talerz-do-talerzowki-560-mm-x-5-mm-uzebiony-4-otworow-z-10-stal-sprezynowa\/"]}]},{"@type":"ImageObject","inLanguage":"sk-SK","@id":"https:\/\/exparto.pl\/sk\/produkt\/talerz-do-talerzowki-560-mm-x-5-mm-uzebiony-4-otworow-z-10-stal-sprezynowa\/#primaryimage","url":"https:\/\/exparto.pl\/wp-content\/uploads\/2026\/05\/131782ad8e81c0e857b2e95f25a028b1.jpg","contentUrl":"https:\/\/exparto.pl\/wp-content\/uploads\/2026\/05\/131782ad8e81c0e857b2e95f25a028b1.jpg","width":1200,"height":1200,"caption":"1d56f1f33c29ea8f6f6898134f533cf6"},{"@type":"BreadcrumbList","@id":"https:\/\/exparto.pl\/sk\/produkt\/talerz-do-talerzowki-560-mm-x-5-mm-uzebiony-4-otworow-z-10-stal-sprezynowa\/#breadcrumb","itemListElement":[{"@type":"ListItem","position":1,"name":"Domovsk\u00e1 str\u00e1nka","item":"https:\/\/exparto.pl\/sk\/domovska-stranka\/"},{"@type":"ListItem","position":2,"name":"Sklep","item":"https:\/\/exparto.pl\/sklep\/"},{"@type":"ListItem","position":3,"name":"Obr\u00e1banie p\u00f4dy","item":"https:\/\/exparto.pl\/sk\/kategoria-produktov\/obrabanie-pody\/"},{"@type":"ListItem","position":4,"name":"Kultiva\u010dn\u00e9 disky","item":"https:\/\/exparto.pl\/sk\/kategoria-produktov\/obrabanie-pody\/kultivacne-disky\/"},{"@type":"ListItem","position":5,"name":"560 mm disky","item":"https:\/\/exparto.pl\/sk\/kategoria-produktov\/obrabanie-pody\/kultivacne-disky\/560-mm-disky\/"},{"@type":"ListItem","position":6,"name":"Talerz do talerz\u00f3wki 560 mm x 5 mm, uz\u0119biony, 4 otwor\u00f3w, Z-10, stal spr\u0119\u017cynowa"}]},{"@type":"WebSite","@id":"https:\/\/exparto.pl\/sk\/#website","url":"https:\/\/exparto.pl\/sk\/","name":"EXPARTO","description":"More than agro parts","publisher":{"@id":"https:\/\/exparto.pl\/sk\/#organization"},"potentialAction":[{"@type":"SearchAction","target":{"@type":"EntryPoint","urlTemplate":"https:\/\/exparto.pl\/sk\/?s={search_term_string}"},"query-input":{"@type":"PropertyValueSpecification","valueRequired":true,"valueName":"search_term_string"}}],"inLanguage":"sk-SK"},{"@type":"Organization","@id":"https:\/\/exparto.pl\/sk\/#organization","name":"EXPARTO","url":"https:\/\/exparto.pl\/sk\/","logo":{"@type":"ImageObject","inLanguage":"sk-SK","@id":"https:\/\/exparto.pl\/sk\/#\/schema\/logo\/image\/","url":"https:\/\/exparto.pl\/wp-content\/uploads\/2023\/02\/logo-wektor.png","contentUrl":"https:\/\/exparto.pl\/wp-content\/uploads\/2023\/02\/logo-wektor.png","width":1338,"height":143,"caption":"EXPARTO"},"image":{"@id":"https:\/\/exparto.pl\/sk\/#\/schema\/logo\/image\/"},"sameAs":["https:\/\/www.facebook.com\/exparto.agro\/"]}]}},"_links":{"self":[{"href":"https:\/\/exparto.pl\/sk\/wp-json\/wp\/v2\/product\/66638","targetHints":{"allow":["GET"]}}],"collection":[{"href":"https:\/\/exparto.pl\/sk\/wp-json\/wp\/v2\/product"}],"about":[{"href":"https:\/\/exparto.pl\/sk\/wp-json\/wp\/v2\/types\/product"}],"replies":[{"embeddable":true,"href":"https:\/\/exparto.pl\/sk\/wp-json\/wp\/v2\/comments?post=66638"}],"wp:featuredmedia":[{"embeddable":true,"href":"https:\/\/exparto.pl\/sk\/wp-json\/wp\/v2\/media\/66623"}],"wp:attachment":[{"href":"https:\/\/exparto.pl\/sk\/wp-json\/wp\/v2\/media?parent=66638"}],"wp:term":[{"taxonomy":"product_brand","embeddable":true,"href":"https:\/\/exparto.pl\/sk\/wp-json\/wp\/v2\/product_brand?post=66638"},{"taxonomy":"product_cat","embeddable":true,"href":"https:\/\/exparto.pl\/sk\/wp-json\/wp\/v2\/product_cat?post=66638"},{"taxonomy":"product_tag","embeddable":true,"href":"https:\/\/exparto.pl\/sk\/wp-json\/wp\/v2\/product_tag?post=66638"}],"curies":[{"name":"wp","href":"https:\/\/api.w.org\/{rel}","templated":true}]}}